{"id":759002,"date":"2025-08-28T08:21:58","date_gmt":"2025-08-28T05:21:58","guid":{"rendered":"https:\/\/roveyayinevi.com.tr\/index.php\/urun\/en-el-ask\/"},"modified":"2026-04-16T03:11:51","modified_gmt":"2026-04-16T00:11:51","slug":"en-el-ask","status":"publish","type":"product","link":"https:\/\/roveyayinevi.com.tr\/index.php\/urun\/en-el-ask\/","title":{"rendered":"En El A\u015fk"},"content":{"rendered":"<p>Birini bulmakla, birbirini bulmak farkl\u0131d\u0131r. Biz birbirimizi bulmu\u015f iki a\u015f\u0131k yazd\u0131k da yazd\u0131k. Kalpten kalbe bir yol a\u00e7t\u0131k. O yol u\u011fruna nice ac\u0131ya katland\u0131k.   \u201c\u015eiir g\u00fcndelik dilin yan\u0131nda ikinci bir dil bulmak ve onunla yazmakt\u0131r.\u201d \u0130lhan Berk   Ki; sanmam ki insan bu ikinci dile aramakla ula\u015fs\u0131n. \u00c7\u00fcnk\u00fc a\u015fk ke\u015fiftir. En \u00e7ok kendini ke\u015ffeder, en \u00e7ok kendi \u201cod\u201dunda yanars\u0131n.   Biz iki a\u015f\u0131k ku\u015fand\u0131\u011f\u0131m\u0131z a\u015fk i\u00e7inde ke\u015ffetti\u011fimiz bu ikinci dille k\u00fcllerimizden do\u011fan yeni bir biz yaratt\u0131k.   Elimiz de yand\u0131, tenimiz de, benli\u011fimiz de&#8230; \u201cAc\u0131mak?\u201d Biz elbette ki ac\u0131dan yand\u0131k.   Elinizdeki bu kitap En El A\u015fk serisinin \u201ca\u015fk\u201da yaz\u0131lm\u0131\u015f \u015fiirlerinden bir se\u00e7kiyi saklar. Tam da bu nedenle kitaba \u00f6z T\u00fcrk\u00e7ede \u2018emir\u2019 ve \u2018ferman\u2019 anlam\u0131na gelen \u201cB\u2018a\u015fk\u2019al\u201d  ismini verdik. *A\u015fk\u0131m\u0131z\u0131n \u2018ferman\u2019 h\u00e2li demek i\u00e7in.   \u015eimdi ba\u015fka s\u00f6zler laz\u0131m bize&#8230; \u2018A\u015fk\u2019a s\u00f6ylenmi\u015f b\u2018a\u015fk\u2019a s\u00f6zler&#8230; Ba\u015fka s\u00f6zler laz\u0131m bize b\u2019a\u015fk\u2019al olmak \u00fczere&#8230;   Hadi siz de d\u00fc\u015f\u00fcn a\u015fka. Yan\u0131n a\u015fk\u0131n odunda. Ne de olsa a\u015fk b\u201ca\u015fk\u201da!.. A\u015fk bi\u2019ba\u015fka&#8230; <\/p>\n","protected":false},"excerpt":{"rendered":"<p>Birini bulmakla, birbirini bulmak farkl\u0131d\u0131r. Biz birbirimizi bulmu\u015f iki a\u015f\u0131k yazd\u0131k da yazd\u0131k. Kalpten kalbe bir yol a\u00e7t\u0131k. O yol u\u011fruna nice ac\u0131ya katland\u0131k. \u201c\u015eiir g\u00fcndelik<span class=\"excerpt-hellip\"> [\u2026]<\/span><\/p>\n","protected":false},"featured_media":0,"template":"","meta":{"_monsterinsights_skip_tracking":false,"_monsterinsights_sitenote_active":false,"_monsterinsights_sitenote_note":"","_monsterinsights_sitenote_category":0},"product_brand":[],"product_cat":[12291,12509],"product_tag":[],"class_list":{"0":"post-759002","1":"product","2":"type-product","3":"status-publish","5":"product_cat-edebiyat","6":"product_cat-siir","7":"pa_cilt-ciltsiz","8":"pa_tur-kitap","9":"pa_yayinevi-imbik-yayinlari","10":"pa_yazar-funda-ozyurt","12":"first","13":"instock","14":"sale","15":"shipping-taxable","16":"purchasable","17":"product-type-simple"},"_links":{"self":[{"href":"https:\/\/roveyayinevi.com.tr\/index.php\/wp-json\/wp\/v2\/product\/759002","targetHints":{"allow":["GET"]}}],"collection":[{"href":"https:\/\/roveyayinevi.com.tr\/index.php\/wp-json\/wp\/v2\/product"}],"about":[{"href":"https:\/\/roveyayinevi.com.tr\/index.php\/wp-json\/wp\/v2\/types\/product"}],"wp:attachment":[{"href":"https:\/\/roveyayinevi.com.tr\/index.php\/wp-json\/wp\/v2\/media?parent=759002"}],"wp:term":[{"taxonomy":"product_brand","embeddable":true,"href":"https:\/\/roveyayinevi.com.tr\/index.php\/wp-json\/wp\/v2\/product_brand?post=759002"},{"taxonomy":"product_cat","embeddable":true,"href":"https:\/\/roveyayinevi.com.tr\/index.php\/wp-json\/wp\/v2\/product_cat?post=759002"},{"taxonomy":"product_tag","embeddable":true,"href":"https:\/\/roveyayinevi.com.tr\/index.php\/wp-json\/wp\/v2\/product_tag?post=759002"}],"curies":[{"name":"wp","href":"https:\/\/api.w.org\/{rel}","templated":true}]}}