{"id":759000,"date":"2025-08-28T08:21:54","date_gmt":"2025-08-28T05:21:54","guid":{"rendered":"https:\/\/roveyayinevi.com.tr\/index.php\/urun\/e-ma-cocuklari\/"},"modified":"2026-04-16T03:11:51","modified_gmt":"2026-04-16T00:11:51","slug":"e-ma-cocuklari","status":"publish","type":"product","link":"https:\/\/roveyayinevi.com.tr\/index.php\/urun\/e-ma-cocuklari\/","title":{"rendered":"E-MA \u00c7ocuklar\u0131"},"content":{"rendered":"<p>Kurallar karelere benzer.D\u00f6rt kenar\u0131 e\u015fittir, de\u011fi\u015fmez.Marsel bir kaps\u00fclde belli kurallara uyarak ya\u015famakta; her g\u00fcn kaps\u00fcl\u00fcn i\u00e7indeki Altd\u00fcnya&#8217;dan asans\u00f6rle \u00dcstd\u00fcnya&#8217;ya \u00e7\u0131k\u0131p macera dolu oyunlar oynamaktad\u0131r. Hayat\u0131nda \u00dcstd\u00fcnya&#8217;daki oyun arkada\u015f\u0131 Jaja&#8217;dan ve kaps\u00fcl\u00fcn yapay zek\u00e2s\u0131 E-ma&#8217;dan ba\u015fka kimse yoktur.Altd\u00fcnya&#8217;n\u0131n bah\u00e7esindeki \u00e7e\u015fitli canl\u0131larla ilgili ara\u015ft\u0131rmalar yapabilen Marsel, kendi t\u00fcr\u00fcyle ilgili hi\u00e7bir \u015fey bilmemektedir. Ta ki bir g\u00fcn asans\u00f6r\u00fcn hi\u00e7 a\u00e7\u0131lmayan di\u011fer kap\u0131s\u0131 a\u00e7\u0131lana ve Marsel y\u0131llard\u0131r i\u00e7inde ya\u015fad\u0131\u011f\u0131 duvarlar\u0131n ard\u0131ndaki ger\u00e7e\u011fi ke\u015ffedene dek.\u00d6d\u00fcll\u00fc yazar Dilge G\u00fcney, E-MA \u00c7ocuklar\u0131&#8217;nda okuru sanal ger\u00e7ekli\u011fin, yapay zek\u00e2n\u0131n ve gelece\u011fin bilinmez d\u00fcnyas\u0131n\u0131n i\u00e7inde esrarengiz bir gezintiye davet ediyor.<\/p>\n","protected":false},"excerpt":{"rendered":"<p>Kurallar karelere benzer.D\u00f6rt kenar\u0131 e\u015fittir, de\u011fi\u015fmez.Marsel bir kaps\u00fclde belli kurallara uyarak ya\u015famakta; her g\u00fcn kaps\u00fcl\u00fcn i\u00e7indeki Altd\u00fcnya&#8217;dan asans\u00f6rle \u00dcstd\u00fcnya&#8217;ya \u00e7\u0131k\u0131p macera dolu oyunlar oynamaktad\u0131r. Hayat\u0131nda \u00dcstd\u00fcnya&#8217;daki<span class=\"excerpt-hellip\"> [\u2026]<\/span><\/p>\n","protected":false},"featured_media":0,"template":"","meta":{"_monsterinsights_skip_tracking":false,"_monsterinsights_sitenote_active":false,"_monsterinsights_sitenote_note":"","_monsterinsights_sitenote_category":0},"product_brand":[],"product_cat":[12274],"product_tag":[],"class_list":{"0":"post-759000","1":"product","2":"type-product","3":"status-publish","5":"product_cat-cocuk-ve-genclik-kitaplari","6":"pa_cilt-ciltsiz","7":"pa_tur-kitap","8":"pa_yayinevi-altin-kitaplar-ozel-urun","9":"pa_yazar-dilge-guney","11":"first","12":"instock","13":"sale","14":"shipping-taxable","15":"purchasable","16":"product-type-simple"},"_links":{"self":[{"href":"https:\/\/roveyayinevi.com.tr\/index.php\/wp-json\/wp\/v2\/product\/759000","targetHints":{"allow":["GET"]}}],"collection":[{"href":"https:\/\/roveyayinevi.com.tr\/index.php\/wp-json\/wp\/v2\/product"}],"about":[{"href":"https:\/\/roveyayinevi.com.tr\/index.php\/wp-json\/wp\/v2\/types\/product"}],"wp:attachment":[{"href":"https:\/\/roveyayinevi.com.tr\/index.php\/wp-json\/wp\/v2\/media?parent=759000"}],"wp:term":[{"taxonomy":"product_brand","embeddable":true,"href":"https:\/\/roveyayinevi.com.tr\/index.php\/wp-json\/wp\/v2\/product_brand?post=759000"},{"taxonomy":"product_cat","embeddable":true,"href":"https:\/\/roveyayinevi.com.tr\/index.php\/wp-json\/wp\/v2\/product_cat?post=759000"},{"taxonomy":"product_tag","embeddable":true,"href":"https:\/\/roveyayinevi.com.tr\/index.php\/wp-json\/wp\/v2\/product_tag?post=759000"}],"curies":[{"name":"wp","href":"https:\/\/api.w.org\/{rel}","templated":true}]}}