{"id":758999,"date":"2025-08-28T08:21:53","date_gmt":"2025-08-28T05:21:53","guid":{"rendered":"https:\/\/roveyayinevi.com.tr\/index.php\/urun\/kedi-cocuk-2-cizgi-roman-kulubu-perspektif\/"},"modified":"2026-04-16T03:11:51","modified_gmt":"2026-04-16T00:11:51","slug":"kedi-cocuk-2-cizgi-roman-kulubu-perspektif","status":"publish","type":"product","link":"https:\/\/roveyayinevi.com.tr\/index.php\/urun\/kedi-cocuk-2-cizgi-roman-kulubu-perspektif\/","title":{"rendered":"Kedi \u00c7ocuk &#8211; 2 \u00c7izgi Roman Kul\u00fcb\u00fc Perspektif"},"content":{"rendered":"<p>K\u00f6pek Adam ve Kaptan D\u00fc\u015f\u00fckdonserilerinin uluslararas\u0131 \u00e7ok satanyazar\u0131 ve \u00e7izeri Dav Pilkey&#8217;denyine a\u015f\u0131r\u0131 komik bir \u00e7izgi roman serisi!Flippy, Molly, K\u00fc\u00e7\u00fck Petey ve yirmi bir kurba\u011fa yavrusunun s\u00f6yleyecek mutlaka bir \u015feyleri var. Fakat Naomi ve Melvin onlarla ayn\u0131 fikirde de\u011filler ve Poppy d\u00fcnyay\u0131 karde\u015flerinden farkl\u0131 alg\u0131l\u0131yor&#8230; Yani hepsinin bak\u0131\u015f a\u00e7\u0131s\u0131 farkl\u0131. B\u00fct\u00fcn bu zorluklara ra\u011fmen yavru kurba\u011falar birlikte nas\u0131l \u00e7al\u0131\u015facaklar\u0131- n\u0131 hem s\u0131n\u0131f i\u00e7inde hem de s\u0131n\u0131f d\u0131\u015f\u0131nda birbirlerinin bak\u0131\u015f a\u00e7\u0131lar\u0131na nas\u0131l sayg\u0131 duymalar\u0131 gerekti\u011fini \u00f6\u011frenebilecekler mi? Minik yaramazlar \u00e7izgi romanlar\u0131n\u0131 yazmaya devam ederken bizleri de bol kahkahal\u0131 ve bol maceral\u0131 bir \u00f6yk\u00fcn\u00fcn i\u00e7ine \u00e7ekiyorlar.<\/p>\n","protected":false},"excerpt":{"rendered":"<p>K\u00f6pek Adam ve Kaptan D\u00fc\u015f\u00fckdonserilerinin uluslararas\u0131 \u00e7ok satanyazar\u0131 ve \u00e7izeri Dav Pilkey&#8217;denyine a\u015f\u0131r\u0131 komik bir \u00e7izgi roman serisi!Flippy, Molly, K\u00fc\u00e7\u00fck Petey ve yirmi bir kurba\u011fa yavrusunun<span class=\"excerpt-hellip\"> [\u2026]<\/span><\/p>\n","protected":false},"featured_media":0,"template":"","meta":{"_monsterinsights_skip_tracking":false,"_monsterinsights_sitenote_active":false,"_monsterinsights_sitenote_note":"","_monsterinsights_sitenote_category":0},"product_brand":[],"product_cat":[12689,12274],"product_tag":[],"class_list":{"0":"post-758999","1":"product","2":"type-product","3":"status-publish","5":"product_cat-cizgi-roman-cocuk-ve-genclik-kitaplari","6":"product_cat-cocuk-ve-genclik-kitaplari","7":"pa_cilt-ciltsiz","8":"pa_tur-kitap","9":"pa_yayinevi-altin-kitaplar-cocuk-kitaplari","10":"pa_yazar-dav-pilkey","12":"first","13":"instock","14":"sale","15":"shipping-taxable","16":"purchasable","17":"product-type-simple"},"_links":{"self":[{"href":"https:\/\/roveyayinevi.com.tr\/index.php\/wp-json\/wp\/v2\/product\/758999","targetHints":{"allow":["GET"]}}],"collection":[{"href":"https:\/\/roveyayinevi.com.tr\/index.php\/wp-json\/wp\/v2\/product"}],"about":[{"href":"https:\/\/roveyayinevi.com.tr\/index.php\/wp-json\/wp\/v2\/types\/product"}],"wp:attachment":[{"href":"https:\/\/roveyayinevi.com.tr\/index.php\/wp-json\/wp\/v2\/media?parent=758999"}],"wp:term":[{"taxonomy":"product_brand","embeddable":true,"href":"https:\/\/roveyayinevi.com.tr\/index.php\/wp-json\/wp\/v2\/product_brand?post=758999"},{"taxonomy":"product_cat","embeddable":true,"href":"https:\/\/roveyayinevi.com.tr\/index.php\/wp-json\/wp\/v2\/product_cat?post=758999"},{"taxonomy":"product_tag","embeddable":true,"href":"https:\/\/roveyayinevi.com.tr\/index.php\/wp-json\/wp\/v2\/product_tag?post=758999"}],"curies":[{"name":"wp","href":"https:\/\/api.w.org\/{rel}","templated":true}]}}