{"id":758998,"date":"2025-08-28T08:21:51","date_gmt":"2025-08-28T05:21:51","guid":{"rendered":"https:\/\/roveyayinevi.com.tr\/index.php\/urun\/karanlikta-parlayanlar\/"},"modified":"2026-04-16T03:11:51","modified_gmt":"2026-04-16T00:11:51","slug":"karanlikta-parlayanlar","status":"publish","type":"product","link":"https:\/\/roveyayinevi.com.tr\/index.php\/urun\/karanlikta-parlayanlar\/","title":{"rendered":"Karanl\u0131kta Parlayanlar"},"content":{"rendered":"<p>En derin korkular\u0131n\u0131zla y\u00fczle\u015fmeye haz\u0131r m\u0131s\u0131n\u0131z? \u00d6yleyse Karanl\u0131kta Parlayanlar tam size g\u00f6re\u2026Stephen King haber sitesi Lilja&#8217;s Library&#8217;nin 20. y\u0131l\u0131n\u0131 kutlamak i\u00e7in korku edebiyat\u0131n\u0131n 13 usta yazar\u0131ndan t\u00fcyler \u00fcrpertici 12 hik\u00e2ye bu kitapta topland\u0131&#8230;Korku edebiyat\u0131n\u0131n en yetenekli y\u00fczlerini bir araya getiren ve sizleri unutulmaz bir yolculu\u011fa \u00e7\u0131karan antolojide her sayfada yeni bir s\u00fcrprizle kar\u015f\u0131la\u015facaks\u0131n\u0131z. Bazen korkacak, bazen rahats\u0131z olacak, bazen de sinirleneceksiniz.Her yazar kendi benzersiz sesiyle k\u00e2buslar\u0131n\u0131za yeni bir boyut katacak. King&#8217;in klasik karanl\u0131k atmosferi Edgar Allan Poe, Clive Barker, Jack Ketchum, John Ajvide Lindqvist ve di\u011fer yazarlar\u0131n eserleriyle birle\u015ferek okuyucuyu adeta b\u00fcy\u00fcleyici bir labirente \u00e7ekecek.Zihninizin karanl\u0131k k\u00f6\u015felerinde saklanan korkulara dokunacak bu \u00f6yk\u00fclerle ger\u00e7ek ve hayal aras\u0131nda ince bir \u00e7izgide y\u00fcr\u00fcyeceksiniz.Karanl\u0131kta parlayan \u00f6yk\u00fcler sizi bekliyor.<\/p>\n","protected":false},"excerpt":{"rendered":"<p>En derin korkular\u0131n\u0131zla y\u00fczle\u015fmeye haz\u0131r m\u0131s\u0131n\u0131z? \u00d6yleyse Karanl\u0131kta Parlayanlar tam size g\u00f6re\u2026Stephen King haber sitesi Lilja&#8217;s Library&#8217;nin 20. y\u0131l\u0131n\u0131 kutlamak i\u00e7in korku edebiyat\u0131n\u0131n 13 usta yazar\u0131ndan<span class=\"excerpt-hellip\"> [\u2026]<\/span><\/p>\n","protected":false},"featured_media":0,"template":"","meta":{"_monsterinsights_skip_tracking":false,"_monsterinsights_sitenote_active":false,"_monsterinsights_sitenote_note":"","_monsterinsights_sitenote_category":0},"product_brand":[],"product_cat":[12291,17033],"product_tag":[],"class_list":{"0":"post-758998","1":"product","2":"type-product","3":"status-publish","5":"product_cat-edebiyat","6":"product_cat-korku-gerilim","7":"pa_cilt-ciltsiz","8":"pa_tur-kitap","9":"pa_yayinevi-altin-kitaplar","10":"pa_yazar-hans-ake-lilja","12":"first","13":"instock","14":"sale","15":"shipping-taxable","16":"purchasable","17":"product-type-simple"},"_links":{"self":[{"href":"https:\/\/roveyayinevi.com.tr\/index.php\/wp-json\/wp\/v2\/product\/758998","targetHints":{"allow":["GET"]}}],"collection":[{"href":"https:\/\/roveyayinevi.com.tr\/index.php\/wp-json\/wp\/v2\/product"}],"about":[{"href":"https:\/\/roveyayinevi.com.tr\/index.php\/wp-json\/wp\/v2\/types\/product"}],"wp:attachment":[{"href":"https:\/\/roveyayinevi.com.tr\/index.php\/wp-json\/wp\/v2\/media?parent=758998"}],"wp:term":[{"taxonomy":"product_brand","embeddable":true,"href":"https:\/\/roveyayinevi.com.tr\/index.php\/wp-json\/wp\/v2\/product_brand?post=758998"},{"taxonomy":"product_cat","embeddable":true,"href":"https:\/\/roveyayinevi.com.tr\/index.php\/wp-json\/wp\/v2\/product_cat?post=758998"},{"taxonomy":"product_tag","embeddable":true,"href":"https:\/\/roveyayinevi.com.tr\/index.php\/wp-json\/wp\/v2\/product_tag?post=758998"}],"curies":[{"name":"wp","href":"https:\/\/api.w.org\/{rel}","templated":true}]}}