{"id":758995,"date":"2025-08-28T08:21:45","date_gmt":"2025-08-28T05:21:45","guid":{"rendered":"https:\/\/roveyayinevi.com.tr\/index.php\/urun\/bu-nasil-mucit\/"},"modified":"2026-04-08T03:20:18","modified_gmt":"2026-04-08T00:20:18","slug":"bu-nasil-mucit","status":"publish","type":"product","link":"https:\/\/roveyayinevi.com.tr\/index.php\/urun\/bu-nasil-mucit\/","title":{"rendered":"Bu Nas\u0131l Mucit?"},"content":{"rendered":"<p>Bir mucit ba\u015fka bir mucide harika bir icad\u0131m var demi\u015f&#8230; Ah, ke\u015fke demez olsaym\u0131\u015f!Nuri Kurucu, fantastik fikirlerini k\u0131vrak kalemiyle bulu\u015fturdu\u011fu Zamangezer Yatak&#8217;\u0131n devam ser\u00fcveni Bu Nas\u0131l Mucit?&#8217;te, mizahtaki ustal\u0131\u011f\u0131n\u0131 bu kez arkada\u015f ili\u015fkileri \u00fcst\u00fcne konu\u015fturuyor; iyiyle k\u00f6t\u00fcy\u00fc yanl\u0131\u015f yerde ve yanl\u0131\u015f zamanda kar\u015f\u0131 kar\u015f\u0131ya getiriyor.   Ak\u0131llara durgunluk veren baz\u0131 \u00e7ok bilimsel s\u0131rlar\u0131n g\u00f6lgesinde y\u00fckselen \u015fa\u015f\u0131rt\u0131c\u0131 bir rekabet \u00f6yk\u00fcs\u00fcn\u00fc konu edinen kitap, fikir h\u0131rs\u0131zl\u0131\u011f\u0131na de\u011finerek taklitler asl\u0131n\u0131 ya\u015fat\u0131r g\u00f6r\u00fc\u015f\u00fcn\u00fc destekliyor.H\u0131rsla al\u0131nan kararlar\u0131n ve umursamazca at\u0131lan ad\u0131mlar\u0131n sonu\u00e7lar\u0131n\u0131n ka\u00e7\u0131n\u0131lmaz oldu\u011funu hat\u0131rlatan yazar, iflah olmaz bir k\u00f6t\u00fcn\u00fcn iyi birine d\u00f6n\u00fc\u015febilme olas\u0131l\u0131\u011f\u0131 hakk\u0131nda d\u00fc\u015f\u00fcnd\u00fcr\u00fcyor.Bayan H\u0131rsl\u0131 k\u00f6t\u00fc bir mucitti.Elinde, sonsuza kadar s\u00fcrecek bir pop\u00fclerli\u011fin anahtar\u0131n\u0131 tutuyordu. \u0130lk arabay\u0131 tasarlayabilir ve hatta Edison&#8217;dan bile \u00f6nce ampul\u00fc bulabilirdi! Ne Newton, ne Ar\u015fimet ne de Graham Bell art\u0131k onunla boy \u00f6l\u00e7\u00fc\u015febilirdi. Tarih d\u00fcnyay\u0131 de\u011fi\u015ftiren ve geli\u015ftiren icatlar\u0131yla ilelebet onu anacakt\u0131. T\u00fcm gazeteler Bayan H\u0131rsl\u0131&#8217;n\u0131n \u00fcst\u00fcn ba\u015far\u0131lar\u0131n\u0131 yazacakt\u0131. Nas\u0131l m\u0131? Elbette ki &#8221;Zamangezer Yatak&#8217;\u0131n k\u00f6t\u00fc bir kopyas\u0131&#8221; sayesinde!Oysa Bay Sonra nas\u0131l da g\u00fcveniyordu Bayan H\u0131rsl\u0131&#8217;ya&#8230; Mucitlik \u00dcniversitesi&#8217;nde ba\u015flayan dostluklar\u0131n\u0131n ebediyen s\u00fcrece\u011fini d\u00fc\u015f\u00fcn\u00fcyordu. \u015eimdilerde ya\u015fad\u0131\u011f\u0131 \u015fa\u015fk\u0131nl\u0131k, \u00fcz\u00fcnt\u00fc ve hayal k\u0131r\u0131kl\u0131\u011f\u0131 akl\u0131n\u0131 ba\u015f\u0131na getirmi\u015fti getirmesine ama i\u015f i\u015ften ge\u00e7mi\u015fti \u00e7oktan. Buna ra\u011fmen pes etmeye hi\u00e7 niyeti yoktu. M\u00fcthi\u015f bir planla kaderini yeniden yazman\u0131n yolunu bulacakt\u0131 elbet.Berna D\u00f6rtp\u0131nar&#8217;\u0131n \u00e7izgi film tad\u0131ndaki resimleriyle iyice \u015fenlenen Bu Nas\u0131l Mucit?, bilgi \u00e7a\u011f\u0131 \u00e7ocuklar\u0131n\u0131n merak duygusunu tetiklemekle kalm\u0131yor ayn\u0131 zamanda onlar\u0131 kendi icatlar\u0131n\u0131 yapmaya da y\u00fcreklendiriyor.Unutmay\u0131n e\u011fer bir mucitseniz, icat fikirleriniz tam olarak olgunla\u015fana kadar hi\u00e7 kimseye anlatmamal\u0131s\u0131n\u0131z. Evet, en yak\u0131n arkada\u015f\u0131n\u0131za bile!<\/p>\n","protected":false},"excerpt":{"rendered":"<p>Bir mucit ba\u015fka bir mucide harika bir icad\u0131m var demi\u015f&#8230; Ah, ke\u015fke demez olsaym\u0131\u015f!Nuri Kurucu, fantastik fikirlerini k\u0131vrak kalemiyle bulu\u015fturdu\u011fu Zamangezer Yatak&#8217;\u0131n devam ser\u00fcveni Bu Nas\u0131l<span class=\"excerpt-hellip\"> [\u2026]<\/span><\/p>\n","protected":false},"featured_media":0,"template":"","meta":{"_monsterinsights_skip_tracking":false,"_monsterinsights_sitenote_active":false,"_monsterinsights_sitenote_note":"","_monsterinsights_sitenote_category":0},"product_brand":[],"product_cat":[12274,12284],"product_tag":[],"class_list":{"0":"post-758995","1":"product","2":"type-product","3":"status-publish","5":"product_cat-cocuk-ve-genclik-kitaplari","6":"product_cat-hikayeler","7":"pa_cilt-ciltsiz","8":"pa_tur-kitap","9":"pa_yayinevi-tudem-yayinlari","10":"pa_yazar-nuri-kurucu","12":"first","13":"instock","14":"sale","15":"shipping-taxable","16":"purchasable","17":"product-type-simple"},"_links":{"self":[{"href":"https:\/\/roveyayinevi.com.tr\/index.php\/wp-json\/wp\/v2\/product\/758995","targetHints":{"allow":["GET"]}}],"collection":[{"href":"https:\/\/roveyayinevi.com.tr\/index.php\/wp-json\/wp\/v2\/product"}],"about":[{"href":"https:\/\/roveyayinevi.com.tr\/index.php\/wp-json\/wp\/v2\/types\/product"}],"wp:attachment":[{"href":"https:\/\/roveyayinevi.com.tr\/index.php\/wp-json\/wp\/v2\/media?parent=758995"}],"wp:term":[{"taxonomy":"product_brand","embeddable":true,"href":"https:\/\/roveyayinevi.com.tr\/index.php\/wp-json\/wp\/v2\/product_brand?post=758995"},{"taxonomy":"product_cat","embeddable":true,"href":"https:\/\/roveyayinevi.com.tr\/index.php\/wp-json\/wp\/v2\/product_cat?post=758995"},{"taxonomy":"product_tag","embeddable":true,"href":"https:\/\/roveyayinevi.com.tr\/index.php\/wp-json\/wp\/v2\/product_tag?post=758995"}],"curies":[{"name":"wp","href":"https:\/\/api.w.org\/{rel}","templated":true}]}}