{"id":758986,"date":"2025-08-28T08:21:32","date_gmt":"2025-08-28T05:21:32","guid":{"rendered":"https:\/\/roveyayinevi.com.tr\/index.php\/urun\/cocuklar-icin-zihin-gelistiren-mandala\/"},"modified":"2026-04-16T03:11:51","modified_gmt":"2026-04-16T00:11:51","slug":"cocuklar-icin-zihin-gelistiren-mandala","status":"publish","type":"product","link":"https:\/\/roveyayinevi.com.tr\/index.php\/urun\/cocuklar-icin-zihin-gelistiren-mandala\/","title":{"rendered":"\u00c7ocuklar \u0130\u00e7in Zihin Geli\u015ftiren Mandala"},"content":{"rendered":"<p>Mandala boyama,   \u00e7ocuklar i\u00e7in dinlendirici ve dikkat   geli\u015ftirici bir faaliyet, etkili bir geli\u015fim   arac\u0131d\u0131r. Mandala boyamayla \u00e7ocu\u011funuz,   e\u011flenerek \u00f6\u011frenecek, motor ve bili\u015fsel   geli\u015fimine uygun becerileri kazanmak i\u00e7in   ilk ad\u0131m\u0131 atm\u0131\u015f olacakt\u0131r. Mandala \u00e7al\u0131\u015fmas\u0131   d\u0131\u015ftan i\u00e7e veya i\u00e7ten d\u0131\u015fa boyan\u0131r. \u00d6nemli olan   s\u0131ray\u0131 bozmamakt\u0131r. \u015eimdi kalemlerinizi elinize al\u0131n,   \u00e7ocu\u011funuzla birlikte mandala boyamaya ba\u015flay\u0131n!<\/p>\n","protected":false},"excerpt":{"rendered":"<p>Mandala boyama, \u00e7ocuklar i\u00e7in dinlendirici ve dikkat geli\u015ftirici bir faaliyet, etkili bir geli\u015fim arac\u0131d\u0131r. Mandala boyamayla \u00e7ocu\u011funuz, e\u011flenerek \u00f6\u011frenecek, motor ve bili\u015fsel geli\u015fimine uygun becerileri kazanmak<span class=\"excerpt-hellip\"> [\u2026]<\/span><\/p>\n","protected":false},"featured_media":0,"template":"","meta":{"_monsterinsights_skip_tracking":false,"_monsterinsights_sitenote_active":false,"_monsterinsights_sitenote_note":"","_monsterinsights_sitenote_category":0},"product_brand":[],"product_cat":[12644,12274],"product_tag":[],"class_list":{"0":"post-758986","1":"product","2":"type-product","3":"status-publish","5":"product_cat-boyama-kitaplari","6":"product_cat-cocuk-ve-genclik-kitaplari","7":"pa_cilt-ciltsiz","8":"pa_tur-kitap","9":"pa_yayinevi-bicirik-yayinlari","10":"pa_yazar-kolektif","12":"first","13":"instock","14":"sale","15":"shipping-taxable","16":"purchasable","17":"product-type-simple"},"_links":{"self":[{"href":"https:\/\/roveyayinevi.com.tr\/index.php\/wp-json\/wp\/v2\/product\/758986","targetHints":{"allow":["GET"]}}],"collection":[{"href":"https:\/\/roveyayinevi.com.tr\/index.php\/wp-json\/wp\/v2\/product"}],"about":[{"href":"https:\/\/roveyayinevi.com.tr\/index.php\/wp-json\/wp\/v2\/types\/product"}],"wp:attachment":[{"href":"https:\/\/roveyayinevi.com.tr\/index.php\/wp-json\/wp\/v2\/media?parent=758986"}],"wp:term":[{"taxonomy":"product_brand","embeddable":true,"href":"https:\/\/roveyayinevi.com.tr\/index.php\/wp-json\/wp\/v2\/product_brand?post=758986"},{"taxonomy":"product_cat","embeddable":true,"href":"https:\/\/roveyayinevi.com.tr\/index.php\/wp-json\/wp\/v2\/product_cat?post=758986"},{"taxonomy":"product_tag","embeddable":true,"href":"https:\/\/roveyayinevi.com.tr\/index.php\/wp-json\/wp\/v2\/product_tag?post=758986"}],"curies":[{"name":"wp","href":"https:\/\/api.w.org\/{rel}","templated":true}]}}