{"id":758985,"date":"2025-08-28T08:21:30","date_gmt":"2025-08-28T05:21:30","guid":{"rendered":"https:\/\/roveyayinevi.com.tr\/index.php\/urun\/cocuklardan-ilhamla-kolayca-elif-ba\/"},"modified":"2026-04-16T03:11:51","modified_gmt":"2026-04-16T00:11:51","slug":"cocuklardan-ilhamla-kolayca-elif-ba","status":"publish","type":"product","link":"https:\/\/roveyayinevi.com.tr\/index.php\/urun\/cocuklardan-ilhamla-kolayca-elif-ba\/","title":{"rendered":"\u00c7ocuklardan \u0130lhamla Kolayca Elif-Ba"},"content":{"rendered":"<p>\u00c7ocuklar sadedir, tekrar\u0131 sever, hevesle ve severek \u00f6\u011frenmek ister. Elif-b\u00e2 ve Kur\u2019an-\u0131 Kerim\u2019i \u00e7ocuklar\u0131n kalbine nak\u015federek \u00f6\u011fretmek isterseniz, onlara kolayla\u015ft\u0131ral\u0131m, sevdirelim ve g\u00fczel an\u0131lar b\u0131rakal\u0131m. Bu Elif-b\u00e2 kitab\u0131, \u00e7ocuklar\u0131n g\u00f6z seviyesine inerek, diz dize oturarak onlarca \u00e7ocukla g\u00fczel an\u0131lar bar\u0131nd\u0131ran derslerden ilhamla yaz\u0131lm\u0131\u015ft\u0131r. \u00dcmmetin en hay\u0131rl\u0131s\u0131 olmakla m\u00fcjdelenen \u00f6\u011frenenler ve \u00f6\u011fretenlerden olup, Kur\u2019an-\u0131 Kerim\u2019i okuyup anlayan ve ya\u015fayan evlatlar yeti\u015ftirebilmek duas\u0131yla. <\/p>\n","protected":false},"excerpt":{"rendered":"<p>\u00c7ocuklar sadedir, tekrar\u0131 sever, hevesle ve severek \u00f6\u011frenmek ister. Elif-b\u00e2 ve Kur\u2019an-\u0131 Kerim\u2019i \u00e7ocuklar\u0131n kalbine nak\u015federek \u00f6\u011fretmek isterseniz, onlara kolayla\u015ft\u0131ral\u0131m, sevdirelim ve g\u00fczel an\u0131lar b\u0131rakal\u0131m. Bu<span class=\"excerpt-hellip\"> [\u2026]<\/span><\/p>\n","protected":false},"featured_media":0,"template":"","meta":{"_monsterinsights_skip_tracking":false,"_monsterinsights_sitenote_active":false,"_monsterinsights_sitenote_note":"","_monsterinsights_sitenote_category":0},"product_brand":[],"product_cat":[12274,18802],"product_tag":[],"class_list":{"0":"post-758985","1":"product","2":"type-product","3":"status-publish","5":"product_cat-cocuk-ve-genclik-kitaplari","6":"product_cat-din-egitimi","7":"pa_cilt-ciltsiz","8":"pa_tur-kitap","9":"pa_yayinevi-nesil-cocuk-yayinlari","10":"pa_yazar-seyda-apaydin","12":"first","13":"instock","14":"sale","15":"shipping-taxable","16":"purchasable","17":"product-type-simple"},"_links":{"self":[{"href":"https:\/\/roveyayinevi.com.tr\/index.php\/wp-json\/wp\/v2\/product\/758985","targetHints":{"allow":["GET"]}}],"collection":[{"href":"https:\/\/roveyayinevi.com.tr\/index.php\/wp-json\/wp\/v2\/product"}],"about":[{"href":"https:\/\/roveyayinevi.com.tr\/index.php\/wp-json\/wp\/v2\/types\/product"}],"wp:attachment":[{"href":"https:\/\/roveyayinevi.com.tr\/index.php\/wp-json\/wp\/v2\/media?parent=758985"}],"wp:term":[{"taxonomy":"product_brand","embeddable":true,"href":"https:\/\/roveyayinevi.com.tr\/index.php\/wp-json\/wp\/v2\/product_brand?post=758985"},{"taxonomy":"product_cat","embeddable":true,"href":"https:\/\/roveyayinevi.com.tr\/index.php\/wp-json\/wp\/v2\/product_cat?post=758985"},{"taxonomy":"product_tag","embeddable":true,"href":"https:\/\/roveyayinevi.com.tr\/index.php\/wp-json\/wp\/v2\/product_tag?post=758985"}],"curies":[{"name":"wp","href":"https:\/\/api.w.org\/{rel}","templated":true}]}}