{"id":758984,"date":"2025-08-28T08:21:28","date_gmt":"2025-08-28T05:21:28","guid":{"rendered":"https:\/\/roveyayinevi.com.tr\/index.php\/urun\/bizim-evde-esitlik-var\/"},"modified":"2026-04-03T03:15:25","modified_gmt":"2026-04-03T00:15:25","slug":"bizim-evde-esitlik-var","status":"publish","type":"product","link":"https:\/\/roveyayinevi.com.tr\/index.php\/urun\/bizim-evde-esitlik-var\/","title":{"rendered":"Bizim Evde E\u015fitlik Var"},"content":{"rendered":"<p>Evdeki ampulleri hep babalar m\u0131 de\u011fi\u015ftirir? Anneler bozulan e\u015fyalar\u0131 tamir edemez mi? K\u0131z \u00e7ocuklar\u0131 futbol oynamaz m\u0131? Erkek \u00e7ocuklar yemek yapmaya ilgi duyamaz m\u0131? Esra ve Murat\u2019\u0131n evinde bunlar\u0131n hepsi mu\u0308mku\u0308n. \u00c7u\u0308nku\u0308 bu evde e\u015fitlik var! Bu evdeki herkes i\u015fleri e\u015fit \u015fekilde payla\u015f\u0131yor. \u0130\u015fte o zaman i\u015fler kolayl\u0131kla halloluyor. Hatta ta\u015f\u0131n\u0131rken bile\u2026 Esra ve Murat ba\u015fka bir eve ta\u015f\u0131n\u0131yorlar. O gu\u0308n ailecek, kolilerden \u00e7\u0131kan e\u015fyalar\u0131 yerle\u015ftirmek i\u00e7in oradan oraya ko\u015fturup duruyorlar. Gu\u0308l nine ve Hasan dede, onlar ta\u015f\u0131n\u0131rken yard\u0131m etmeye karar veriyorlar. Sen de onlara yard\u0131m eder misin? Haydi o zaman koliden \u00e7\u0131kan e\u015fyalar\u0131 sahipleriyle bulu\u015fturmak i\u00e7in kitaptaki \u00e7\u0131kartmalar\u0131 yerlerine yap\u0131\u015ft\u0131rmaya ba\u015fla! ***Gu\u0308l nine u\u0308tu\u0308yu\u0308 bana uzat\u0131p \u201cBunu annene ver\u201d dedi. Abimle birbirimize bakt\u0131k. \u201cBizim evde u\u0308tu\u0308yu\u0308 babam yap\u0131yor. \u00dctu\u0308yu\u0308 yerle\u015ftirmesi i\u00e7in babama vereyim en iyisi\u201d dedi\u011fimde nine \u00f6yle \u015fa\u015f\u0131rd\u0131 ki!   *** Hasan dede koliden \u00e7\u0131kan tamir \u00e7antas\u0131n\u0131 abime uzatt\u0131. \u201cBabana ver evlad\u0131m\u201d dedi. Biz yine abimle birbirimize bakt\u0131k. \u201cBizim evde tamirleri annem de yapar, babam da.Ampulleri annem de\u011fi\u015ftirir, k\u0131r\u0131klar\u0131 babam yap\u0131\u015ft\u0131r\u0131r, duvarlar\u0131 hep beraber boyar\u0131z\u2026 *** Hasan dede abime bakt\u0131 \u201cO\u011flum, erkekler a\u011flar m\u0131 hi\u00e7?\u201d dedi. Babam, Hasan dedenin s\u00f6zlerini duyunca abimin yan\u0131na geldi. \u201cHerkes a\u011flayabilir elbette. Arkada\u015flar\u0131m\u0131zdan ayr\u0131lmak bizi u\u0308zebilir. \u00dczu\u0308lu\u0308nce de a\u011flayabiliriz\u201d dedi.   *** Hasan dede, Gu\u0308l nineye \u201cMasay\u0131 da beraber toplar\u0131z\u201d dedi. Sonra bize d\u00f6nu\u0308p \u201cEvdeki i\u015f b\u00f6lu\u0308mu\u0308nu\u0308 \u00f6\u011frenmeye ba\u015flad\u0131k, de\u011fil mi?\u201d diye sordu. <\/p>\n","protected":false},"excerpt":{"rendered":"<p>Evdeki ampulleri hep babalar m\u0131 de\u011fi\u015ftirir? Anneler bozulan e\u015fyalar\u0131 tamir edemez mi? K\u0131z \u00e7ocuklar\u0131 futbol oynamaz m\u0131? Erkek \u00e7ocuklar yemek yapmaya ilgi duyamaz m\u0131? Esra ve<span class=\"excerpt-hellip\"> [\u2026]<\/span><\/p>\n","protected":false},"featured_media":0,"template":"","meta":{"_monsterinsights_skip_tracking":false,"_monsterinsights_sitenote_active":false,"_monsterinsights_sitenote_note":"","_monsterinsights_sitenote_category":0},"product_brand":[],"product_cat":[12274,12284],"product_tag":[],"class_list":{"0":"post-758984","1":"product","2":"type-product","3":"status-publish","5":"product_cat-cocuk-ve-genclik-kitaplari","6":"product_cat-hikayeler","7":"pa_cilt-ciltsiz","8":"pa_tur-kitap","9":"pa_yayinevi-elma-cocuk","10":"pa_yazar-ismihan-artan","12":"first","13":"instock","14":"sale","15":"shipping-taxable","16":"purchasable","17":"product-type-simple"},"_links":{"self":[{"href":"https:\/\/roveyayinevi.com.tr\/index.php\/wp-json\/wp\/v2\/product\/758984","targetHints":{"allow":["GET"]}}],"collection":[{"href":"https:\/\/roveyayinevi.com.tr\/index.php\/wp-json\/wp\/v2\/product"}],"about":[{"href":"https:\/\/roveyayinevi.com.tr\/index.php\/wp-json\/wp\/v2\/types\/product"}],"wp:attachment":[{"href":"https:\/\/roveyayinevi.com.tr\/index.php\/wp-json\/wp\/v2\/media?parent=758984"}],"wp:term":[{"taxonomy":"product_brand","embeddable":true,"href":"https:\/\/roveyayinevi.com.tr\/index.php\/wp-json\/wp\/v2\/product_brand?post=758984"},{"taxonomy":"product_cat","embeddable":true,"href":"https:\/\/roveyayinevi.com.tr\/index.php\/wp-json\/wp\/v2\/product_cat?post=758984"},{"taxonomy":"product_tag","embeddable":true,"href":"https:\/\/roveyayinevi.com.tr\/index.php\/wp-json\/wp\/v2\/product_tag?post=758984"}],"curies":[{"name":"wp","href":"https:\/\/api.w.org\/{rel}","templated":true}]}}