{"id":758979,"date":"2025-08-28T08:21:20","date_gmt":"2025-08-28T05:21:20","guid":{"rendered":"https:\/\/roveyayinevi.com.tr\/index.php\/urun\/iki-yanlis-bir-dogru-ciltli\/"},"modified":"2026-04-16T03:11:51","modified_gmt":"2026-04-16T00:11:51","slug":"iki-yanlis-bir-dogru-ciltli","status":"publish","type":"product","link":"https:\/\/roveyayinevi.com.tr\/index.php\/urun\/iki-yanlis-bir-dogru-ciltli\/","title":{"rendered":"\u0130ki Yanl\u0131\u015f Bir Do\u011fru (Ciltli)"},"content":{"rendered":"<p>Shakespeare&#8217;in sevilen komedisi Kuru G\u00fcr\u00fclt\u00fc\u2019n\u00fcn bu yeniden hayal edilmi\u015f, ba\u015f d\u00f6nd\u00fcr\u00fcc\u00fc versiyonunda, birbirine olabilecek en z\u0131t iki ki\u015fi, \u00e7\u00f6p\u00e7atan arkada\u015flar\u0131n\u0131 kand\u0131rmak i\u00e7in i\u015fbirli\u011fi yap\u0131yor. Jamie Westenberg ve Bea Wilmot\u2019un hi\u00e7bir ortak yan\u0131 yok. Tan\u0131\u015fmalar\u0131n\u0131n korkun\u00e7 oldu\u011funa ve birbirleri i\u00e7in daha yanl\u0131\u015f olamayacaklar\u0131na dair ortak g\u00f6r\u00fc\u015flerini saymazsak. Ancak en yak\u0131nlar\u0131, A\u015fk Tanr\u0131s\u0131 rol\u00fcne soyunup onlar\u0131 randevuya \u00e7\u0131kmalar\u0131 i\u00e7in kand\u0131rd\u0131\u011f\u0131nda, Jamie ve Bea, ba\u015fka bir ortak noktalar\u0131n\u0131n daha oldu\u011funu fark ederler -kar\u015f\u0131 konulmaz bir intikam arzusu. \u00c7ok ge\u00e7meden planlar\u0131n\u0131 uygulamaya ba\u015flarlar: F\u00fctursuzca sahte bir fl\u00f6rt numaras\u0131 yapacak ve herkesi delice \u00e2\u015f\u0131k olduklar\u0131na inand\u0131racaklar. Ard\u0131ndan muazzam bir \u015fekilde ayr\u0131l\u0131p herkesin hayallerini y\u0131kacak ve \u00e7\u00f6p\u00e7atanl\u0131k \u00e7\u0131lg\u0131nl\u0131\u011f\u0131na kesin olarak son verecekler. Jamie ve Bea, herkesi a\u015fklar\u0131na ikna etmek i\u00e7in hayatlar\u0131n\u0131n performans\u0131n\u0131 sergilemek zorunda. Ancak son perde yakla\u015ft\u0131k\u00e7a ve \u00e2\u015f\u0131k rol\u00fcn\u00fc oynamak fazla kolay hale geldik\u00e7e merak etmeye ba\u015flarlar: Ya A\u015fk Tanr\u0131s\u0131\u2019n\u0131n oku hedefini \u00e7ok da \u015fa\u015f\u0131rmad\u0131ysa? Ya iki yanl\u0131\u015f bir do\u011fru ederse? \u201c\u015eampanya ve \u00e7ikolatan\u0131n kitap hali. Ayaklar\u0131n\u0131z\u0131n yerden kesilmesine haz\u0131r olun.\u201d\u2014 HELEN HOANG<\/p>\n","protected":false},"excerpt":{"rendered":"<p>Shakespeare&#8217;in sevilen komedisi Kuru G\u00fcr\u00fclt\u00fc\u2019n\u00fcn bu yeniden hayal edilmi\u015f, ba\u015f d\u00f6nd\u00fcr\u00fcc\u00fc versiyonunda, birbirine olabilecek en z\u0131t iki ki\u015fi, \u00e7\u00f6p\u00e7atan arkada\u015flar\u0131n\u0131 kand\u0131rmak i\u00e7in i\u015fbirli\u011fi yap\u0131yor. Jamie Westenberg<span class=\"excerpt-hellip\"> [\u2026]<\/span><\/p>\n","protected":false},"featured_media":0,"template":"","meta":{"_monsterinsights_skip_tracking":false,"_monsterinsights_sitenote_active":false,"_monsterinsights_sitenote_note":"","_monsterinsights_sitenote_category":0},"product_brand":[],"product_cat":[12291,12711],"product_tag":[],"class_list":{"0":"post-758979","1":"product","2":"type-product","3":"status-publish","5":"product_cat-edebiyat","6":"product_cat-roman-oyku","7":"pa_cilt-ciltli","8":"pa_tur-kitap","9":"pa_yayinevi-artemis-yayinlari","10":"pa_yazar-chloe-liese","12":"first","13":"instock","14":"sale","15":"shipping-taxable","16":"purchasable","17":"product-type-simple"},"_links":{"self":[{"href":"https:\/\/roveyayinevi.com.tr\/index.php\/wp-json\/wp\/v2\/product\/758979","targetHints":{"allow":["GET"]}}],"collection":[{"href":"https:\/\/roveyayinevi.com.tr\/index.php\/wp-json\/wp\/v2\/product"}],"about":[{"href":"https:\/\/roveyayinevi.com.tr\/index.php\/wp-json\/wp\/v2\/types\/product"}],"wp:attachment":[{"href":"https:\/\/roveyayinevi.com.tr\/index.php\/wp-json\/wp\/v2\/media?parent=758979"}],"wp:term":[{"taxonomy":"product_brand","embeddable":true,"href":"https:\/\/roveyayinevi.com.tr\/index.php\/wp-json\/wp\/v2\/product_brand?post=758979"},{"taxonomy":"product_cat","embeddable":true,"href":"https:\/\/roveyayinevi.com.tr\/index.php\/wp-json\/wp\/v2\/product_cat?post=758979"},{"taxonomy":"product_tag","embeddable":true,"href":"https:\/\/roveyayinevi.com.tr\/index.php\/wp-json\/wp\/v2\/product_tag?post=758979"}],"curies":[{"name":"wp","href":"https:\/\/api.w.org\/{rel}","templated":true}]}}