{"id":758977,"date":"2025-08-28T08:21:16","date_gmt":"2025-08-28T05:21:16","guid":{"rendered":"https:\/\/roveyayinevi.com.tr\/index.php\/urun\/asker-ve-devlet\/"},"modified":"2026-04-16T03:11:51","modified_gmt":"2026-04-16T00:11:51","slug":"asker-ve-devlet","status":"publish","type":"product","link":"https:\/\/roveyayinevi.com.tr\/index.php\/urun\/asker-ve-devlet\/","title":{"rendered":"Asker ve Devlet"},"content":{"rendered":"<p>Samuel P. Huntington&#8217;un bu \u00e7al\u0131\u015fmada g\u00fcndeme getirdi\u011fi bir\u00e7ok tespit, bug\u00fcn \u00fclkemizde ya\u015fad\u0131\u011f\u0131m\u0131z sivil-asker ili\u015fkilerine dair \u00e7o\u011fu sorunun 50 y\u0131l \u00f6nce farkl\u0131 \u015fekillerde ABD&#8217;de de ya\u015fand\u0131\u011f\u0131n\u0131 g\u00f6stermektedir. Askeri b\u00fct\u00e7e, askerlerin siyasi faaliyetleri, diplomasi ve i\u00e7 siyasete etkileri, toplumla ve siyasi erkle ili\u015fkileri, askeri kurum ve kurulu\u015flar\u0131n yap\u0131s\u0131 ve i\u015flevleri gibi Huntington taraf\u0131ndan bu kitapta ABD ba\u011flam\u0131nda tart\u0131\u015f\u0131lan sorunlar, g\u00fcn\u00fcm\u00fcz T\u00fcrkiyesi&#8217;nde de hararetle tart\u0131\u015f\u0131lmaktad\u0131r. Dolay\u0131s\u0131yla, Asker ve Devlet, sivil-asker ili\u015fkilerinin T\u00fcrkiye g\u00fcndemine oturdu\u011fu ve \u00fclkenin gelece\u011fini \u015fekillendirecek unsurlardan biri haline geldi\u011fi bu d\u00f6nemde, tart\u0131\u015fmalara rehberlik edebilecek klasik bir referans kayna\u011f\u0131 olarak d\u00fc\u015f\u00fcn\u00fclebilir. Kitap, hem getirdi\u011fi teorik yakla\u015f\u0131m, hem i\u015fledi\u011fi konular, hem de sundu\u011fu y\u00f6ntemle T\u00fcrkiye&#8217;de sivil-asker ili\u015fkilerinin incelenmesi ve tart\u0131\u015f\u0131lmas\u0131na farkl\u0131 bir yakla\u015f\u0131m kazand\u0131rmaktad\u0131r. Huntington&#8217;un genel bir sivil-asker ili\u015fkileri kuram\u0131 geli\u015ftirip, bu kuram\u0131 kapsaml\u0131 bir tarih analiziyle test etti\u011fi, Asker ve Devlet, modern bir devlette, profesyonel askerli\u011fin anlam\u0131, askerlik kurumunun kamu idaresindeki konumu ve silahl\u0131 kuvvetlerin denetimi konusunda ideal modeller ve uygulamadaki durumlar\u0131 g\u00f6stererek, T\u00fcrkiye&#8217;deki tart\u0131\u015fmalara da \u0131\u015f\u0131k tutmaktad\u0131r.                                                                                                                  <\/p>\n","protected":false},"excerpt":{"rendered":"<p>Samuel P. Huntington&#8217;un bu \u00e7al\u0131\u015fmada g\u00fcndeme getirdi\u011fi bir\u00e7ok tespit, bug\u00fcn \u00fclkemizde ya\u015fad\u0131\u011f\u0131m\u0131z sivil-asker ili\u015fkilerine dair \u00e7o\u011fu sorunun 50 y\u0131l \u00f6nce farkl\u0131 \u015fekillerde ABD&#8217;de de ya\u015fand\u0131\u011f\u0131n\u0131 g\u00f6stermektedir.<span class=\"excerpt-hellip\"> [\u2026]<\/span><\/p>\n","protected":false},"featured_media":0,"template":"","meta":{"_monsterinsights_skip_tracking":false,"_monsterinsights_sitenote_active":false,"_monsterinsights_sitenote_note":"","_monsterinsights_sitenote_category":0},"product_brand":[],"product_cat":[13590,12337],"product_tag":[],"class_list":{"0":"post-758977","1":"product","2":"type-product","3":"status-publish","5":"product_cat-arastirma-inceleme-politika-siyaset","6":"product_cat-politika-siyaset","7":"pa_cilt-ciltsiz","8":"pa_tur-kitap","9":"pa_yayinevi-bilge-kultur-sanat","10":"pa_yazar-samuel-p-huntington","12":"first","13":"instock","14":"sale","15":"shipping-taxable","16":"purchasable","17":"product-type-simple"},"_links":{"self":[{"href":"https:\/\/roveyayinevi.com.tr\/index.php\/wp-json\/wp\/v2\/product\/758977","targetHints":{"allow":["GET"]}}],"collection":[{"href":"https:\/\/roveyayinevi.com.tr\/index.php\/wp-json\/wp\/v2\/product"}],"about":[{"href":"https:\/\/roveyayinevi.com.tr\/index.php\/wp-json\/wp\/v2\/types\/product"}],"wp:attachment":[{"href":"https:\/\/roveyayinevi.com.tr\/index.php\/wp-json\/wp\/v2\/media?parent=758977"}],"wp:term":[{"taxonomy":"product_brand","embeddable":true,"href":"https:\/\/roveyayinevi.com.tr\/index.php\/wp-json\/wp\/v2\/product_brand?post=758977"},{"taxonomy":"product_cat","embeddable":true,"href":"https:\/\/roveyayinevi.com.tr\/index.php\/wp-json\/wp\/v2\/product_cat?post=758977"},{"taxonomy":"product_tag","embeddable":true,"href":"https:\/\/roveyayinevi.com.tr\/index.php\/wp-json\/wp\/v2\/product_tag?post=758977"}],"curies":[{"name":"wp","href":"https:\/\/api.w.org\/{rel}","templated":true}]}}