{"id":758976,"date":"2025-08-28T08:21:14","date_gmt":"2025-08-28T05:21:14","guid":{"rendered":"https:\/\/roveyayinevi.com.tr\/index.php\/urun\/kalpli-elma-butonu\/"},"modified":"2026-04-16T03:11:51","modified_gmt":"2026-04-16T00:11:51","slug":"kalpli-elma-butonu","status":"publish","type":"product","link":"https:\/\/roveyayinevi.com.tr\/index.php\/urun\/kalpli-elma-butonu\/","title":{"rendered":"Kalpli Elma Butonu"},"content":{"rendered":"<p>Geni\u015fli\u011fi i\u00e7inde, zahmetsizce g\u00f6ky\u00fcz\u00fcn\u00fc s\u0131nayan bir k\u0131rlang\u0131\u00e7 olmak isterdim ya da ya\u011fmur ku\u015fu. Bir \u00e7ocu\u011fun d\u00fc\u015fleriyle ge\u00e7mi\u015fi unuttu\u011fu bir vadide, batan g\u00fcn\u00fcn yapraklara b\u0131rakt\u0131\u011f\u0131 geceydim. B\u00fct\u00fcn k\u00f6t\u00fcl\u00fckleri yuvas\u0131ndan uzak tutan bir k\u00f6stebektim. Kuru deriyi g\u00f6\u011fs\u00fcmden ay\u0131klayan, kalbimi de oradan als\u0131n isterdim. D\u00fcnya bilgisiyle \u00fc\u015f\u00fcr, etin mahcubiyetiyle a\u011flard\u0131m. Olsun buras\u0131 f\u0131rd\u00f6nd\u00fcyd\u00fc. Bal\u0131\u011f\u0131 kand\u0131ran, ruhumu nas\u0131lsa emerdi, akl\u0131m\u0131 emerdi&#8230; <\/p>\n","protected":false},"excerpt":{"rendered":"<p>Geni\u015fli\u011fi i\u00e7inde, zahmetsizce g\u00f6ky\u00fcz\u00fcn\u00fc s\u0131nayan bir k\u0131rlang\u0131\u00e7 olmak isterdim ya da ya\u011fmur ku\u015fu. Bir \u00e7ocu\u011fun d\u00fc\u015fleriyle ge\u00e7mi\u015fi unuttu\u011fu bir vadide, batan g\u00fcn\u00fcn yapraklara b\u0131rakt\u0131\u011f\u0131 geceydim. B\u00fct\u00fcn<span class=\"excerpt-hellip\"> [\u2026]<\/span><\/p>\n","protected":false},"featured_media":0,"template":"","meta":{"_monsterinsights_skip_tracking":false,"_monsterinsights_sitenote_active":false,"_monsterinsights_sitenote_note":"","_monsterinsights_sitenote_category":0},"product_brand":[],"product_cat":[12291,12509],"product_tag":[],"class_list":{"0":"post-758976","1":"product","2":"type-product","3":"status-publish","5":"product_cat-edebiyat","6":"product_cat-siir","7":"pa_cilt-ciltsiz","8":"pa_tur-kitap","9":"pa_yayinevi-medakitap-yayinlari","10":"pa_yazar-ozer-aykut","12":"first","13":"instock","14":"sale","15":"shipping-taxable","16":"purchasable","17":"product-type-simple"},"_links":{"self":[{"href":"https:\/\/roveyayinevi.com.tr\/index.php\/wp-json\/wp\/v2\/product\/758976","targetHints":{"allow":["GET"]}}],"collection":[{"href":"https:\/\/roveyayinevi.com.tr\/index.php\/wp-json\/wp\/v2\/product"}],"about":[{"href":"https:\/\/roveyayinevi.com.tr\/index.php\/wp-json\/wp\/v2\/types\/product"}],"wp:attachment":[{"href":"https:\/\/roveyayinevi.com.tr\/index.php\/wp-json\/wp\/v2\/media?parent=758976"}],"wp:term":[{"taxonomy":"product_brand","embeddable":true,"href":"https:\/\/roveyayinevi.com.tr\/index.php\/wp-json\/wp\/v2\/product_brand?post=758976"},{"taxonomy":"product_cat","embeddable":true,"href":"https:\/\/roveyayinevi.com.tr\/index.php\/wp-json\/wp\/v2\/product_cat?post=758976"},{"taxonomy":"product_tag","embeddable":true,"href":"https:\/\/roveyayinevi.com.tr\/index.php\/wp-json\/wp\/v2\/product_tag?post=758976"}],"curies":[{"name":"wp","href":"https:\/\/api.w.org\/{rel}","templated":true}]}}