{"id":758974,"date":"2025-08-28T08:21:12","date_gmt":"2025-08-28T05:21:12","guid":{"rendered":"https:\/\/roveyayinevi.com.tr\/index.php\/urun\/ego-contra-mundum-bir-yuksel-arslan-metaforu\/"},"modified":"2026-04-16T03:11:51","modified_gmt":"2026-04-16T00:11:51","slug":"ego-contra-mundum-bir-yuksel-arslan-metaforu","status":"publish","type":"product","link":"https:\/\/roveyayinevi.com.tr\/index.php\/urun\/ego-contra-mundum-bir-yuksel-arslan-metaforu\/","title":{"rendered":"Ego Contra Mundum &#8211; Bir Y\u00fcksel Arslan Metaforu"},"content":{"rendered":"<p>&#8230; merkezinde Y\u00fcksel Arslan\u2019\u0131n ve \u201cArture\u201dlerin oldu\u011fu, egosantrik nitelikli ama \u00d6teki Ben\u2019lerle temas edildi\u011fi an ge\u00e7i\u015fim sa\u011flayan plastik- ontolojik-g\u00f6rsel kozmosun d\u00f6ng\u00fcselli\u011finde yaz\u0131lm\u0131\u015f bu metin, Y\u00fcksel Arslan\u2019la ayn\u0131 g\u00fcne\u015fin alt\u0131nda olman\u0131n g\u00f6nenci, sevinci, co\u015fkusu, heyecan\u0131yla \u00fcretilmi\u015f uzak bir \u201cMerhaba!\u201dn\u0131n \u00f6zetidir. Yaz\u0131lanlar, yaz\u0131lm\u0131\u015f olanlar, ancak ve ancak yaz\u0131lamayan\u0131n kefareti olabilir&#8230;   \u0130nsan\u2019\u0131n imk\u00e2n dairesinde s\u00f6ylenmi\u015f s\u00f6z\u2019\u00fcn yo\u011funlu\u011fu, s\u00f6ylenmesi olas\u0131 s\u00f6z\u2019den her daim azd\u0131r. Yani b\u00fcy\u00fck bir yaland\u0131r; g\u00fcne\u015f alt\u0131nda s\u00f6ylenmedik s\u00f6z\u2019\u00fcn kalmad\u0131\u011f\u0131! Hele de Y\u00fcksel Arslan gibi bakan, g\u00f6ren, g\u00f6rd\u00fc\u011f\u00fcn\u00fc i\u00e7selle\u015ftiren ve her t\u00fcrl\u00fc olanakla yeniden ifadelendiren, ifadesini \u00fcnik olu\u015funun g\u00f6stergesi olarak yepyeni bir kavramla adland\u0131ran ve \u201cressam olmadan\u201d \u00fcretti\u011fi \u201cArture\u201dlerinin resme kar\u015f\u0131 olarak \u201cyeni bir g\u00f6rsel sanat\u201d yaratt\u0131\u011f\u0131n\u0131 savlayan, belki de Dionysos \u015eenlikleri\u2019nde kendinden ge\u00e7mi\u015f, haz ile ac\u0131 aras\u0131nda gidip gelen bir esri\u011fin co\u015fkulu davetiyle kar\u015f\u0131 kar\u015f\u0131yaysan\u0131z!..   \u015eimdi \u201cg\u00f6rmek\u201d, \u201calg\u0131lamak\u201d, alg\u0131lad\u0131\u011f\u0131n\u0131 \u201cbetimlemek\u201d, betimledi\u011fini \u201canlamland\u0131rmak\u201d, y\u00fcr\u00fcmek, ilerlemek, yola \u00e7\u0131k\u0131p yolda olmak ve denemek zaman\u0131d\u0131r. P\u00fct\u00fcrl\u00fc zemine d\u00f6nmekten ba\u015fka da umar\u0131m\u0131z da yoktur. <\/p>\n","protected":false},"excerpt":{"rendered":"<p>&#8230; merkezinde Y\u00fcksel Arslan\u2019\u0131n ve \u201cArture\u201dlerin oldu\u011fu, egosantrik nitelikli ama \u00d6teki Ben\u2019lerle temas edildi\u011fi an ge\u00e7i\u015fim sa\u011flayan plastik- ontolojik-g\u00f6rsel kozmosun d\u00f6ng\u00fcselli\u011finde yaz\u0131lm\u0131\u015f bu metin, Y\u00fcksel Arslan\u2019la<span class=\"excerpt-hellip\"> [\u2026]<\/span><\/p>\n","protected":false},"featured_media":0,"template":"","meta":{"_monsterinsights_skip_tracking":false,"_monsterinsights_sitenote_active":false,"_monsterinsights_sitenote_note":"","_monsterinsights_sitenote_category":0},"product_brand":[],"product_cat":[15733,12408],"product_tag":[],"class_list":{"0":"post-758974","1":"product","2":"type-product","3":"status-publish","5":"product_cat-resim","6":"product_cat-sanat","7":"pa_cilt-ciltsiz","8":"pa_tur-kitap","9":"pa_yayinevi-medakitap-yayinlari","10":"pa_yazar-serdar-aydin","12":"first","13":"instock","14":"sale","15":"shipping-taxable","16":"purchasable","17":"product-type-simple"},"_links":{"self":[{"href":"https:\/\/roveyayinevi.com.tr\/index.php\/wp-json\/wp\/v2\/product\/758974","targetHints":{"allow":["GET"]}}],"collection":[{"href":"https:\/\/roveyayinevi.com.tr\/index.php\/wp-json\/wp\/v2\/product"}],"about":[{"href":"https:\/\/roveyayinevi.com.tr\/index.php\/wp-json\/wp\/v2\/types\/product"}],"wp:attachment":[{"href":"https:\/\/roveyayinevi.com.tr\/index.php\/wp-json\/wp\/v2\/media?parent=758974"}],"wp:term":[{"taxonomy":"product_brand","embeddable":true,"href":"https:\/\/roveyayinevi.com.tr\/index.php\/wp-json\/wp\/v2\/product_brand?post=758974"},{"taxonomy":"product_cat","embeddable":true,"href":"https:\/\/roveyayinevi.com.tr\/index.php\/wp-json\/wp\/v2\/product_cat?post=758974"},{"taxonomy":"product_tag","embeddable":true,"href":"https:\/\/roveyayinevi.com.tr\/index.php\/wp-json\/wp\/v2\/product_tag?post=758974"}],"curies":[{"name":"wp","href":"https:\/\/api.w.org\/{rel}","templated":true}]}}