{"id":758973,"date":"2025-08-28T08:21:10","date_gmt":"2025-08-28T05:21:10","guid":{"rendered":"https:\/\/roveyayinevi.com.tr\/index.php\/urun\/secme-siirler-4\/"},"modified":"2026-04-16T03:11:51","modified_gmt":"2026-04-16T00:11:51","slug":"secme-siirler-4","status":"publish","type":"product","link":"https:\/\/roveyayinevi.com.tr\/index.php\/urun\/secme-siirler-4\/","title":{"rendered":"Se\u00e7me \u015eiirler"},"content":{"rendered":"<p>Chatterton\u2019\u0131n bilinen ilk \u015fiiri, on ya\u015f\u0131ndayken yazd\u0131\u011f\u0131 \u201cOn the Last Epiphany\u201d adl\u0131 Milton\u2019a \u00f6zg\u00fc bilimsel bir eserdi. Bu \u015fiirler, Chatterton taraf\u0131ndan yarat\u0131lan hayali bir karakter olan XV. y\u00fczy\u0131l Bristol ke\u015fi\u015fi Thomas Rowley taraf\u0131ndan yaz\u0131lm\u0131\u015ft\u0131.   \u2026 Chatterton, Byron\u2019dan Keith\u2019lere ve Van Gogh\u2019a uzanacak uzun bir romantik kahramanlar s\u0131ralamas\u0131n\u0131n en ba\u015f\u0131nda yer almaktad\u0131r. Hatta Jim Morrison ve Amy Winehouse\u2019a kadar.   Romantizmin y\u00fckseli\u015fiyle birlikte, Chatterton dalg\u0131n, melankolik, k\u0131r\u0131lgan ve y\u0131k\u0131lmaya e\u011filimli romantik bir deha olarak bayrakla\u015f\u0131r. \u0130ngiliz romantik \u015fairleri Wordsworth, Coleridge, Shelley, Byron ve Keats i\u00e7in Chatterton \u00f6nemli bir model ve sembold\u00fcr. <\/p>\n","protected":false},"excerpt":{"rendered":"<p>Chatterton\u2019\u0131n bilinen ilk \u015fiiri, on ya\u015f\u0131ndayken yazd\u0131\u011f\u0131 \u201cOn the Last Epiphany\u201d adl\u0131 Milton\u2019a \u00f6zg\u00fc bilimsel bir eserdi. Bu \u015fiirler, Chatterton taraf\u0131ndan yarat\u0131lan hayali bir karakter olan<span class=\"excerpt-hellip\"> [\u2026]<\/span><\/p>\n","protected":false},"featured_media":0,"template":"","meta":{"_monsterinsights_skip_tracking":false,"_monsterinsights_sitenote_active":false,"_monsterinsights_sitenote_note":"","_monsterinsights_sitenote_category":0},"product_brand":[],"product_cat":[12291,12509],"product_tag":[],"class_list":{"0":"post-758973","1":"product","2":"type-product","3":"status-publish","5":"product_cat-edebiyat","6":"product_cat-siir","7":"pa_cilt-ciltsiz","8":"pa_tur-kitap","9":"pa_yayinevi-medakitap-yayinlari","10":"pa_yazar-thomas-chatterton","12":"first","13":"instock","14":"sale","15":"shipping-taxable","16":"purchasable","17":"product-type-simple"},"_links":{"self":[{"href":"https:\/\/roveyayinevi.com.tr\/index.php\/wp-json\/wp\/v2\/product\/758973","targetHints":{"allow":["GET"]}}],"collection":[{"href":"https:\/\/roveyayinevi.com.tr\/index.php\/wp-json\/wp\/v2\/product"}],"about":[{"href":"https:\/\/roveyayinevi.com.tr\/index.php\/wp-json\/wp\/v2\/types\/product"}],"wp:attachment":[{"href":"https:\/\/roveyayinevi.com.tr\/index.php\/wp-json\/wp\/v2\/media?parent=758973"}],"wp:term":[{"taxonomy":"product_brand","embeddable":true,"href":"https:\/\/roveyayinevi.com.tr\/index.php\/wp-json\/wp\/v2\/product_brand?post=758973"},{"taxonomy":"product_cat","embeddable":true,"href":"https:\/\/roveyayinevi.com.tr\/index.php\/wp-json\/wp\/v2\/product_cat?post=758973"},{"taxonomy":"product_tag","embeddable":true,"href":"https:\/\/roveyayinevi.com.tr\/index.php\/wp-json\/wp\/v2\/product_tag?post=758973"}],"curies":[{"name":"wp","href":"https:\/\/api.w.org\/{rel}","templated":true}]}}