{"id":758972,"date":"2025-08-28T08:21:08","date_gmt":"2025-08-28T05:21:08","guid":{"rendered":"https:\/\/roveyayinevi.com.tr\/index.php\/urun\/pollyanna-20\/"},"modified":"2026-04-16T03:11:51","modified_gmt":"2026-04-16T00:11:51","slug":"pollyanna-20","status":"publish","type":"product","link":"https:\/\/roveyayinevi.com.tr\/index.php\/urun\/pollyanna-20\/","title":{"rendered":"Pollyanna"},"content":{"rendered":"<p>Her zaman olaylar\u0131n iyi taraf\u0131n\u0131 arayan &#8220;mutluluk oyunu&#8221;yla herkese kendini sevdiren, umutsuzlara umut a\u015f\u0131layan ve kendince d\u00fcnyan\u0131n yanl\u0131\u015flar\u0131n\u0131 d\u00fczelten gen\u00e7 bir k\u0131z\u0131n dokunakl\u0131 hik\u00e2yesi Pollyanna. Okurlar\u0131na erdemlerin ve ne\u015feli iyimserli\u011fin h\u00e2l\u00e2 var oldu\u011funa dair g\u00fcven tazeleme olana\u011f\u0131 sunuyor. <\/p>\n","protected":false},"excerpt":{"rendered":"<p>Her zaman olaylar\u0131n iyi taraf\u0131n\u0131 arayan &#8220;mutluluk oyunu&#8221;yla herkese kendini sevdiren, umutsuzlara umut a\u015f\u0131layan ve kendince d\u00fcnyan\u0131n yanl\u0131\u015flar\u0131n\u0131 d\u00fczelten gen\u00e7 bir k\u0131z\u0131n dokunakl\u0131 hik\u00e2yesi Pollyanna. Okurlar\u0131na<span class=\"excerpt-hellip\"> [\u2026]<\/span><\/p>\n","protected":false},"featured_media":0,"template":"","meta":{"_monsterinsights_skip_tracking":false,"_monsterinsights_sitenote_active":false,"_monsterinsights_sitenote_note":"","_monsterinsights_sitenote_category":0},"product_brand":[],"product_cat":[12274,12467],"product_tag":[],"class_list":{"0":"post-758972","1":"product","2":"type-product","3":"status-publish","5":"product_cat-cocuk-ve-genclik-kitaplari","6":"product_cat-dunya-klasikleri","7":"pa_cilt-ciltsiz","8":"pa_tur-kitap","9":"pa_yayinevi-mundi","10":"pa_yazar-eleanor-h-porter","12":"first","13":"instock","14":"sale","15":"shipping-taxable","16":"purchasable","17":"product-type-simple"},"_links":{"self":[{"href":"https:\/\/roveyayinevi.com.tr\/index.php\/wp-json\/wp\/v2\/product\/758972","targetHints":{"allow":["GET"]}}],"collection":[{"href":"https:\/\/roveyayinevi.com.tr\/index.php\/wp-json\/wp\/v2\/product"}],"about":[{"href":"https:\/\/roveyayinevi.com.tr\/index.php\/wp-json\/wp\/v2\/types\/product"}],"wp:attachment":[{"href":"https:\/\/roveyayinevi.com.tr\/index.php\/wp-json\/wp\/v2\/media?parent=758972"}],"wp:term":[{"taxonomy":"product_brand","embeddable":true,"href":"https:\/\/roveyayinevi.com.tr\/index.php\/wp-json\/wp\/v2\/product_brand?post=758972"},{"taxonomy":"product_cat","embeddable":true,"href":"https:\/\/roveyayinevi.com.tr\/index.php\/wp-json\/wp\/v2\/product_cat?post=758972"},{"taxonomy":"product_tag","embeddable":true,"href":"https:\/\/roveyayinevi.com.tr\/index.php\/wp-json\/wp\/v2\/product_tag?post=758972"}],"curies":[{"name":"wp","href":"https:\/\/api.w.org\/{rel}","templated":true}]}}