{"id":758971,"date":"2025-08-28T08:21:06","date_gmt":"2025-08-28T05:21:06","guid":{"rendered":"https:\/\/roveyayinevi.com.tr\/index.php\/urun\/oliver-twist-15\/"},"modified":"2026-04-16T03:11:50","modified_gmt":"2026-04-16T00:11:50","slug":"oliver-twist-15","status":"publish","type":"product","link":"https:\/\/roveyayinevi.com.tr\/index.php\/urun\/oliver-twist-15\/","title":{"rendered":"Oliver Twist"},"content":{"rendered":"<p>Oliver Twist, yetim ve \u00f6ks\u00fcz bir \u00e7ocuk. Hayat\u0131, keskin ve ac\u0131mas\u0131z kurallar\u0131 olan bir yetimhanede ba\u015fl\u0131yor. Kader, yetimhanede hi\u00e7 merhamet g\u00f6remeyen bu saf \u00e7ocu\u011fu Londra\u2019n\u0131n su\u00e7 dolu \u00e7etin sokaklar\u0131na s\u00fcr\u00fckl\u00fcyor. K\u00f6t\u00fc kalpli Fagin ve onun h\u0131rs\u0131z \u00e7etesiyle tan\u0131\u015f\u0131yor, bu tehlikeli d\u00fcnyada hayatta kalma m\u00fccadelesi veriyor.   Charles Dickens\u2019\u0131n unutulmaz eseri Oliver Twist, s\u0131n\u0131f farklar\u0131, insan do\u011fas\u0131, adaletsizlik ve umut konular\u0131n\u0131 dokunakl\u0131 bir \u015fekilde i\u015flerken, okurlar\u0131n\u0131 hem zengin bir maceraya davet ediyor hem de derin d\u00fc\u015f\u00fcncelere s\u00fcr\u00fckl\u00fcyor. <\/p>\n","protected":false},"excerpt":{"rendered":"<p>Oliver Twist, yetim ve \u00f6ks\u00fcz bir \u00e7ocuk. Hayat\u0131, keskin ve ac\u0131mas\u0131z kurallar\u0131 olan bir yetimhanede ba\u015fl\u0131yor. Kader, yetimhanede hi\u00e7 merhamet g\u00f6remeyen bu saf \u00e7ocu\u011fu Londra\u2019n\u0131n su\u00e7<span class=\"excerpt-hellip\"> [\u2026]<\/span><\/p>\n","protected":false},"featured_media":0,"template":"","meta":{"_monsterinsights_skip_tracking":false,"_monsterinsights_sitenote_active":false,"_monsterinsights_sitenote_note":"","_monsterinsights_sitenote_category":0},"product_brand":[],"product_cat":[12274,12467],"product_tag":[],"class_list":{"0":"post-758971","1":"product","2":"type-product","3":"status-publish","5":"product_cat-cocuk-ve-genclik-kitaplari","6":"product_cat-dunya-klasikleri","7":"pa_cilt-ciltsiz","8":"pa_tur-kitap","9":"pa_yayinevi-mundi","10":"pa_yazar-charles-dickens","12":"first","13":"instock","14":"sale","15":"shipping-taxable","16":"purchasable","17":"product-type-simple"},"_links":{"self":[{"href":"https:\/\/roveyayinevi.com.tr\/index.php\/wp-json\/wp\/v2\/product\/758971","targetHints":{"allow":["GET"]}}],"collection":[{"href":"https:\/\/roveyayinevi.com.tr\/index.php\/wp-json\/wp\/v2\/product"}],"about":[{"href":"https:\/\/roveyayinevi.com.tr\/index.php\/wp-json\/wp\/v2\/types\/product"}],"wp:attachment":[{"href":"https:\/\/roveyayinevi.com.tr\/index.php\/wp-json\/wp\/v2\/media?parent=758971"}],"wp:term":[{"taxonomy":"product_brand","embeddable":true,"href":"https:\/\/roveyayinevi.com.tr\/index.php\/wp-json\/wp\/v2\/product_brand?post=758971"},{"taxonomy":"product_cat","embeddable":true,"href":"https:\/\/roveyayinevi.com.tr\/index.php\/wp-json\/wp\/v2\/product_cat?post=758971"},{"taxonomy":"product_tag","embeddable":true,"href":"https:\/\/roveyayinevi.com.tr\/index.php\/wp-json\/wp\/v2\/product_tag?post=758971"}],"curies":[{"name":"wp","href":"https:\/\/api.w.org\/{rel}","templated":true}]}}