{"id":758966,"date":"2025-08-28T08:20:57","date_gmt":"2025-08-28T05:20:57","guid":{"rendered":"https:\/\/roveyayinevi.com.tr\/index.php\/urun\/iskoc-kacamagi\/"},"modified":"2026-04-16T03:11:50","modified_gmt":"2026-04-16T00:11:50","slug":"iskoc-kacamagi","status":"publish","type":"product","link":"https:\/\/roveyayinevi.com.tr\/index.php\/urun\/iskoc-kacamagi\/","title":{"rendered":"\u0130sko\u00e7 Ka\u00e7ama\u011f\u0131"},"content":{"rendered":"<p>Hayattaki amac\u0131n\u0131 arayan bir Amerikal\u0131, \u00e7areyi \u0130sko\u00e7ya\u2019n\u0131n bir kasabas\u0131na ka\u00e7makta bulmu\u015ftu. Gelgelelim burada huysuz ama elinden her i\u015f gelen bir yak\u0131\u015f\u0131kl\u0131 bir tamirciyle tan\u0131\u015ft\u0131\u011f\u0131nda cevaplardan \u00e7ok sorularla kar\u015f\u0131 kar\u015f\u0131ya kalacakt\u0131.   \u00dc\u00e7\u00fcnc\u00fc i\u015finden de kovulmu\u015f olan Bonnie St. James, yolunu tamamen kaybetmi\u015fti. B\u00f6ylelikle en yak\u0131n arkada\u015f\u0131yla \u0130sko\u00e7ya Da\u011flar\u0131\u2019nda bir \u201cyard\u0131mc\u0131 aran\u0131yor\u201d ilan\u0131na denk geldiklerinde hevesle ba\u015fvurmu\u015flard\u0131. Kim bilir, belki de yeni bir yere gitmek bir sonraki ad\u0131m\u0131n\u0131n ne oldu\u011funu bulmas\u0131 i\u00e7in tam da ihtiyac\u0131 olan \u015feydi.   K\u00fc\u00e7\u00fck, cennet gibi olan Corsekelly kasabas\u0131na ula\u015ft\u0131klar\u0131nda g\u00f6z kama\u015ft\u0131r\u0131c\u0131 Kuzey \u0130sko\u00e7ya\u2019ya ve arkada\u015f canl\u0131s\u0131 kasaba halk\u0131na bay\u0131lm\u0131\u015flard\u0131. Fakat kasaban\u0131n tamircisi olan kaba Rowan MacGregor, Bonnie\u2019yi pek de s\u0131cak kar\u015f\u0131lamayacakt\u0131. Kendi iblisleriyle bo\u011fu\u015fan Rowan, hi\u00e7 de tuhaf Amerikal\u0131yla u\u011fra\u015facak h\u00e2lde de\u011fildi, sevimli bir k\u00fc\u00e7\u00fck han\u0131m olsa bile. Bonnie ve Rowan\u2019\u0131n yollar\u0131 ka\u00e7\u0131n\u0131lmaz bir \u015fekilde kesi\u015fti\u011fi zaman hakaretler -ve k\u0131v\u0131lc\u0131mlar- havada u\u00e7u\u015fmu\u015ftu. Bu \u00e7ift, kendi benzerliklerini kullanarak birbirlerine y\u00f6nlerini ve ama\u00e7lar\u0131n\u0131 (belki de a\u015fk\u0131) bulmak \u00fczere yard\u0131m edebilecek miydi yoksa tutkulu \u00f6fkeleri onlar\u0131 birbirinden uzakla\u015ft\u0131racak m\u0131yd\u0131?<\/p>\n","protected":false},"excerpt":{"rendered":"<p>Hayattaki amac\u0131n\u0131 arayan bir Amerikal\u0131, \u00e7areyi \u0130sko\u00e7ya\u2019n\u0131n bir kasabas\u0131na ka\u00e7makta bulmu\u015ftu. Gelgelelim burada huysuz ama elinden her i\u015f gelen bir yak\u0131\u015f\u0131kl\u0131 bir tamirciyle tan\u0131\u015ft\u0131\u011f\u0131nda cevaplardan \u00e7ok<span class=\"excerpt-hellip\"> [\u2026]<\/span><\/p>\n","protected":false},"featured_media":0,"template":"","meta":{"_monsterinsights_skip_tracking":false,"_monsterinsights_sitenote_active":false,"_monsterinsights_sitenote_note":"","_monsterinsights_sitenote_category":0},"product_brand":[],"product_cat":[12291,12711],"product_tag":[],"class_list":{"0":"post-758966","1":"product","2":"type-product","3":"status-publish","5":"product_cat-edebiyat","6":"product_cat-roman-oyku","7":"pa_cilt-ciltsiz","8":"pa_tur-kitap","9":"pa_yayinevi-ren-kitap","10":"pa_yazar-meghan-quinn","12":"first","13":"instock","14":"sale","15":"shipping-taxable","16":"purchasable","17":"product-type-simple"},"_links":{"self":[{"href":"https:\/\/roveyayinevi.com.tr\/index.php\/wp-json\/wp\/v2\/product\/758966","targetHints":{"allow":["GET"]}}],"collection":[{"href":"https:\/\/roveyayinevi.com.tr\/index.php\/wp-json\/wp\/v2\/product"}],"about":[{"href":"https:\/\/roveyayinevi.com.tr\/index.php\/wp-json\/wp\/v2\/types\/product"}],"wp:attachment":[{"href":"https:\/\/roveyayinevi.com.tr\/index.php\/wp-json\/wp\/v2\/media?parent=758966"}],"wp:term":[{"taxonomy":"product_brand","embeddable":true,"href":"https:\/\/roveyayinevi.com.tr\/index.php\/wp-json\/wp\/v2\/product_brand?post=758966"},{"taxonomy":"product_cat","embeddable":true,"href":"https:\/\/roveyayinevi.com.tr\/index.php\/wp-json\/wp\/v2\/product_cat?post=758966"},{"taxonomy":"product_tag","embeddable":true,"href":"https:\/\/roveyayinevi.com.tr\/index.php\/wp-json\/wp\/v2\/product_tag?post=758966"}],"curies":[{"name":"wp","href":"https:\/\/api.w.org\/{rel}","templated":true}]}}