{"id":758964,"date":"2025-08-28T08:20:54","date_gmt":"2025-08-28T05:20:54","guid":{"rendered":"https:\/\/roveyayinevi.com.tr\/index.php\/urun\/kurekcay-anlasmasindan-susa-beyanamesine-karabag\/"},"modified":"2026-04-16T03:11:50","modified_gmt":"2026-04-16T00:11:50","slug":"kurekcay-anlasmasindan-susa-beyanamesine-karabag","status":"publish","type":"product","link":"https:\/\/roveyayinevi.com.tr\/index.php\/urun\/kurekcay-anlasmasindan-susa-beyanamesine-karabag\/","title":{"rendered":"K\u00fcrek\u00e7ay Anla\u015fmas\u0131ndan \u015eu\u015fa Beyanamesine &#8211; Karaba\u011f"},"content":{"rendered":"<p>T\u00fcrk d\u00fcnyas\u0131nda kanayan bir yara, Kafkasya\u2019da tipik bir &#8220;ayr\u0131l\u0131k\u00e7\u0131l\u0131k&#8221; g\u00f6r\u00fcn\u00fcml\u00fc i\u015fgal sorunu, Avrasya\u2019da bir d\u00fc\u011f\u00fcm, diplomasi sahas\u0131nda hi\u00e7 bitmeyecek san\u0131lan bir m\u00fczakere mevzusu&#8230; 1990\u2019lardan g\u00fcn\u00fcm\u00fcze uzanan, ard\u0131nda ise daha k\u00f6kl\u00fc hesaplar\u0131n yatt\u0131\u011f\u0131 bir meselenin ad\u0131yken, Karaba\u011f art\u0131k istikrar\u0131n, geli\u015fmenin ve yeniden yap\u0131lanman\u0131n ad\u0131 h\u00e2line gelmektedir. Bu kitap, her ikisi de konuya ili\u015fkin yetkin \u00e7al\u0131\u015fmalar\u0131yla tan\u0131nan iki akademisyenin, \u00fczerine pek \u00e7ok akademik \u00e7al\u0131\u015fma yap\u0131lm\u0131\u015f olan Karaba\u011f konusunu, toplumun her kesimine anlatma gayretiyle yaz\u0131ld\u0131. \u00c7al\u0131\u015fman\u0131n arka plan\u0131nda, yazarlar\u0131n 30 y\u0131l\u0131 a\u015fan konu ve saha tecr\u00fcbeleriyle T\u00fcrk\u00e7e, Rus\u00e7a, \u0130ngilizce, Fars\u00e7a, Ermenice kaynaklara esaslanan \u00f6zg\u00fcn birikimleri vard\u0131r. E\u015fsiz co\u011frafi g\u00fczelliklere ve nadide stratejik de\u011fere sahip Karaba\u011f\u2019\u0131n bir \u201csorun\u201d h\u00e2line getirilmesinden ba\u015flayan tarih\u00ee ser\u00fcven, \u0130kinci Karaba\u011f Sava\u015f\u0131, \u015eu\u015fa Beyannamesi ve 2023 y\u0131l\u0131ndaki geli\u015fmelere kadar anlat\u0131lmaktad\u0131r. Emperyal politikalar\u0131n hedefindeki bu b\u00f6lgenin ad\u0131 nereden gelir? Nereleri kapsar? Neden \u00f6nemlidir? \u0130lk defa nas\u0131l sorun h\u00e2line gelmi\u015ftir? N\u00fcfus yap\u0131s\u0131 nas\u0131l de\u011fi\u015ftirilmi\u015ftir? Birinci Sava\u015f nas\u0131l haz\u0131rlanm\u0131\u015ft\u0131r? Neden i\u015fgalle sonu\u00e7lanm\u0131\u015ft\u0131r? Bu i\u015fgal nas\u0131l 30 y\u0131l kadar s\u00fcrebilmi\u015ftir? Arabuluculuklar, m\u00fczakereler neden sonu\u00e7 getirmemi\u015ftir? \u0130kinci Sava\u015f nas\u0131l ba\u015flam\u0131\u015f, nas\u0131l geli\u015fmi\u015f ve zafer nas\u0131l kazan\u0131lm\u0131\u015ft\u0131r? T\u00fcm bu sorular\u0131n cevab\u0131n\u0131 bu kitapta bulabilirsiniz.<\/p>\n","protected":false},"excerpt":{"rendered":"<p>T\u00fcrk d\u00fcnyas\u0131nda kanayan bir yara, Kafkasya\u2019da tipik bir &#8220;ayr\u0131l\u0131k\u00e7\u0131l\u0131k&#8221; g\u00f6r\u00fcn\u00fcml\u00fc i\u015fgal sorunu, Avrasya\u2019da bir d\u00fc\u011f\u00fcm, diplomasi sahas\u0131nda hi\u00e7 bitmeyecek san\u0131lan bir m\u00fczakere mevzusu&#8230; 1990\u2019lardan g\u00fcn\u00fcm\u00fcze uzanan,<span class=\"excerpt-hellip\"> [\u2026]<\/span><\/p>\n","protected":false},"featured_media":0,"template":"","meta":{"_monsterinsights_skip_tracking":false,"_monsterinsights_sitenote_active":false,"_monsterinsights_sitenote_note":"","_monsterinsights_sitenote_category":0},"product_brand":[],"product_cat":[12370,12304],"product_tag":[],"class_list":{"0":"post-758964","1":"product","2":"type-product","3":"status-publish","5":"product_cat-arastirma-inceleme","6":"product_cat-tarih","7":"pa_cilt-ciltsiz","8":"pa_tur-kitap","9":"pa_yayinevi-kripto-basim-yayin","10":"pa_yazar-yalcin-sarikaya-araz-aslanli","12":"first","13":"instock","14":"sale","15":"shipping-taxable","16":"purchasable","17":"product-type-simple"},"_links":{"self":[{"href":"https:\/\/roveyayinevi.com.tr\/index.php\/wp-json\/wp\/v2\/product\/758964","targetHints":{"allow":["GET"]}}],"collection":[{"href":"https:\/\/roveyayinevi.com.tr\/index.php\/wp-json\/wp\/v2\/product"}],"about":[{"href":"https:\/\/roveyayinevi.com.tr\/index.php\/wp-json\/wp\/v2\/types\/product"}],"wp:attachment":[{"href":"https:\/\/roveyayinevi.com.tr\/index.php\/wp-json\/wp\/v2\/media?parent=758964"}],"wp:term":[{"taxonomy":"product_brand","embeddable":true,"href":"https:\/\/roveyayinevi.com.tr\/index.php\/wp-json\/wp\/v2\/product_brand?post=758964"},{"taxonomy":"product_cat","embeddable":true,"href":"https:\/\/roveyayinevi.com.tr\/index.php\/wp-json\/wp\/v2\/product_cat?post=758964"},{"taxonomy":"product_tag","embeddable":true,"href":"https:\/\/roveyayinevi.com.tr\/index.php\/wp-json\/wp\/v2\/product_tag?post=758964"}],"curies":[{"name":"wp","href":"https:\/\/api.w.org\/{rel}","templated":true}]}}