{"id":758961,"date":"2025-08-28T08:20:49","date_gmt":"2025-08-28T05:20:49","guid":{"rendered":"https:\/\/roveyayinevi.com.tr\/index.php\/urun\/kucuk-kara-balik-27\/"},"modified":"2026-04-16T03:11:50","modified_gmt":"2026-04-16T00:11:50","slug":"kucuk-kara-balik-27","status":"publish","type":"product","link":"https:\/\/roveyayinevi.com.tr\/index.php\/urun\/kucuk-kara-balik-27\/","title":{"rendered":"K\u00fc\u00e7\u00fck Kara Bal\u0131k"},"content":{"rendered":"<p>K\u00fc\u00e7\u00fck Kara Bal\u0131k, Sebepsizce y\u00fczmekten s\u0131k\u0131lan bir bal\u0131k. Bir g\u00fcn \u00f6zg\u00fcr denizlere a\u00e7\u0131lmak istedi\u011fini s\u00f6yler. Ancak bu fikrine kimse s\u0131cak bakmaz ve herkes onu bu fifrinden vazge\u00e7irmeye \u00e7al\u0131\u015f\u0131r. K\u00fc\u00e7\u00fck Kara Bal\u0131k bunlar\u0131n hi\u00e7birini  dikkate almaz ve macera ile dolu bir yolculu\u011fa \u00e7\u0131kar. K\u00fc\u00e7\u00fck Kara Bal\u0131k&#8217;\u0131n hayallerini ger\u00e7ekle\u015ftirmek i\u00e7in \u00e7\u0131kt\u0131\u011f\u0131 bu yolculuk herkezin i\u00e7inde derin izler b\u0131rakacak.<\/p>\n","protected":false},"excerpt":{"rendered":"<p>K\u00fc\u00e7\u00fck Kara Bal\u0131k, Sebepsizce y\u00fczmekten s\u0131k\u0131lan bir bal\u0131k. Bir g\u00fcn \u00f6zg\u00fcr denizlere a\u00e7\u0131lmak istedi\u011fini s\u00f6yler. Ancak bu fikrine kimse s\u0131cak bakmaz ve herkes onu bu fifrinden<span class=\"excerpt-hellip\"> [\u2026]<\/span><\/p>\n","protected":false},"featured_media":0,"template":"","meta":{"_monsterinsights_skip_tracking":false,"_monsterinsights_sitenote_active":false,"_monsterinsights_sitenote_note":"","_monsterinsights_sitenote_category":0},"product_brand":[],"product_cat":[12274,12467],"product_tag":[],"class_list":{"0":"post-758961","1":"product","2":"type-product","3":"status-publish","5":"product_cat-cocuk-ve-genclik-kitaplari","6":"product_cat-dunya-klasikleri","7":"pa_cilt-ciltsiz","8":"pa_tur-kitap","9":"pa_yayinevi-kitappazari-yayinlari","10":"pa_yazar-samed-behrengi","12":"first","13":"instock","14":"sale","15":"shipping-taxable","16":"purchasable","17":"product-type-simple"},"_links":{"self":[{"href":"https:\/\/roveyayinevi.com.tr\/index.php\/wp-json\/wp\/v2\/product\/758961","targetHints":{"allow":["GET"]}}],"collection":[{"href":"https:\/\/roveyayinevi.com.tr\/index.php\/wp-json\/wp\/v2\/product"}],"about":[{"href":"https:\/\/roveyayinevi.com.tr\/index.php\/wp-json\/wp\/v2\/types\/product"}],"wp:attachment":[{"href":"https:\/\/roveyayinevi.com.tr\/index.php\/wp-json\/wp\/v2\/media?parent=758961"}],"wp:term":[{"taxonomy":"product_brand","embeddable":true,"href":"https:\/\/roveyayinevi.com.tr\/index.php\/wp-json\/wp\/v2\/product_brand?post=758961"},{"taxonomy":"product_cat","embeddable":true,"href":"https:\/\/roveyayinevi.com.tr\/index.php\/wp-json\/wp\/v2\/product_cat?post=758961"},{"taxonomy":"product_tag","embeddable":true,"href":"https:\/\/roveyayinevi.com.tr\/index.php\/wp-json\/wp\/v2\/product_tag?post=758961"}],"curies":[{"name":"wp","href":"https:\/\/api.w.org\/{rel}","templated":true}]}}