{"id":758959,"date":"2025-08-28T08:20:46","date_gmt":"2025-08-28T05:20:46","guid":{"rendered":"https:\/\/roveyayinevi.com.tr\/index.php\/urun\/ulduz-kiz-ve-kargalar\/"},"modified":"2026-04-16T03:11:50","modified_gmt":"2026-04-16T00:11:50","slug":"ulduz-kiz-ve-kargalar","status":"publish","type":"product","link":"https:\/\/roveyayinevi.com.tr\/index.php\/urun\/ulduz-kiz-ve-kargalar\/","title":{"rendered":"Ulduz K\u0131z ve Kargalar"},"content":{"rendered":"<p>Benim ad\u0131m, Ulduz. Bu sene on ya\u015f\u0131ma girdim. Okuyaca\u011f\u0131n\u0131z hikaye, hayat\u0131m\u0131n bir par\u00e7as\u0131d\u0131r. Bu hikayeyi ben anlatt\u0131m, Behrengi \u00f6\u011fretmenimiz kaleme ald\u0131.      Bir zamanlar k\u00f6y\u00fcm\u00fcz\u00fcn \u00f6\u011fretmeniydi Behrengi \u00f6\u011fret[1]men. Bizim evde otururdu. Bir g\u00fcn ba\u015f\u0131mdan ge\u00e7enleri ona anlat\u0131nca \u00e7ok ilgilendi.     \u201cUlduz \u0130zin verirsen, senin ve kargalar\u0131n ba\u015f\u0131ndan ge\u00e7en[1]leri yazay\u0131m. Anlatt\u0131klar\u0131n bir hikaye kitab\u0131 olsun. Ne dersin?\u201d  dedi.. Bir ka\u00e7 \u015fartla bu teklifini kabul ettim.      \u00d6nce, bu hikayeyi yaln\u0131z \u00e7ocuklar i\u00e7in yazacak. \u00c7\u00fcnk\u00fc b\u00fcy\u00fckler \u00f6yle da\u011f\u0131tm\u0131\u015flar kendilerini ki, benim hikayemi  anlamazlar, zevk almazlar. Sonra, bu hikayeyi yaln\u0131z fakir ve ak\u0131ll\u0131, uslu, yaramazl\u0131k yapmayan \u00e7ocuklar i\u00e7in yazacak.      Ben, yedi ya\u015f\u0131ma kadar \u00fcvey annemin yan\u0131nda ya\u015fad\u0131m. Bu hikaye de o g\u00fcnleri anlat\u0131r. \u00d6z annem k\u00f6ydeydi. Babam, bo\u015fad\u0131ktan sonra onu k\u00f6ye, babas\u0131n\u0131n yan\u0131na g\u00f6ndermi\u015f, ba\u015fka bir kad\u0131nla evlenmi\u015fti. Babam resmi bir dairede \u00e7al\u0131\u015f\u0131yordu. O zamanlar biz k\u00fc\u00e7\u00fck bir kasabada oturuyorduk. Yaln\u0131z bir tek caddesi vard\u0131. Birka\u00e7 y\u0131l sonra ben de k\u00f6ye gittim. Behrengi \u00d6\u011fretmen \u015fart\u0131m\u0131 kabul etti, bana s\u00f6z verdi. Bu hikayeden sonra, benim konu\u015fan bebe\u011fimin hikayesini de yazacak. Ba\u015f\u0131mdan ge\u00e7enleri okuyunca bir\u00e7ok \u015fey \u00f6\u011frenece\u011finize inan\u0131yorum.         Arkada\u015f\u0131n\u0131z Ulduz <\/p>\n","protected":false},"excerpt":{"rendered":"<p>Benim ad\u0131m, Ulduz. Bu sene on ya\u015f\u0131ma girdim. Okuyaca\u011f\u0131n\u0131z hikaye, hayat\u0131m\u0131n bir par\u00e7as\u0131d\u0131r. Bu hikayeyi ben anlatt\u0131m, Behrengi \u00f6\u011fretmenimiz kaleme ald\u0131. Bir zamanlar k\u00f6y\u00fcm\u00fcz\u00fcn \u00f6\u011fretmeniydi Behrengi<span class=\"excerpt-hellip\"> [\u2026]<\/span><\/p>\n","protected":false},"featured_media":0,"template":"","meta":{"_monsterinsights_skip_tracking":false,"_monsterinsights_sitenote_active":false,"_monsterinsights_sitenote_note":"","_monsterinsights_sitenote_category":0},"product_brand":[],"product_cat":[12274,12467],"product_tag":[],"class_list":{"0":"post-758959","1":"product","2":"type-product","3":"status-publish","5":"product_cat-cocuk-ve-genclik-kitaplari","6":"product_cat-dunya-klasikleri","7":"pa_cilt-ciltsiz","8":"pa_tur-kitap","9":"pa_yayinevi-kitappazari-yayinlari","10":"pa_yazar-samed-behrengi","12":"first","13":"instock","14":"sale","15":"shipping-taxable","16":"purchasable","17":"product-type-simple"},"_links":{"self":[{"href":"https:\/\/roveyayinevi.com.tr\/index.php\/wp-json\/wp\/v2\/product\/758959","targetHints":{"allow":["GET"]}}],"collection":[{"href":"https:\/\/roveyayinevi.com.tr\/index.php\/wp-json\/wp\/v2\/product"}],"about":[{"href":"https:\/\/roveyayinevi.com.tr\/index.php\/wp-json\/wp\/v2\/types\/product"}],"wp:attachment":[{"href":"https:\/\/roveyayinevi.com.tr\/index.php\/wp-json\/wp\/v2\/media?parent=758959"}],"wp:term":[{"taxonomy":"product_brand","embeddable":true,"href":"https:\/\/roveyayinevi.com.tr\/index.php\/wp-json\/wp\/v2\/product_brand?post=758959"},{"taxonomy":"product_cat","embeddable":true,"href":"https:\/\/roveyayinevi.com.tr\/index.php\/wp-json\/wp\/v2\/product_cat?post=758959"},{"taxonomy":"product_tag","embeddable":true,"href":"https:\/\/roveyayinevi.com.tr\/index.php\/wp-json\/wp\/v2\/product_tag?post=758959"}],"curies":[{"name":"wp","href":"https:\/\/api.w.org\/{rel}","templated":true}]}}