{"id":758958,"date":"2025-08-28T08:20:44","date_gmt":"2025-08-28T05:20:44","guid":{"rendered":"https:\/\/roveyayinevi.com.tr\/index.php\/urun\/sevgi-masali-14\/"},"modified":"2026-04-16T03:11:50","modified_gmt":"2026-04-16T00:11:50","slug":"sevgi-masali-14","status":"publish","type":"product","link":"https:\/\/roveyayinevi.com.tr\/index.php\/urun\/sevgi-masali-14\/","title":{"rendered":"Sevgi Masal\u0131"},"content":{"rendered":"<p>Bir zamanlar, \u00fclkenin birinde bir padi\u015fah\u0131n alt\u0131 yedi ya\u015flar\u0131nda bir k\u0131z\u0131 vard\u0131. K\u0131z\u0131n, bir s\u00fcr\u00fc hizmet\u00e7isi varken, bir de \u00f6zel u\u015fa\u011f\u0131 her zaman hizmetindeydi. Ko\u00e7 Ali derlerdi bu u\u015fa\u011f\u0131n ad\u0131na. Padi\u015fah\u0131n k\u0131z\u0131ndan az\u0131c\u0131k b\u00fcy\u00fckt\u00fc Ko\u00e7 Ali.  Samed Behrengi Bu masal\u0131nda , yery\u00fcz\u00fcnde kimsenin kendisiyle konu\u015fmaya lay\u0131k olmad\u0131\u011f\u0131n\u0131 d\u00fc\u015f\u00fcnen Padi\u015fah k\u0131z\u0131 ile ona \u00e2\u015f\u0131k oldu\u011fu i\u00e7in saraydan kovulan Ko\u00e7 Ali&#8217;nin hik\u00e2yesini anlat\u0131r. Ne ki kimseleri be\u011fenmeyen padi\u015fah k\u0131z\u0131, sonunda en dipsiz kuyu olan yaln\u0131zl\u0131\u011fa d\u00fc\u015fer ve hastalan\u0131r.<\/p>\n","protected":false},"excerpt":{"rendered":"<p>Bir zamanlar, \u00fclkenin birinde bir padi\u015fah\u0131n alt\u0131 yedi ya\u015flar\u0131nda bir k\u0131z\u0131 vard\u0131. K\u0131z\u0131n, bir s\u00fcr\u00fc hizmet\u00e7isi varken, bir de \u00f6zel u\u015fa\u011f\u0131 her zaman hizmetindeydi. Ko\u00e7 Ali<span class=\"excerpt-hellip\"> [\u2026]<\/span><\/p>\n","protected":false},"featured_media":0,"template":"","meta":{"_monsterinsights_skip_tracking":false,"_monsterinsights_sitenote_active":false,"_monsterinsights_sitenote_note":"","_monsterinsights_sitenote_category":0},"product_brand":[],"product_cat":[12274,12467],"product_tag":[],"class_list":{"0":"post-758958","1":"product","2":"type-product","3":"status-publish","5":"product_cat-cocuk-ve-genclik-kitaplari","6":"product_cat-dunya-klasikleri","7":"pa_cilt-ciltsiz","8":"pa_tur-kitap","9":"pa_yayinevi-kitappazari-yayinlari","10":"pa_yazar-samed-behrengi","12":"first","13":"instock","14":"sale","15":"shipping-taxable","16":"purchasable","17":"product-type-simple"},"_links":{"self":[{"href":"https:\/\/roveyayinevi.com.tr\/index.php\/wp-json\/wp\/v2\/product\/758958","targetHints":{"allow":["GET"]}}],"collection":[{"href":"https:\/\/roveyayinevi.com.tr\/index.php\/wp-json\/wp\/v2\/product"}],"about":[{"href":"https:\/\/roveyayinevi.com.tr\/index.php\/wp-json\/wp\/v2\/types\/product"}],"wp:attachment":[{"href":"https:\/\/roveyayinevi.com.tr\/index.php\/wp-json\/wp\/v2\/media?parent=758958"}],"wp:term":[{"taxonomy":"product_brand","embeddable":true,"href":"https:\/\/roveyayinevi.com.tr\/index.php\/wp-json\/wp\/v2\/product_brand?post=758958"},{"taxonomy":"product_cat","embeddable":true,"href":"https:\/\/roveyayinevi.com.tr\/index.php\/wp-json\/wp\/v2\/product_cat?post=758958"},{"taxonomy":"product_tag","embeddable":true,"href":"https:\/\/roveyayinevi.com.tr\/index.php\/wp-json\/wp\/v2\/product_tag?post=758958"}],"curies":[{"name":"wp","href":"https:\/\/api.w.org\/{rel}","templated":true}]}}