{"id":758957,"date":"2025-08-28T08:20:42","date_gmt":"2025-08-28T05:20:42","guid":{"rendered":"https:\/\/roveyayinevi.com.tr\/index.php\/urun\/ulduz-kiz-ve-konusan-bebek\/"},"modified":"2026-04-16T03:11:50","modified_gmt":"2026-04-16T00:11:50","slug":"ulduz-kiz-ve-konusan-bebek","status":"publish","type":"product","link":"https:\/\/roveyayinevi.com.tr\/index.php\/urun\/ulduz-kiz-ve-konusan-bebek\/","title":{"rendered":"Ulduz K\u0131z Ve Konu\u015fan Bebek"},"content":{"rendered":"<p>Ulduz K\u0131z, yine yaln\u0131zl\u0131ktan yak\u0131nd\u0131\u011f\u0131 bir g\u00fcn, oyuncak bebe\u011finin canlan\u0131verdi\u011fini ve konu\u015fmaya ba\u015flad\u0131\u011f\u0131n\u0131 g\u00f6r\u00fcp \u015fa\u015f\u0131r\u0131r. Aralar\u0131ndaki dostluk k\u0131sa s\u00fcrede \u00f6ylesine g\u00fc\u00e7lenir ki Konu\u015fan Bebek, Ulduz K\u0131z ve arkada\u015f\u0131 Ya\u015far&#8217;\u0131 hi\u00e7 bilmedikleri diyarlarda reng\u00e2renk yolculuklara \u00e7\u0131kar\u0131r..              Aradan g\u00fcnler ge\u00e7ti. Ya\u015far&#8217;\u0131n babas\u0131 b\u00fct\u00fcn yaz\u0131 hasta yata\u011f\u0131nda ila\u00e7 alarak ge\u00e7irdi. \u00c7ocuklar birbirleriyle s\u0131k g\u00f6r\u00fc\u015femediler. Bebekleri i\u00e7in \u00fcz\u00fcl\u00fcyor, tek ba\u015flar\u0131na \u00e7ile dolduruyorlard\u0131. Hele Konu\u015fan Bebe\u011fin \u00fcz\u00fcnt\u00fcs\u00fc.. Ulduz, \u00fcvey anas\u0131n\u0131n yan\u0131nda bebe s\u00f6zc\u00fc\u011f\u00fcn\u00fc bile a\u011fz\u0131na alam\u0131yordu ama Konu\u015fan Bebe\u011fi d\u00fc\u015f\u00fcnmeden durabilir miydi hi\u00e7? O g\u00f6rkemli geceyi, o orman gecesini, o gizlerle dolu orman\u0131 unutabilir miydi? Cemre gecesini unutabilir miydi? Cemre gecesi olunca t\u00fcm bebekler yine ormanda toplanacakt\u0131. Ama Ulduz&#8217;la Ya\u015far&#8217;\u0131 ormana g\u00f6t\u00fcrecek bir bebekleri yoktu art\u0131k <\/p>\n","protected":false},"excerpt":{"rendered":"<p>Ulduz K\u0131z, yine yaln\u0131zl\u0131ktan yak\u0131nd\u0131\u011f\u0131 bir g\u00fcn, oyuncak bebe\u011finin canlan\u0131verdi\u011fini ve konu\u015fmaya ba\u015flad\u0131\u011f\u0131n\u0131 g\u00f6r\u00fcp \u015fa\u015f\u0131r\u0131r. Aralar\u0131ndaki dostluk k\u0131sa s\u00fcrede \u00f6ylesine g\u00fc\u00e7lenir ki Konu\u015fan Bebek, Ulduz K\u0131z<span class=\"excerpt-hellip\"> [\u2026]<\/span><\/p>\n","protected":false},"featured_media":0,"template":"","meta":{"_monsterinsights_skip_tracking":false,"_monsterinsights_sitenote_active":false,"_monsterinsights_sitenote_note":"","_monsterinsights_sitenote_category":0},"product_brand":[],"product_cat":[12274,12467],"product_tag":[],"class_list":{"0":"post-758957","1":"product","2":"type-product","3":"status-publish","5":"product_cat-cocuk-ve-genclik-kitaplari","6":"product_cat-dunya-klasikleri","7":"pa_cilt-ciltsiz","8":"pa_tur-kitap","9":"pa_yayinevi-kitappazari-yayinlari","10":"pa_yazar-samed-behrengi","12":"first","13":"instock","14":"sale","15":"shipping-taxable","16":"purchasable","17":"product-type-simple"},"_links":{"self":[{"href":"https:\/\/roveyayinevi.com.tr\/index.php\/wp-json\/wp\/v2\/product\/758957","targetHints":{"allow":["GET"]}}],"collection":[{"href":"https:\/\/roveyayinevi.com.tr\/index.php\/wp-json\/wp\/v2\/product"}],"about":[{"href":"https:\/\/roveyayinevi.com.tr\/index.php\/wp-json\/wp\/v2\/types\/product"}],"wp:attachment":[{"href":"https:\/\/roveyayinevi.com.tr\/index.php\/wp-json\/wp\/v2\/media?parent=758957"}],"wp:term":[{"taxonomy":"product_brand","embeddable":true,"href":"https:\/\/roveyayinevi.com.tr\/index.php\/wp-json\/wp\/v2\/product_brand?post=758957"},{"taxonomy":"product_cat","embeddable":true,"href":"https:\/\/roveyayinevi.com.tr\/index.php\/wp-json\/wp\/v2\/product_cat?post=758957"},{"taxonomy":"product_tag","embeddable":true,"href":"https:\/\/roveyayinevi.com.tr\/index.php\/wp-json\/wp\/v2\/product_tag?post=758957"}],"curies":[{"name":"wp","href":"https:\/\/api.w.org\/{rel}","templated":true}]}}