{"id":758956,"date":"2025-08-28T08:20:41","date_gmt":"2025-08-28T05:20:41","guid":{"rendered":"https:\/\/roveyayinevi.com.tr\/index.php\/urun\/puskullu-deve-7\/"},"modified":"2026-04-16T03:11:50","modified_gmt":"2026-04-16T00:11:50","slug":"puskullu-deve-7","status":"publish","type":"product","link":"https:\/\/roveyayinevi.com.tr\/index.php\/urun\/puskullu-deve-7\/","title":{"rendered":"P\u00fcsk\u00fcll\u00fc Deve"},"content":{"rendered":"<p>B\u00f6yle yerlerden her ge\u00e7i\u015fimde kendimi sinemada oturmu\u015f film seyrediyor san\u0131rd\u0131m. \u015eunu hi\u00e7bir zaman anlayamazd\u0131m: Bu g\u00fczel evlerde oturanlar neler yer, nas\u0131l yatar, ne konu\u015fur, giyimleri nas\u0131ld\u0131r?     P\u00fcsk\u00fcll\u00fc Deve adl\u0131 bu masal, yazar\u0131n en sevilen masallar\u0131ndan birisi. Bu masalda, babas\u0131yla b\u00fcy\u00fck kente gelen k\u00fc\u00e7\u00fck yoksul bir \u00e7ocu\u011fun, b\u00fcy\u00fck bir oyuncak ma\u011fazas\u0131n\u0131n vitrininde duran kocaman bir oyuncak deve ile olan dostlu\u011fu anlat\u0131lm\u0131\u015f. Hi\u00e7bir zaman o deveye sahip olamayacak olan k\u00fc\u00e7\u00fck \u00e7ocukla, oyuncak p\u00fcsk\u00fcll\u00fc deve aras\u0131nda ge\u00e7en bu g\u00fczel ser\u00fcveni severek okuyacaks\u0131n\u0131z <\/p>\n","protected":false},"excerpt":{"rendered":"<p>B\u00f6yle yerlerden her ge\u00e7i\u015fimde kendimi sinemada oturmu\u015f film seyrediyor san\u0131rd\u0131m. \u015eunu hi\u00e7bir zaman anlayamazd\u0131m: Bu g\u00fczel evlerde oturanlar neler yer, nas\u0131l yatar, ne konu\u015fur, giyimleri nas\u0131ld\u0131r?<span class=\"excerpt-hellip\"> [\u2026]<\/span><\/p>\n","protected":false},"featured_media":0,"template":"","meta":{"_monsterinsights_skip_tracking":false,"_monsterinsights_sitenote_active":false,"_monsterinsights_sitenote_note":"","_monsterinsights_sitenote_category":0},"product_brand":[],"product_cat":[12274,12467],"product_tag":[],"class_list":{"0":"post-758956","1":"product","2":"type-product","3":"status-publish","5":"product_cat-cocuk-ve-genclik-kitaplari","6":"product_cat-dunya-klasikleri","7":"pa_cilt-ciltsiz","8":"pa_tur-kitap","9":"pa_yayinevi-kitappazari-yayinlari","10":"pa_yazar-samed-behrengi","12":"first","13":"instock","14":"sale","15":"shipping-taxable","16":"purchasable","17":"product-type-simple"},"_links":{"self":[{"href":"https:\/\/roveyayinevi.com.tr\/index.php\/wp-json\/wp\/v2\/product\/758956","targetHints":{"allow":["GET"]}}],"collection":[{"href":"https:\/\/roveyayinevi.com.tr\/index.php\/wp-json\/wp\/v2\/product"}],"about":[{"href":"https:\/\/roveyayinevi.com.tr\/index.php\/wp-json\/wp\/v2\/types\/product"}],"wp:attachment":[{"href":"https:\/\/roveyayinevi.com.tr\/index.php\/wp-json\/wp\/v2\/media?parent=758956"}],"wp:term":[{"taxonomy":"product_brand","embeddable":true,"href":"https:\/\/roveyayinevi.com.tr\/index.php\/wp-json\/wp\/v2\/product_brand?post=758956"},{"taxonomy":"product_cat","embeddable":true,"href":"https:\/\/roveyayinevi.com.tr\/index.php\/wp-json\/wp\/v2\/product_cat?post=758956"},{"taxonomy":"product_tag","embeddable":true,"href":"https:\/\/roveyayinevi.com.tr\/index.php\/wp-json\/wp\/v2\/product_tag?post=758956"}],"curies":[{"name":"wp","href":"https:\/\/api.w.org\/{rel}","templated":true}]}}