{"id":758955,"date":"2025-08-28T08:20:39","date_gmt":"2025-08-28T05:20:39","guid":{"rendered":"https:\/\/roveyayinevi.com.tr\/index.php\/urun\/bir-vardi-bir-yoktu\/"},"modified":"2026-04-16T03:11:50","modified_gmt":"2026-04-16T00:11:50","slug":"bir-vardi-bir-yoktu","status":"publish","type":"product","link":"https:\/\/roveyayinevi.com.tr\/index.php\/urun\/bir-vardi-bir-yoktu\/","title":{"rendered":"Bir Vard\u0131 Bir Yoktu"},"content":{"rendered":"<p>Bir Vard\u0131 Bir Yoktu adl\u0131 bu kitab\u0131nda yazar\u0131n k\u0131sa masallar\u0131n\u0131 bulacaks\u0131n\u0131z. Samed Behrengi&#8217;yi okuyunca, ger\u00e7ek arkada\u015fl\u0131\u011f\u0131n, dostlu\u011fun ne oldu\u011funu daha \u00e7abuk \u00f6\u011frenecek, \u00e7evrenizde olup bitenleri daha \u00e7abuk kavrayacaks\u0131n\u0131z. Tam yere ayak basacakt\u0131m ki&#8230;Orada eli sopal\u0131 bir \u00e7ocuk duruyordu.K\u00f6pe\u011fin birine sald\u0131r\u0131yordu.K\u00f6pek ise ac\u0131 ac\u0131 inleyip duruyordu.O \u00e7ocuktan korktum bir an.Onun bulundu\u011fu yere inmek istemedim.\u00c7ok \u00fcz\u00fclm\u00fc\u015ft\u00fcm.R\u00fczgardan beni ba\u015fka bir yere indirmesini diledim. R\u00fczgar dile\u011fimi yerine getirdi.Beni bu pencereye do\u011fru \u00fcf\u00fcrd\u00fc.Senin elini g\u00f6r\u00fcnce bana uzanm\u0131\u015f bir dost eli oldu\u011funu anlad\u0131m (ah \u0131n masal\u0131)<\/p>\n","protected":false},"excerpt":{"rendered":"<p>Bir Vard\u0131 Bir Yoktu adl\u0131 bu kitab\u0131nda yazar\u0131n k\u0131sa masallar\u0131n\u0131 bulacaks\u0131n\u0131z. Samed Behrengi&#8217;yi okuyunca, ger\u00e7ek arkada\u015fl\u0131\u011f\u0131n, dostlu\u011fun ne oldu\u011funu daha \u00e7abuk \u00f6\u011frenecek, \u00e7evrenizde olup bitenleri daha<span class=\"excerpt-hellip\"> [\u2026]<\/span><\/p>\n","protected":false},"featured_media":0,"template":"","meta":{"_monsterinsights_skip_tracking":false,"_monsterinsights_sitenote_active":false,"_monsterinsights_sitenote_note":"","_monsterinsights_sitenote_category":0},"product_brand":[],"product_cat":[12274,12467],"product_tag":[],"class_list":{"0":"post-758955","1":"product","2":"type-product","3":"status-publish","5":"product_cat-cocuk-ve-genclik-kitaplari","6":"product_cat-dunya-klasikleri","7":"pa_cilt-ciltsiz","8":"pa_tur-kitap","9":"pa_yayinevi-kitappazari-yayinlari","10":"pa_yazar-samed-behrengi","12":"first","13":"instock","14":"sale","15":"shipping-taxable","16":"purchasable","17":"product-type-simple"},"_links":{"self":[{"href":"https:\/\/roveyayinevi.com.tr\/index.php\/wp-json\/wp\/v2\/product\/758955","targetHints":{"allow":["GET"]}}],"collection":[{"href":"https:\/\/roveyayinevi.com.tr\/index.php\/wp-json\/wp\/v2\/product"}],"about":[{"href":"https:\/\/roveyayinevi.com.tr\/index.php\/wp-json\/wp\/v2\/types\/product"}],"wp:attachment":[{"href":"https:\/\/roveyayinevi.com.tr\/index.php\/wp-json\/wp\/v2\/media?parent=758955"}],"wp:term":[{"taxonomy":"product_brand","embeddable":true,"href":"https:\/\/roveyayinevi.com.tr\/index.php\/wp-json\/wp\/v2\/product_brand?post=758955"},{"taxonomy":"product_cat","embeddable":true,"href":"https:\/\/roveyayinevi.com.tr\/index.php\/wp-json\/wp\/v2\/product_cat?post=758955"},{"taxonomy":"product_tag","embeddable":true,"href":"https:\/\/roveyayinevi.com.tr\/index.php\/wp-json\/wp\/v2\/product_tag?post=758955"}],"curies":[{"name":"wp","href":"https:\/\/api.w.org\/{rel}","templated":true}]}}