{"id":758954,"date":"2025-08-28T08:20:37","date_gmt":"2025-08-28T05:20:37","guid":{"rendered":"https:\/\/roveyayinevi.com.tr\/index.php\/urun\/beyaz-bir-gemi\/"},"modified":"2026-04-16T03:11:50","modified_gmt":"2026-04-16T00:11:50","slug":"beyaz-bir-gemi","status":"publish","type":"product","link":"https:\/\/roveyayinevi.com.tr\/index.php\/urun\/beyaz-bir-gemi\/","title":{"rendered":"Beyaz Bir Gemi"},"content":{"rendered":"<p>Ressam Tevfik Aravurgun, g\u00f6zlerini denizin k\u0131r\u0131\u015f\u0131ks\u0131z \u00e7alkalanan ye\u015fil y\u00fcz\u00fcnde gezdirirken, tam kar\u015f\u0131s\u0131nda, birka\u00e7 y\u00fcz metre ilerde, beyaz bir gemi g\u00f6rd\u00fc. \u201cKim bilir hangi gavurun yat\u0131d\u0131r?.. Ya\u015famas\u0131n\u0131 biliyor hergeleler&#8230; Elbette, d\u00fcnyada her \u015fey parayla olur, para da onlarda&#8230; Sanat\u0131n k\u0131ymetini de onlar biliyor. Acaba bu geminin sahibi ne milletten? Ya \u0130ngiliz, ya Amerikal\u0131d\u0131r. \u0130ngilizse bo\u015f ver, pinti oluyor herifler&#8230; Ama, Amerikal\u0131 ise ya\u015fad\u0131k&#8230;\u201d Eni iki, boyu \u00fc\u00e7 kar\u0131\u015f b\u00fcy\u00fckl\u00fc\u011f\u00fcndeki bir tabloyu geminin sahibine g\u00f6t\u00fcr\u00fcp bu hediyeyi kabul etmesini isteyince, adam herhalde pek m\u00fctehassis olacak, hele ressam\u0131n kar\u015f\u0131daki Akademi&#8217;nin hocalar\u0131ndan oldu\u011funu \u00f6\u011frenince, muhakkak kesenin a\u011fz\u0131n\u0131 a\u00e7acakt\u0131. \u00d6yle ya, keyfi i\u00e7in hususi yatla seyahate \u00e7\u0131kan zengin bir ecnebi i\u00e7in, gemisinin e\u015fsiz \u0130stanbul dekoru i\u00e7inde yap\u0131lm\u0131\u015f g\u00fczel bir tablosunu salonuna asmaktan ve dostlar\u0131na bu resmin yerli bir profes\u00f6r taraf\u0131ndan yap\u0131ld\u0131\u011f\u0131n\u0131 s\u00f6ylemekten daha zevkli ne olabilirdi? Gemiye yakla\u015f\u0131p bayra\u011f\u0131n \u0130ngiliz oldu\u011funu g\u00f6r\u00fcnce, biraz \u00fcmitleri k\u0131r\u0131ld\u0131. Deli gibi para yiyenlerin as\u0131l Amerikal\u0131lar oldu\u011fu malumdu. \u201cNeyse, kalbini sa\u011flam tut Tevfik!\u201d diyerek elinde tablosuyla beyaz geminin merdivenini \u00e7\u0131kmaya ba\u015flad\u0131. <\/p>\n","protected":false},"excerpt":{"rendered":"<p>Ressam Tevfik Aravurgun, g\u00f6zlerini denizin k\u0131r\u0131\u015f\u0131ks\u0131z \u00e7alkalanan ye\u015fil y\u00fcz\u00fcnde gezdirirken, tam kar\u015f\u0131s\u0131nda, birka\u00e7 y\u00fcz metre ilerde, beyaz bir gemi g\u00f6rd\u00fc. \u201cKim bilir hangi gavurun yat\u0131d\u0131r?.. Ya\u015famas\u0131n\u0131<span class=\"excerpt-hellip\"> [\u2026]<\/span><\/p>\n","protected":false},"featured_media":0,"template":"","meta":{"_monsterinsights_skip_tracking":false,"_monsterinsights_sitenote_active":false,"_monsterinsights_sitenote_note":"","_monsterinsights_sitenote_category":0},"product_brand":[],"product_cat":[12291,18202],"product_tag":[],"class_list":{"0":"post-758954","1":"product","2":"type-product","3":"status-publish","5":"product_cat-edebiyat","6":"product_cat-hikaye","7":"pa_cilt-ciltsiz","8":"pa_tur-kitap","9":"pa_yayinevi-kitappazari-yayinlari","10":"pa_yazar-sabahattin-ali","12":"first","13":"instock","14":"sale","15":"shipping-taxable","16":"purchasable","17":"product-type-simple"},"_links":{"self":[{"href":"https:\/\/roveyayinevi.com.tr\/index.php\/wp-json\/wp\/v2\/product\/758954","targetHints":{"allow":["GET"]}}],"collection":[{"href":"https:\/\/roveyayinevi.com.tr\/index.php\/wp-json\/wp\/v2\/product"}],"about":[{"href":"https:\/\/roveyayinevi.com.tr\/index.php\/wp-json\/wp\/v2\/types\/product"}],"wp:attachment":[{"href":"https:\/\/roveyayinevi.com.tr\/index.php\/wp-json\/wp\/v2\/media?parent=758954"}],"wp:term":[{"taxonomy":"product_brand","embeddable":true,"href":"https:\/\/roveyayinevi.com.tr\/index.php\/wp-json\/wp\/v2\/product_brand?post=758954"},{"taxonomy":"product_cat","embeddable":true,"href":"https:\/\/roveyayinevi.com.tr\/index.php\/wp-json\/wp\/v2\/product_cat?post=758954"},{"taxonomy":"product_tag","embeddable":true,"href":"https:\/\/roveyayinevi.com.tr\/index.php\/wp-json\/wp\/v2\/product_tag?post=758954"}],"curies":[{"name":"wp","href":"https:\/\/api.w.org\/{rel}","templated":true}]}}