{"id":758951,"date":"2025-08-28T08:20:30","date_gmt":"2025-08-28T05:20:30","guid":{"rendered":"https:\/\/roveyayinevi.com.tr\/index.php\/urun\/hakikat-burosu-cilt-2-tepedeki-sehir\/"},"modified":"2026-04-16T03:11:50","modified_gmt":"2026-04-16T00:11:50","slug":"hakikat-burosu-cilt-2-tepedeki-sehir","status":"publish","type":"product","link":"https:\/\/roveyayinevi.com.tr\/index.php\/urun\/hakikat-burosu-cilt-2-tepedeki-sehir\/","title":{"rendered":"Hakikat B\u00fcrosu Cilt 2 &#8211; Tepedeki \u015eehir"},"content":{"rendered":"<p>Amerika h\u00fck\u00fcmetinin tehlikeli komplolar\u0131n ger\u00e7ekli\u011fi b\u00fckmesine engel olmaktan sorumlu \u00e7ok gizli bir kolu olan HAK\u0130KAT B\u00dcROSU\u2019nun yeni dedektifi COLE TURNER, toplu inan\u00e7lar\u0131n d\u00fcnyay\u0131\u015fekillendirmek i\u00e7in kulland\u0131\u011f\u0131 korkun\u00e7 y\u00f6ntemleri bizzat deneyimledi. Ancak tavizsiz yeni ak\u0131l hocas\u0131 HAWK HARRISON\u2019dan LEE HARVEY OSWALD\u2019\u0131n y\u00f6netiminde ge\u00e7en d\u00f6nemle ilgili\u00f6\u011frendi\u011fi her yeni bilgi, Hakikat B\u00fcrosu\u2019nun ger\u00e7eklerle kurgunun aras\u0131ndaki sava\u015fta do\u011fru tarafta oldu\u011funa dair inanc\u0131n\u0131 giderek azalt\u0131yor. Di\u011fer yandan saf inanc\u0131n maddele\u015ftirdi\u011fi kurgular, di\u011fer ad\u0131yla TULPALAR ger\u00e7ek d\u00fcnyadaki k\u00f6klerini giderek sa\u011flamla\u015ft\u0131r\u0131rken Cole\u2019un taraf se\u00e7mek i\u00e7in kalan s\u00fcresi t\u00fckenmek \u00fczere. Eisner \u00f6d\u00fcll\u00fc yazar JAMES TYNION IV (Batman, Something is Killing the Children) ve harika bir \u00e7\u0131k\u0131\u015f yakalayan \u00e7izer MARTIN SIMMONS (Dying is Easy), perdenin arkas\u0131na yapt\u0131klar\u0131 d\u00fc\u015f\u00fcnmeyete\u015fvik edici yolculuklar\u0131na Hakikat B\u00fcrosu hakk\u0131nda bildi\u011finizi sand\u0131\u011f\u0131n\u0131z her \u015feyi alt \u00fcst edecek yeni bilgileri g\u00f6zler \u00f6n\u00fcne sererek devam ediyor. Bu cilt, THE DEPARTMENT OF TRUTH #8-13 say\u0131lar\u0131n\u0131 i\u00e7ermektedir.<\/p>\n","protected":false},"excerpt":{"rendered":"<p>Amerika h\u00fck\u00fcmetinin tehlikeli komplolar\u0131n ger\u00e7ekli\u011fi b\u00fckmesine engel olmaktan sorumlu \u00e7ok gizli bir kolu olan HAK\u0130KAT B\u00dcROSU\u2019nun yeni dedektifi COLE TURNER, toplu inan\u00e7lar\u0131n d\u00fcnyay\u0131\u015fekillendirmek i\u00e7in kulland\u0131\u011f\u0131 korkun\u00e7<span class=\"excerpt-hellip\"> [\u2026]<\/span><\/p>\n","protected":false},"featured_media":0,"template":"","meta":{"_monsterinsights_skip_tracking":false,"_monsterinsights_sitenote_active":false,"_monsterinsights_sitenote_note":"","_monsterinsights_sitenote_category":0},"product_brand":[],"product_cat":[12416,12291],"product_tag":[],"class_list":{"0":"post-758951","1":"product","2":"type-product","3":"status-publish","5":"product_cat-cizgi-roman","6":"product_cat-edebiyat","7":"pa_cilt-ciltsiz","8":"pa_tur-kitap","9":"pa_yayinevi-kayip-kita-yayinlari","10":"pa_yazar-james-tynion-iv","12":"first","13":"instock","14":"sale","15":"shipping-taxable","16":"purchasable","17":"product-type-simple"},"_links":{"self":[{"href":"https:\/\/roveyayinevi.com.tr\/index.php\/wp-json\/wp\/v2\/product\/758951","targetHints":{"allow":["GET"]}}],"collection":[{"href":"https:\/\/roveyayinevi.com.tr\/index.php\/wp-json\/wp\/v2\/product"}],"about":[{"href":"https:\/\/roveyayinevi.com.tr\/index.php\/wp-json\/wp\/v2\/types\/product"}],"wp:attachment":[{"href":"https:\/\/roveyayinevi.com.tr\/index.php\/wp-json\/wp\/v2\/media?parent=758951"}],"wp:term":[{"taxonomy":"product_brand","embeddable":true,"href":"https:\/\/roveyayinevi.com.tr\/index.php\/wp-json\/wp\/v2\/product_brand?post=758951"},{"taxonomy":"product_cat","embeddable":true,"href":"https:\/\/roveyayinevi.com.tr\/index.php\/wp-json\/wp\/v2\/product_cat?post=758951"},{"taxonomy":"product_tag","embeddable":true,"href":"https:\/\/roveyayinevi.com.tr\/index.php\/wp-json\/wp\/v2\/product_tag?post=758951"}],"curies":[{"name":"wp","href":"https:\/\/api.w.org\/{rel}","templated":true}]}}