{"id":758950,"date":"2025-08-28T08:20:28","date_gmt":"2025-08-28T05:20:28","guid":{"rendered":"https:\/\/roveyayinevi.com.tr\/index.php\/urun\/kuyucakli-yusuf-31\/"},"modified":"2026-04-16T03:11:50","modified_gmt":"2026-04-16T00:11:50","slug":"kuyucakli-yusuf-31","status":"publish","type":"product","link":"https:\/\/roveyayinevi.com.tr\/index.php\/urun\/kuyucakli-yusuf-31\/","title":{"rendered":"Kuyucakl\u0131 Yusuf"},"content":{"rendered":"<p>Sabahattin Ali\u2019nin t\u00fcm \u00f6yk\u00fc ve romanlar\u0131 gibi, Kuyucakl\u0131 Yusuf da ger\u00e7ek ya\u015famdan kurgulanm\u0131\u015ft\u0131r. Sabahattin Ali\u2019nin cezaevinden ko\u011fu\u015f arkada\u015flar\u0131ndan biridir Kuyucakl\u0131 Yusuf. Roman, Ayd\u0131n\u2019\u0131n Nazilli kazas\u0131na yak\u0131n Kuyucak k\u00f6y\u00fcnde 10 ya\u015flar\u0131ndaki Yusuf\u2019un anne ve babas\u0131n\u0131n katledili\u015fi ile ba\u015fl\u0131yor. Yusuf, olay s\u0131ras\u0131nda evdedir ve t\u00fcm olanlara tan\u0131k olur, hatta e\u015fk\u0131yalarla bo\u011fu\u015furken sa\u011f elinin ba\u015fparma\u011f\u0131ndan olur. Zorbal\u0131\u011f\u0131n ve adaletsizli\u011fin kar\u015f\u0131s\u0131nda \u00e7aresizli\u011fin ilk deneyimidir Yusuf\u2019un ya\u015fad\u0131\u011f\u0131. Devam\u0131 da gelecektir. Edremit\u2019te roman\u0131n ba\u015f karakterleri olan Yusuf ile Muazzez&#8217;in a\u015fk\u0131 etraf\u0131nda geli\u015fen eser, romantik felsefeden kaynaklanan zengin ve fakir, zalim ve mazlum, k\u00f6y ve kent, medeniyet ve tabiat aras\u0131ndaki kar\u015f\u0131tl\u0131klardan beslenir. Roman\u0131n sonunda Yusuf&#8217;un kasabadaki e\u015fraf ve b\u00fcrokrat temsilcilerini \u00f6ld\u00fcrerek at\u0131n\u0131 da\u011flara do\u011fru s\u00fcrmesi nedeniyle eser, T\u00fcrk edebiyat\u0131ndaki ba\u015fkald\u0131r\u0131 ve e\u015fk\u0131ya romanlar\u0131n\u0131n \u00f6nc\u00fcs\u00fc kabul edilir. <\/p>\n","protected":false},"excerpt":{"rendered":"<p>Sabahattin Ali\u2019nin t\u00fcm \u00f6yk\u00fc ve romanlar\u0131 gibi, Kuyucakl\u0131 Yusuf da ger\u00e7ek ya\u015famdan kurgulanm\u0131\u015ft\u0131r. Sabahattin Ali\u2019nin cezaevinden ko\u011fu\u015f arkada\u015flar\u0131ndan biridir Kuyucakl\u0131 Yusuf. Roman, Ayd\u0131n\u2019\u0131n Nazilli kazas\u0131na yak\u0131n<span class=\"excerpt-hellip\"> [\u2026]<\/span><\/p>\n","protected":false},"featured_media":0,"template":"","meta":{"_monsterinsights_skip_tracking":false,"_monsterinsights_sitenote_active":false,"_monsterinsights_sitenote_note":"","_monsterinsights_sitenote_category":0},"product_brand":[],"product_cat":[12291,12711],"product_tag":[],"class_list":{"0":"post-758950","1":"product","2":"type-product","3":"status-publish","5":"product_cat-edebiyat","6":"product_cat-roman-oyku","7":"pa_cilt-ciltsiz","8":"pa_tur-kitap","9":"pa_yayinevi-kitappazari-yayinlari","10":"pa_yazar-sabahattin-ali","12":"first","13":"instock","14":"sale","15":"shipping-taxable","16":"purchasable","17":"product-type-simple"},"_links":{"self":[{"href":"https:\/\/roveyayinevi.com.tr\/index.php\/wp-json\/wp\/v2\/product\/758950","targetHints":{"allow":["GET"]}}],"collection":[{"href":"https:\/\/roveyayinevi.com.tr\/index.php\/wp-json\/wp\/v2\/product"}],"about":[{"href":"https:\/\/roveyayinevi.com.tr\/index.php\/wp-json\/wp\/v2\/types\/product"}],"wp:attachment":[{"href":"https:\/\/roveyayinevi.com.tr\/index.php\/wp-json\/wp\/v2\/media?parent=758950"}],"wp:term":[{"taxonomy":"product_brand","embeddable":true,"href":"https:\/\/roveyayinevi.com.tr\/index.php\/wp-json\/wp\/v2\/product_brand?post=758950"},{"taxonomy":"product_cat","embeddable":true,"href":"https:\/\/roveyayinevi.com.tr\/index.php\/wp-json\/wp\/v2\/product_cat?post=758950"},{"taxonomy":"product_tag","embeddable":true,"href":"https:\/\/roveyayinevi.com.tr\/index.php\/wp-json\/wp\/v2\/product_tag?post=758950"}],"curies":[{"name":"wp","href":"https:\/\/api.w.org\/{rel}","templated":true}]}}