{"id":758943,"date":"2025-08-28T08:20:14","date_gmt":"2025-08-28T05:20:14","guid":{"rendered":"https:\/\/roveyayinevi.com.tr\/index.php\/urun\/bir-cokusun-hikayesi\/"},"modified":"2026-04-16T03:11:50","modified_gmt":"2026-04-16T00:11:50","slug":"bir-cokusun-hikayesi","status":"publish","type":"product","link":"https:\/\/roveyayinevi.com.tr\/index.php\/urun\/bir-cokusun-hikayesi\/","title":{"rendered":"Bir \u00c7\u00f6k\u00fc\u015f\u00fcn Hikayesi"},"content":{"rendered":"<p>XV. Louis d\u00f6neminde Frans\u0131z saray\u0131n\u0131n g\u00f6zdelerinden birisiyken birdenbire g\u00f6zden d\u00fc\u015fen Madame de Prie\u2019nin psikolojik olarak \u00e7\u00f6k\u00fc\u015f hik\u00e2yesini ele alan bu eser ger\u00e7ek bir ya\u015famdan ilham al\u0131narak yaz\u0131lm\u0131\u015f.       Madame de Prie, Kral taraf\u0131ndan Normandiya\u2019ya s\u00fcrg\u00fcne g\u00f6nderilir ve orada Paris hayat\u0131n\u0131n \u015fa\u015faal\u0131 g\u00fcnlerini d\u00fc\u015fleyerek ya\u015fama tutunmaya \u00e7al\u0131\u015f\u0131r. Paris e\u011flencelerini, emrindeki u\u015faklar\u0131 ve saraydaki ihti\u015faml\u0131 g\u00fcnlerini hasretle \u00f6zler ve s\u00fcrg\u00fcn hayat\u0131n\u0131 bir t\u00fcrl\u00fc kabul etmek istemez. Fakat ger\u00e7ek budur ve alt tabaka insanlar\u0131n aras\u0131nda ya\u015famak zorundad\u0131r. \u00dcstelik s\u00fcrg\u00fcn\u00fcn ne kadar s\u00fcrece\u011fi belli de\u011fildir. \u00c7aresizlik i\u00e7inde yeniden hat\u0131rlanaca\u011f\u0131 ve herkesi etkisi alt\u0131na alaca\u011f\u0131 bir g\u00fcn\u00fc planlamaya ba\u015flayan Prie, kendisi i\u00e7in haz\u0131rlad\u0131\u011f\u0131 bir \u00e7arp\u0131c\u0131 sona haz\u0131rl\u0131k yapar. <\/p>\n","protected":false},"excerpt":{"rendered":"<p>XV. Louis d\u00f6neminde Frans\u0131z saray\u0131n\u0131n g\u00f6zdelerinden birisiyken birdenbire g\u00f6zden d\u00fc\u015fen Madame de Prie\u2019nin psikolojik olarak \u00e7\u00f6k\u00fc\u015f hik\u00e2yesini ele alan bu eser ger\u00e7ek bir ya\u015famdan ilham al\u0131narak<span class=\"excerpt-hellip\"> [\u2026]<\/span><\/p>\n","protected":false},"featured_media":0,"template":"","meta":{"_monsterinsights_skip_tracking":false,"_monsterinsights_sitenote_active":false,"_monsterinsights_sitenote_note":"","_monsterinsights_sitenote_category":0},"product_brand":[],"product_cat":[12291,18202],"product_tag":[],"class_list":{"0":"post-758943","1":"product","2":"type-product","3":"status-publish","5":"product_cat-edebiyat","6":"product_cat-hikaye","7":"pa_cilt-ciltsiz","8":"pa_tur-kitap","9":"pa_yayinevi-kitappazari-yayinlari","10":"pa_yazar-stefan-zweig","12":"first","13":"instock","14":"sale","15":"shipping-taxable","16":"purchasable","17":"product-type-simple"},"_links":{"self":[{"href":"https:\/\/roveyayinevi.com.tr\/index.php\/wp-json\/wp\/v2\/product\/758943","targetHints":{"allow":["GET"]}}],"collection":[{"href":"https:\/\/roveyayinevi.com.tr\/index.php\/wp-json\/wp\/v2\/product"}],"about":[{"href":"https:\/\/roveyayinevi.com.tr\/index.php\/wp-json\/wp\/v2\/types\/product"}],"wp:attachment":[{"href":"https:\/\/roveyayinevi.com.tr\/index.php\/wp-json\/wp\/v2\/media?parent=758943"}],"wp:term":[{"taxonomy":"product_brand","embeddable":true,"href":"https:\/\/roveyayinevi.com.tr\/index.php\/wp-json\/wp\/v2\/product_brand?post=758943"},{"taxonomy":"product_cat","embeddable":true,"href":"https:\/\/roveyayinevi.com.tr\/index.php\/wp-json\/wp\/v2\/product_cat?post=758943"},{"taxonomy":"product_tag","embeddable":true,"href":"https:\/\/roveyayinevi.com.tr\/index.php\/wp-json\/wp\/v2\/product_tag?post=758943"}],"curies":[{"name":"wp","href":"https:\/\/api.w.org\/{rel}","templated":true}]}}