{"id":758940,"date":"2025-08-28T08:20:08","date_gmt":"2025-08-28T05:20:08","guid":{"rendered":"https:\/\/roveyayinevi.com.tr\/index.php\/urun\/bir-kadinin-24-saati-2\/"},"modified":"2026-04-16T03:11:50","modified_gmt":"2026-04-16T00:11:50","slug":"bir-kadinin-24-saati-2","status":"publish","type":"product","link":"https:\/\/roveyayinevi.com.tr\/index.php\/urun\/bir-kadinin-24-saati-2\/","title":{"rendered":"Bir Kad\u0131n\u0131n 24 Saati"},"content":{"rendered":"<p>Riviera\u2019da bir otelde e\u015fi ve iki k\u0131z\u0131yla tatil yapan Henriette bir gece ans\u0131z\u0131n ortadan kaybolur. Mutlu bir evlili\u011fi oldu\u011fu bilinen gen\u00e7 kad\u0131n\u0131n, birden kaybolu\u015fu dedikodulara neden olur. Kad\u0131n\u0131n, her \u015feyini b\u0131rak\u0131p gen\u00e7 bir erkekle ka\u00e7t\u0131\u011f\u0131 anla\u015f\u0131l\u0131nca; herkes bu olay\u0131 ele\u015ftirir.        Yaln\u0131zca bir ki\u015fi bu durumu normal kar\u015f\u0131lar: \u201cBa\u015fkalar\u0131n\u0131 mahk\u00fbm etmektense onlar\u0131 anlamak i\u00e7in \u00e7aba harcamakt\u0131r tercihim.\u201d Bu tarafs\u0131z, so\u011fukkanl\u0131 yakla\u015f\u0131ma hayran kalan Bayan C., y\u0131llard\u0131r i\u00e7ini kemiren bir hik\u00e2ye anlatmaya karar verir kahraman\u0131m\u0131za:        Ya\u015fam\u0131ndan yirmi d\u00f6rt saat g\u00f6t\u00fcren, yirmi d\u00f6rt y\u0131ld\u0131r hi\u00e7 akl\u0131ndan \u00e7\u0131kmayan bir azapt\u0131r ayr\u0131ca. Usta yazar Stefan Zweig bir kad\u0131n\u0131n ya\u015fad\u0131\u011f\u0131 mutlulu\u011fu, tutkuyu, umudu, ac\u0131y\u0131 ve saplant\u0131y\u0131 yaln\u0131zca 24 saatine \u0131\u015f\u0131k tutarak anlat\u0131yor. <\/p>\n","protected":false},"excerpt":{"rendered":"<p>Riviera\u2019da bir otelde e\u015fi ve iki k\u0131z\u0131yla tatil yapan Henriette bir gece ans\u0131z\u0131n ortadan kaybolur. Mutlu bir evlili\u011fi oldu\u011fu bilinen gen\u00e7 kad\u0131n\u0131n, birden kaybolu\u015fu dedikodulara neden<span class=\"excerpt-hellip\"> [\u2026]<\/span><\/p>\n","protected":false},"featured_media":0,"template":"","meta":{"_monsterinsights_skip_tracking":false,"_monsterinsights_sitenote_active":false,"_monsterinsights_sitenote_note":"","_monsterinsights_sitenote_category":0},"product_brand":[],"product_cat":[12291,18202],"product_tag":[],"class_list":{"0":"post-758940","1":"product","2":"type-product","3":"status-publish","5":"product_cat-edebiyat","6":"product_cat-hikaye","7":"pa_cilt-ciltsiz","8":"pa_tur-kitap","9":"pa_yayinevi-kitappazari-yayinlari","10":"pa_yazar-stefan-zweig","12":"first","13":"instock","14":"sale","15":"shipping-taxable","16":"purchasable","17":"product-type-simple"},"_links":{"self":[{"href":"https:\/\/roveyayinevi.com.tr\/index.php\/wp-json\/wp\/v2\/product\/758940","targetHints":{"allow":["GET"]}}],"collection":[{"href":"https:\/\/roveyayinevi.com.tr\/index.php\/wp-json\/wp\/v2\/product"}],"about":[{"href":"https:\/\/roveyayinevi.com.tr\/index.php\/wp-json\/wp\/v2\/types\/product"}],"wp:attachment":[{"href":"https:\/\/roveyayinevi.com.tr\/index.php\/wp-json\/wp\/v2\/media?parent=758940"}],"wp:term":[{"taxonomy":"product_brand","embeddable":true,"href":"https:\/\/roveyayinevi.com.tr\/index.php\/wp-json\/wp\/v2\/product_brand?post=758940"},{"taxonomy":"product_cat","embeddable":true,"href":"https:\/\/roveyayinevi.com.tr\/index.php\/wp-json\/wp\/v2\/product_cat?post=758940"},{"taxonomy":"product_tag","embeddable":true,"href":"https:\/\/roveyayinevi.com.tr\/index.php\/wp-json\/wp\/v2\/product_tag?post=758940"}],"curies":[{"name":"wp","href":"https:\/\/api.w.org\/{rel}","templated":true}]}}