{"id":758939,"date":"2025-08-28T08:20:06","date_gmt":"2025-08-28T05:20:06","guid":{"rendered":"https:\/\/roveyayinevi.com.tr\/index.php\/urun\/bilinmeyen-bir-kadinin-mektubu-18\/"},"modified":"2026-04-16T03:11:50","modified_gmt":"2026-04-16T00:11:50","slug":"bilinmeyen-bir-kadinin-mektubu-18","status":"publish","type":"product","link":"https:\/\/roveyayinevi.com.tr\/index.php\/urun\/bilinmeyen-bir-kadinin-mektubu-18\/","title":{"rendered":"Bilinmeyen Bir Kad\u0131n\u0131n Mektubu"},"content":{"rendered":"<p>\u00dcnl\u00fc roman yazar\u0131 R., k\u0131rk birinci ya\u015f g\u00fcn\u00fcnde imzas\u0131z bir mektup al\u0131r. Yakla\u015f\u0131k iki d\u00fczine g\u00f6r\u00fcnen, yaz\u0131 bi\u00e7iminden acele kaleme al\u0131nm\u0131\u015f oldu\u011fu anla\u015f\u0131lan mektup, bilinmeyen bir kad\u0131n taraf\u0131ndan g\u00f6nderilmi\u015ftir. G\u00f6nderenin kim oldu\u011funu bilmese de, mektup hemen ilgisini \u00e7eker. \u201cBeni hi\u00e7 tan\u0131mam\u0131\u015f olan sana\u2026\u201d diye ba\u015flayan bu mektup ile tek tarafl\u0131 ya\u015fad\u0131\u011f\u0131 a\u015fk\u0131 yirmi sayfaya s\u0131\u011fd\u0131ran, u\u00e7urumun e\u015fi\u011findeki bir kad\u0131n\u0131n i\u00e7 d\u00fcnyas\u0131na yolculuk ba\u015flar.       Okuduk\u00e7a merak\u0131 sab\u0131rs\u0131zl\u0131\u011fa d\u00f6n\u00fc\u015ft\u00fcren bu mektup, bir kar\u015f\u0131l\u0131ks\u0131z a\u015fk hikayesidir. \u201cSen beni asla tan\u0131mayan, bir \u00e7amurlu su birikintisinin yan\u0131ndan ge\u00e7er gibi yan\u0131mdan ge\u00e7ip giden, bir ta\u015fa basarcas\u0131na \u00fcst\u00fcme basan, hep yoluna devam eden ve her zaman beni sonsuz bir bekleyi\u015f i\u00e7erisinde b\u0131rakan sen, kimsin ki benim i\u00e7in?\u201d Bir yanda say\u0131s\u0131z g\u00f6n\u00fcl maceras\u0131 olan, ama sevgiyi, ba\u011fl\u0131l\u0131\u011f\u0131 ya\u015fama \u015fans\u0131 belki de hi\u00e7 ger\u00e7ekle\u015fmeyecek bir adam, di\u011fer yanda sevdi\u011fi ki\u015fi u\u011fruna kendi hayat\u0131ndan bile vazge\u00e7en bir kad\u0131n\u2026       Stefan Zweig, bir kad\u0131n\u0131n ya\u015fad\u0131\u011f\u0131 platonik a\u015fk\u0131 derin bir psikolojik \u00e7\u00f6z\u00fcmlemeyle ele al\u0131yor. Bilinmeyen Bir Kad\u0131n\u0131n Mektubu, \u201cB\u00f6ylesine bir a\u015fk ger\u00e7ek olabilir mi?\u201d sorusunu ak\u0131llara getiren ilgin\u00e7 bir eser. <\/p>\n","protected":false},"excerpt":{"rendered":"<p>\u00dcnl\u00fc roman yazar\u0131 R., k\u0131rk birinci ya\u015f g\u00fcn\u00fcnde imzas\u0131z bir mektup al\u0131r. Yakla\u015f\u0131k iki d\u00fczine g\u00f6r\u00fcnen, yaz\u0131 bi\u00e7iminden acele kaleme al\u0131nm\u0131\u015f oldu\u011fu anla\u015f\u0131lan mektup, bilinmeyen bir<span class=\"excerpt-hellip\"> [\u2026]<\/span><\/p>\n","protected":false},"featured_media":0,"template":"","meta":{"_monsterinsights_skip_tracking":false,"_monsterinsights_sitenote_active":false,"_monsterinsights_sitenote_note":"","_monsterinsights_sitenote_category":0},"product_brand":[],"product_cat":[12291,18202],"product_tag":[],"class_list":{"0":"post-758939","1":"product","2":"type-product","3":"status-publish","5":"product_cat-edebiyat","6":"product_cat-hikaye","7":"pa_cilt-ciltsiz","8":"pa_tur-kitap","9":"pa_yayinevi-kitappazari-yayinlari","10":"pa_yazar-stefan-zweig","12":"first","13":"instock","14":"sale","15":"shipping-taxable","16":"purchasable","17":"product-type-simple"},"_links":{"self":[{"href":"https:\/\/roveyayinevi.com.tr\/index.php\/wp-json\/wp\/v2\/product\/758939","targetHints":{"allow":["GET"]}}],"collection":[{"href":"https:\/\/roveyayinevi.com.tr\/index.php\/wp-json\/wp\/v2\/product"}],"about":[{"href":"https:\/\/roveyayinevi.com.tr\/index.php\/wp-json\/wp\/v2\/types\/product"}],"wp:attachment":[{"href":"https:\/\/roveyayinevi.com.tr\/index.php\/wp-json\/wp\/v2\/media?parent=758939"}],"wp:term":[{"taxonomy":"product_brand","embeddable":true,"href":"https:\/\/roveyayinevi.com.tr\/index.php\/wp-json\/wp\/v2\/product_brand?post=758939"},{"taxonomy":"product_cat","embeddable":true,"href":"https:\/\/roveyayinevi.com.tr\/index.php\/wp-json\/wp\/v2\/product_cat?post=758939"},{"taxonomy":"product_tag","embeddable":true,"href":"https:\/\/roveyayinevi.com.tr\/index.php\/wp-json\/wp\/v2\/product_tag?post=758939"}],"curies":[{"name":"wp","href":"https:\/\/api.w.org\/{rel}","templated":true}]}}