{"id":758938,"date":"2025-08-28T08:20:04","date_gmt":"2025-08-28T05:20:04","guid":{"rendered":"https:\/\/roveyayinevi.com.tr\/index.php\/urun\/amok-kosucusu-16\/"},"modified":"2026-04-16T03:11:50","modified_gmt":"2026-04-16T00:11:50","slug":"amok-kosucusu-16","status":"publish","type":"product","link":"https:\/\/roveyayinevi.com.tr\/index.php\/urun\/amok-kosucusu-16\/","title":{"rendered":"Amok Ko\u015fucusu"},"content":{"rendered":"<p>Amok Ko\u015fucusu, Stefan Zweig\u2019\u0131n ba\u015fyap\u0131tlar\u0131ndan biridir. \u00dclkesine gitmek \u00fczere Kalk\u00fcta\u2019dan gemiye binen bir Avrupal\u0131, gemide herkesten saklanan bir doktor ile tan\u0131\u015f\u0131r. \u0130simsiz doktorun Avrupal\u0131 yolcuya anlatt\u0131klar\u0131 ise inan\u0131lmas\u0131 g\u00fc\u00e7 bir gizemdir. G\u00fcneydo\u011fu Asya k\u00fclt\u00fcrlerinde \u201ccinnet\u201d h\u00e2lini ifade etmek i\u00e7in kullan\u0131lan \u201camok\u201d, g\u00f6z\u00fc kararan, hiddetle sald\u0131ran ve muhatab\u0131n\u0131 \u00f6l\u00fcme g\u00f6t\u00fcrebilen bir hastal\u0131kt\u0131r.       Malezya ormanlar\u0131nda kimsenin u\u011framad\u0131\u011f\u0131 \u00fccra bir noktada doktorun tan\u0131\u015ft\u0131\u011f\u0131 cazibeli, ma\u011frur, onu \u00e7\u0131lg\u0131na \u00e7eviren, kariyerini bitiren, hayat\u0131n\u0131 alt\u00fcst eden \u0130ngiliz kad\u0131nla ilgili bir gizem onu bu hale getirmi\u015ftir. Tutkunun esiri olan, pi\u015fmanl\u0131klar i\u00e7inde k\u0131vranan, vicdan\u0131n\u0131 rahatlatmak, kendini affettirebilmek i\u00e7in delicesine ko\u015fan bir adam\u0131n \u00f6yk\u00fcs\u00fc\u2026      \u201cBen de kendi yok olu\u015fuma do\u011fru gittim. O bir han\u0131mefendiydi! Bense bir Amok Ko\u015fucusu!\u201d <\/p>\n","protected":false},"excerpt":{"rendered":"<p>Amok Ko\u015fucusu, Stefan Zweig\u2019\u0131n ba\u015fyap\u0131tlar\u0131ndan biridir. \u00dclkesine gitmek \u00fczere Kalk\u00fcta\u2019dan gemiye binen bir Avrupal\u0131, gemide herkesten saklanan bir doktor ile tan\u0131\u015f\u0131r. \u0130simsiz doktorun Avrupal\u0131 yolcuya anlatt\u0131klar\u0131<span class=\"excerpt-hellip\"> [\u2026]<\/span><\/p>\n","protected":false},"featured_media":0,"template":"","meta":{"_monsterinsights_skip_tracking":false,"_monsterinsights_sitenote_active":false,"_monsterinsights_sitenote_note":"","_monsterinsights_sitenote_category":0},"product_brand":[],"product_cat":[12291,18202],"product_tag":[],"class_list":{"0":"post-758938","1":"product","2":"type-product","3":"status-publish","5":"product_cat-edebiyat","6":"product_cat-hikaye","7":"pa_cilt-ciltsiz","8":"pa_tur-kitap","9":"pa_yayinevi-kitappazari-yayinlari","10":"pa_yazar-stefan-zweig","12":"first","13":"instock","14":"sale","15":"shipping-taxable","16":"purchasable","17":"product-type-simple"},"_links":{"self":[{"href":"https:\/\/roveyayinevi.com.tr\/index.php\/wp-json\/wp\/v2\/product\/758938","targetHints":{"allow":["GET"]}}],"collection":[{"href":"https:\/\/roveyayinevi.com.tr\/index.php\/wp-json\/wp\/v2\/product"}],"about":[{"href":"https:\/\/roveyayinevi.com.tr\/index.php\/wp-json\/wp\/v2\/types\/product"}],"wp:attachment":[{"href":"https:\/\/roveyayinevi.com.tr\/index.php\/wp-json\/wp\/v2\/media?parent=758938"}],"wp:term":[{"taxonomy":"product_brand","embeddable":true,"href":"https:\/\/roveyayinevi.com.tr\/index.php\/wp-json\/wp\/v2\/product_brand?post=758938"},{"taxonomy":"product_cat","embeddable":true,"href":"https:\/\/roveyayinevi.com.tr\/index.php\/wp-json\/wp\/v2\/product_cat?post=758938"},{"taxonomy":"product_tag","embeddable":true,"href":"https:\/\/roveyayinevi.com.tr\/index.php\/wp-json\/wp\/v2\/product_tag?post=758938"}],"curies":[{"name":"wp","href":"https:\/\/api.w.org\/{rel}","templated":true}]}}