{"id":758934,"date":"2025-08-28T08:19:56","date_gmt":"2025-08-28T05:19:56","guid":{"rendered":"https:\/\/roveyayinevi.com.tr\/index.php\/urun\/icimizdeki-seytan-29\/"},"modified":"2026-04-16T03:11:50","modified_gmt":"2026-04-16T00:11:50","slug":"icimizdeki-seytan-29","status":"publish","type":"product","link":"https:\/\/roveyayinevi.com.tr\/index.php\/urun\/icimizdeki-seytan-29\/","title":{"rendered":"\u0130\u00e7imizdeki \u015eeytan"},"content":{"rendered":"<p>\u0130\u00e7imizdeki \u015eeytan, Sabahattin Ali&#8217;nin 1940 y\u0131l\u0131nda yay\u0131mlad\u0131\u011f\u0131 bir roman. Macide ve \u00d6mer isimli iki \u00f6nemli karakter. Eserde ki\u015filerin i\u00e7 konu\u015fmalar\u0131 ve kendileri ile hesapla\u015fmalar\u0131 yayg\u0131n olarak kullan\u0131lm\u0131\u015f, bu yolla duygu ve hisler anlat\u0131lm\u0131\u015ft\u0131r. Bu roman\u0131nda, Sabahattin Ali toplumsal g\u00fcndemin ki\u015filikler \u00fczerindeki bask\u0131s\u0131n\u0131 ve g\u00fc\u00e7s\u00fcz insan\u0131n &#8220;kapana k\u0131s\u0131lm\u0131\u015fl\u0131\u011f\u0131n\u0131&#8221; g\u00f6steriyor.   \u201cEvet, evet onun korkusu\u2026 \u0130\u00e7imde bu \u00fcrkek d\u00fcnyay\u0131 yaratan onun korkusu\u2026 Ben bu de\u011filim\u2026 Ben ba\u015fka bir \u015feyler olaca\u011f\u0131m\u2026 Yaln\u0131z bu korku olmasa\u2026 Hi\u00e7bir \u015feyi bana tam ve iyi yapt\u0131rmayaca\u011f\u0131na emin oldu\u011fum bu \u015feytandan korkmasam\u2026\u201d Emin Kamil ba\u015f\u0131n\u0131 sallay\u0131p g\u00f6zlerini sinirli sinirli k\u0131rp\u0131\u015ft\u0131rarak: \u201cNeden k\u0131z\u0131yorsun? Neden \u015fikayet ediyorsun?\u201d dedi. \u201c\u0130\u00e7inde \u015feytan dedi\u011fin o \u015feyin en k\u0131ymetli taraf\u0131n olmad\u0131\u011f\u0131n\u0131 nereden biliyorsun? Sizin gibi be\u015f hissinden ba\u015fka duygu vas\u0131tas\u0131 olmayanlar bu daimi korkudan kurtulamazlar. As\u0131l sebep ve illetlere varabilseniz g\u00f6receksiniz ki en zay\u0131f taraf\u0131m\u0131z d\u0131\u015f\u0131m\u0131zdad\u0131r. G\u00f6z\u00fcm\u00fcz\u00fc k\u00f6r eden yedi renktir, kula\u011f\u0131m\u0131z\u0131 sa\u011f\u0131r eden sesler, a\u011fz\u0131m\u0131z\u0131 pasland\u0131ran yediklerimiz, kalbimizi \u00f6nce co\u015fturup sonra durduran sonsuz ko\u015fmalar\u0131m\u0131zd\u0131r. Y\u00fcksek insan d\u0131\u015f\u0131na de\u011fil, i\u00e7ine k\u0131ymet verendir.\u201d <\/p>\n","protected":false},"excerpt":{"rendered":"<p>\u0130\u00e7imizdeki \u015eeytan, Sabahattin Ali&#8217;nin 1940 y\u0131l\u0131nda yay\u0131mlad\u0131\u011f\u0131 bir roman. Macide ve \u00d6mer isimli iki \u00f6nemli karakter. Eserde ki\u015filerin i\u00e7 konu\u015fmalar\u0131 ve kendileri ile hesapla\u015fmalar\u0131 yayg\u0131n olarak<span class=\"excerpt-hellip\"> [\u2026]<\/span><\/p>\n","protected":false},"featured_media":0,"template":"","meta":{"_monsterinsights_skip_tracking":false,"_monsterinsights_sitenote_active":false,"_monsterinsights_sitenote_note":"","_monsterinsights_sitenote_category":0},"product_brand":[],"product_cat":[12291,12711],"product_tag":[],"class_list":{"0":"post-758934","1":"product","2":"type-product","3":"status-publish","5":"product_cat-edebiyat","6":"product_cat-roman-oyku","7":"pa_cilt-ciltsiz","8":"pa_tur-kitap","9":"pa_yayinevi-kitappazari-yayinlari","10":"pa_yazar-sabahattin-ali","12":"first","13":"instock","14":"sale","15":"shipping-taxable","16":"purchasable","17":"product-type-simple"},"_links":{"self":[{"href":"https:\/\/roveyayinevi.com.tr\/index.php\/wp-json\/wp\/v2\/product\/758934","targetHints":{"allow":["GET"]}}],"collection":[{"href":"https:\/\/roveyayinevi.com.tr\/index.php\/wp-json\/wp\/v2\/product"}],"about":[{"href":"https:\/\/roveyayinevi.com.tr\/index.php\/wp-json\/wp\/v2\/types\/product"}],"wp:attachment":[{"href":"https:\/\/roveyayinevi.com.tr\/index.php\/wp-json\/wp\/v2\/media?parent=758934"}],"wp:term":[{"taxonomy":"product_brand","embeddable":true,"href":"https:\/\/roveyayinevi.com.tr\/index.php\/wp-json\/wp\/v2\/product_brand?post=758934"},{"taxonomy":"product_cat","embeddable":true,"href":"https:\/\/roveyayinevi.com.tr\/index.php\/wp-json\/wp\/v2\/product_cat?post=758934"},{"taxonomy":"product_tag","embeddable":true,"href":"https:\/\/roveyayinevi.com.tr\/index.php\/wp-json\/wp\/v2\/product_tag?post=758934"}],"curies":[{"name":"wp","href":"https:\/\/api.w.org\/{rel}","templated":true}]}}