{"id":758931,"date":"2025-08-28T08:19:50","date_gmt":"2025-08-28T05:19:50","guid":{"rendered":"https:\/\/roveyayinevi.com.tr\/index.php\/urun\/1984-30\/"},"modified":"2025-09-25T09:56:18","modified_gmt":"2025-09-25T06:56:18","slug":"1984-30","status":"publish","type":"product","link":"https:\/\/roveyayinevi.com.tr\/index.php\/urun\/1984-30\/","title":{"rendered":"1984"},"content":{"rendered":"<p>Bin Dokuz Y\u00fcz Seksen D\u00f6rt (\u00f6zg\u00fcn ad\u0131: Nineteen Eighty-Four), \u0130ngiliz yazar George Orwell taraf\u0131ndan kaleme al\u0131nm\u0131\u015f olan alegorik, distopik ve politik bir romand\u0131r. Roman\u0131n hik\u00e2yesi distopik bir d\u00fcnyada ge\u00e7er. Distopya romanlar\u0131n\u0131n en \u00fcnl\u00fclerindendir. \u00d6zellikle kitapta tan\u0131mlanan Big Brother (B\u00fcy\u00fck Birader) kavram\u0131 g\u00fcn\u00fcm\u00fczde de s\u0131kl\u0131kla kullan\u0131lmaktad\u0131r. Ayn\u0131 zamanda kitapta ge\u00e7en &#8220;d\u00fc\u015f\u00fcnce polisi&#8221; gibi kavramlar\u0131 da yazar George Orwell g\u00fcn\u00fcm\u00fcze kazand\u0131rm\u0131\u015ft\u0131r.         Her \u015fey 1984 y\u0131l\u0131nda ge\u00e7er. Birbiriyle m\u00fctemadiyen sava\u015fan \u00fc\u00e7 b\u00fcy\u00fck g\u00fcc\u00fcn elinde b\u00f6l\u00fcnm\u00fc\u015f bir d\u00fcnya, mutlak g\u00fcce sahip bir Parti, kapanmas\u0131 yasak tele-ekranlarla her hareketi denetleyen D\u00fc\u015f\u00fcnce Polisi, her \u015feyi izleyen B\u00fcy\u00fck Birader ve di\u011fer t\u00fcm d\u00fc\u015f\u00fcnce bi\u00e7imlerini imk\u00e2ns\u0131z h\u00e2le getirmek i\u00e7in olu\u015fturulan \u201cYenidil\u201d.         Ge\u00e7mi\u015fi kontrol eden, gelece\u011fi de kontrol eder: \u015eimdiyi kontrol eden, ge\u00e7mi\u015fi de kontrol eder. <\/p>\n","protected":false},"excerpt":{"rendered":"<p>Bin Dokuz Y\u00fcz Seksen D\u00f6rt (\u00f6zg\u00fcn ad\u0131: Nineteen Eighty-Four), \u0130ngiliz yazar George Orwell taraf\u0131ndan kaleme al\u0131nm\u0131\u015f olan alegorik, distopik ve politik bir romand\u0131r. Roman\u0131n hik\u00e2yesi distopik<span class=\"excerpt-hellip\"> [\u2026]<\/span><\/p>\n","protected":false},"featured_media":0,"template":"","meta":{"_monsterinsights_skip_tracking":false,"_monsterinsights_sitenote_active":false,"_monsterinsights_sitenote_note":"","_monsterinsights_sitenote_category":0},"product_brand":[],"product_cat":[12291,12711],"product_tag":[],"class_list":{"0":"post-758931","1":"product","2":"type-product","3":"status-publish","5":"product_cat-edebiyat","6":"product_cat-roman-oyku","7":"pa_cilt-ciltsiz","8":"pa_tur-kitap","9":"pa_yayinevi-kitappazari-yayinlari","10":"pa_yazar-george-orwell","12":"first","13":"instock","14":"sale","15":"shipping-taxable","16":"purchasable","17":"product-type-simple"},"_links":{"self":[{"href":"https:\/\/roveyayinevi.com.tr\/index.php\/wp-json\/wp\/v2\/product\/758931","targetHints":{"allow":["GET"]}}],"collection":[{"href":"https:\/\/roveyayinevi.com.tr\/index.php\/wp-json\/wp\/v2\/product"}],"about":[{"href":"https:\/\/roveyayinevi.com.tr\/index.php\/wp-json\/wp\/v2\/types\/product"}],"wp:attachment":[{"href":"https:\/\/roveyayinevi.com.tr\/index.php\/wp-json\/wp\/v2\/media?parent=758931"}],"wp:term":[{"taxonomy":"product_brand","embeddable":true,"href":"https:\/\/roveyayinevi.com.tr\/index.php\/wp-json\/wp\/v2\/product_brand?post=758931"},{"taxonomy":"product_cat","embeddable":true,"href":"https:\/\/roveyayinevi.com.tr\/index.php\/wp-json\/wp\/v2\/product_cat?post=758931"},{"taxonomy":"product_tag","embeddable":true,"href":"https:\/\/roveyayinevi.com.tr\/index.php\/wp-json\/wp\/v2\/product_tag?post=758931"}],"curies":[{"name":"wp","href":"https:\/\/api.w.org\/{rel}","templated":true}]}}