{"id":758928,"date":"2025-08-28T08:19:44","date_gmt":"2025-08-28T05:19:44","guid":{"rendered":"https:\/\/roveyayinevi.com.tr\/index.php\/urun\/babaya-mektup-11\/"},"modified":"2026-04-16T03:11:50","modified_gmt":"2026-04-16T00:11:50","slug":"babaya-mektup-11","status":"publish","type":"product","link":"https:\/\/roveyayinevi.com.tr\/index.php\/urun\/babaya-mektup-11\/","title":{"rendered":"Babaya Mektup"},"content":{"rendered":"<p>Babaya Mektup Franz Kafka&#8217;n\u0131n Kas\u0131m 1919&#8217;da babas\u0131 Hermann&#8217;a yazd\u0131\u011f\u0131 mektuptur. Kafka bu yap\u0131tta babas\u0131n\u0131n kendisini psikolojik y\u00f6nden istismar etti\u011fini \u00f6ne s\u00fcrmektedir. Kafka 64 sayfal\u0131k mektubu babas\u0131na ula\u015ft\u0131rmas\u0131 i\u00e7in annesine teslim etmi\u015f, ancak annesi mektubu o\u011fluna geri vermi\u015ftir.         Asl\u0131nda Kafka\u2019n\u0131n ruh halini daha iyi anlamak i\u00e7in di\u011fer eserleriyle birlikte de\u011ferlendirdi\u011fimizde; aile kurumu, aile i\u00e7indeki su\u00e7luluk duygusu, toplum i\u00e7inde yabanc\u0131la\u015fma, kendine olan g\u00fcven kayg\u0131s\u0131 gibi fakt\u00f6rlerin hangi durum ve duygulardan kaynaklad\u0131\u011f\u0131n\u0131 \u00e7ok rahat g\u00f6rebiliriz. <\/p>\n","protected":false},"excerpt":{"rendered":"<p>Babaya Mektup Franz Kafka&#8217;n\u0131n Kas\u0131m 1919&#8217;da babas\u0131 Hermann&#8217;a yazd\u0131\u011f\u0131 mektuptur. Kafka bu yap\u0131tta babas\u0131n\u0131n kendisini psikolojik y\u00f6nden istismar etti\u011fini \u00f6ne s\u00fcrmektedir. Kafka 64 sayfal\u0131k mektubu babas\u0131na<span class=\"excerpt-hellip\"> [\u2026]<\/span><\/p>\n","protected":false},"featured_media":0,"template":"","meta":{"_monsterinsights_skip_tracking":false,"_monsterinsights_sitenote_active":false,"_monsterinsights_sitenote_note":"","_monsterinsights_sitenote_category":0},"product_brand":[],"product_cat":[12291,12711],"product_tag":[],"class_list":{"0":"post-758928","1":"product","2":"type-product","3":"status-publish","5":"product_cat-edebiyat","6":"product_cat-roman-oyku","7":"pa_cilt-ciltsiz","8":"pa_tur-kitap","9":"pa_yayinevi-kitappazari-yayinlari","10":"pa_yazar-franz-kafka","12":"first","13":"instock","14":"sale","15":"shipping-taxable","16":"purchasable","17":"product-type-simple"},"_links":{"self":[{"href":"https:\/\/roveyayinevi.com.tr\/index.php\/wp-json\/wp\/v2\/product\/758928","targetHints":{"allow":["GET"]}}],"collection":[{"href":"https:\/\/roveyayinevi.com.tr\/index.php\/wp-json\/wp\/v2\/product"}],"about":[{"href":"https:\/\/roveyayinevi.com.tr\/index.php\/wp-json\/wp\/v2\/types\/product"}],"wp:attachment":[{"href":"https:\/\/roveyayinevi.com.tr\/index.php\/wp-json\/wp\/v2\/media?parent=758928"}],"wp:term":[{"taxonomy":"product_brand","embeddable":true,"href":"https:\/\/roveyayinevi.com.tr\/index.php\/wp-json\/wp\/v2\/product_brand?post=758928"},{"taxonomy":"product_cat","embeddable":true,"href":"https:\/\/roveyayinevi.com.tr\/index.php\/wp-json\/wp\/v2\/product_cat?post=758928"},{"taxonomy":"product_tag","embeddable":true,"href":"https:\/\/roveyayinevi.com.tr\/index.php\/wp-json\/wp\/v2\/product_tag?post=758928"}],"curies":[{"name":"wp","href":"https:\/\/api.w.org\/{rel}","templated":true}]}}