{"id":758926,"date":"2025-08-28T08:19:40","date_gmt":"2025-08-28T05:19:40","guid":{"rendered":"https:\/\/roveyayinevi.com.tr\/index.php\/urun\/dava-15\/"},"modified":"2026-04-07T03:18:12","modified_gmt":"2026-04-07T00:18:12","slug":"dava-15","status":"publish","type":"product","link":"https:\/\/roveyayinevi.com.tr\/index.php\/urun\/dava-15\/","title":{"rendered":"Dava"},"content":{"rendered":"<p>Dava, Korku \u00c7a\u011f\u0131 diye adland\u0131r\u0131lan XX. y\u00fczy\u0131lda, insano\u011flunun ku\u015fat\u0131lm\u0131\u015fl\u0131\u011f\u0131n\u0131n yazg\u0131ya d\u00f6n\u00fc\u015f\u00fcn\u00fcn \u00f6yk\u00fcs\u00fcd\u00fcr. Bu \u00e7a\u011fa korku egemendir; \u00e7\u00fcnk\u00fc insan, hemcinsleriyle insanca bir dil arac\u0131l\u0131\u011f\u0131yla ileti\u015fim kurabilme, b\u00f6yle bir dille insanca tepkiler uyand\u0131rabilme olana\u011f\u0131ndan yoksun kalm\u0131\u015ft\u0131r.        Bir sabah ans\u0131z\u0131n tutukland\u0131\u011f\u0131n\u0131; ama normal ya\u015fam\u0131na devam edebilece\u011fini \u00f6\u011frenen Josef K., neyle su\u00e7land\u0131\u011f\u0131 bildirilmedi\u011fi i\u00e7in \u00f6nce bunu bir \u015faka sansa da, k\u0131sa s\u00fcrede durumun ciddiyetini kavrar. Ancak ne mahkemeye \u00e7\u0131kar\u0131l\u0131r ne de savc\u0131larla g\u00f6r\u00fc\u015febilir. \u00c7al\u0131\u015ft\u0131\u011f\u0131 bankada, kald\u0131\u011f\u0131 pansiyonda, gitti\u011fi yerlerde herkes, anla\u015f\u0131lmaz bir bi\u00e7imde bu davadan haberdard\u0131r. Kaderin bir t\u00fcr oyunuyla s\u00fcr\u00fcklenir durur, savunma g\u00fcc\u00fc yoktur, bir hi\u00e7tir o. <\/p>\n","protected":false},"excerpt":{"rendered":"<p>Dava, Korku \u00c7a\u011f\u0131 diye adland\u0131r\u0131lan XX. y\u00fczy\u0131lda, insano\u011flunun ku\u015fat\u0131lm\u0131\u015fl\u0131\u011f\u0131n\u0131n yazg\u0131ya d\u00f6n\u00fc\u015f\u00fcn\u00fcn \u00f6yk\u00fcs\u00fcd\u00fcr. Bu \u00e7a\u011fa korku egemendir; \u00e7\u00fcnk\u00fc insan, hemcinsleriyle insanca bir dil arac\u0131l\u0131\u011f\u0131yla ileti\u015fim kurabilme, b\u00f6yle<span class=\"excerpt-hellip\"> [\u2026]<\/span><\/p>\n","protected":false},"featured_media":0,"template":"","meta":{"_monsterinsights_skip_tracking":false,"_monsterinsights_sitenote_active":false,"_monsterinsights_sitenote_note":"","_monsterinsights_sitenote_category":0},"product_brand":[],"product_cat":[12291,12711],"product_tag":[],"class_list":{"0":"post-758926","1":"product","2":"type-product","3":"status-publish","5":"product_cat-edebiyat","6":"product_cat-roman-oyku","7":"pa_cilt-ciltsiz","8":"pa_tur-kitap","9":"pa_yayinevi-kitappazari-yayinlari","10":"pa_yazar-franz-kafka","12":"first","13":"instock","14":"sale","15":"shipping-taxable","16":"purchasable","17":"product-type-simple"},"_links":{"self":[{"href":"https:\/\/roveyayinevi.com.tr\/index.php\/wp-json\/wp\/v2\/product\/758926","targetHints":{"allow":["GET"]}}],"collection":[{"href":"https:\/\/roveyayinevi.com.tr\/index.php\/wp-json\/wp\/v2\/product"}],"about":[{"href":"https:\/\/roveyayinevi.com.tr\/index.php\/wp-json\/wp\/v2\/types\/product"}],"wp:attachment":[{"href":"https:\/\/roveyayinevi.com.tr\/index.php\/wp-json\/wp\/v2\/media?parent=758926"}],"wp:term":[{"taxonomy":"product_brand","embeddable":true,"href":"https:\/\/roveyayinevi.com.tr\/index.php\/wp-json\/wp\/v2\/product_brand?post=758926"},{"taxonomy":"product_cat","embeddable":true,"href":"https:\/\/roveyayinevi.com.tr\/index.php\/wp-json\/wp\/v2\/product_cat?post=758926"},{"taxonomy":"product_tag","embeddable":true,"href":"https:\/\/roveyayinevi.com.tr\/index.php\/wp-json\/wp\/v2\/product_tag?post=758926"}],"curies":[{"name":"wp","href":"https:\/\/api.w.org\/{rel}","templated":true}]}}