{"id":758920,"date":"2025-08-28T08:19:28","date_gmt":"2025-08-28T05:19:28","guid":{"rendered":"https:\/\/roveyayinevi.com.tr\/index.php\/urun\/en-iyi-sarilma-ciltli\/"},"modified":"2026-04-16T03:11:49","modified_gmt":"2026-04-16T00:11:49","slug":"en-iyi-sarilma-ciltli","status":"publish","type":"product","link":"https:\/\/roveyayinevi.com.tr\/index.php\/urun\/en-iyi-sarilma-ciltli\/","title":{"rendered":"En \u0130yi Sar\u0131lma (Ciltli)"},"content":{"rendered":"<p>Ay\u0131 sar\u0131lmalar\u0131ndan koala kucaklamalar\u0131na, mors ku\u015fatmas\u0131ndan suayg\u0131r\u0131 sokulmas\u0131na dek bir s\u00fcr\u00fc sar\u0131lma se\u00e7ene\u011fi var! Ama bazen EN \u0130Y\u0130 sar\u0131lma evimizde oland\u0131r. . .   \u00c7oksatan ekip Smriti Halls ve Alison Brown\u2019un yaratt\u0131\u011f\u0131, komik, sar\u0131las\u0131 hayvanlarla dolu bu kar\u015f\u0131 konulmaz hik\u00e2ye, payla\u015fmak ve y\u00fcksek sesle okumak i\u00e7in e\u015fsiz bir hediye. <\/p>\n","protected":false},"excerpt":{"rendered":"<p>Ay\u0131 sar\u0131lmalar\u0131ndan koala kucaklamalar\u0131na, mors ku\u015fatmas\u0131ndan suayg\u0131r\u0131 sokulmas\u0131na dek bir s\u00fcr\u00fc sar\u0131lma se\u00e7ene\u011fi var! Ama bazen EN \u0130Y\u0130 sar\u0131lma evimizde oland\u0131r. . . \u00c7oksatan ekip Smriti<span class=\"excerpt-hellip\"> [\u2026]<\/span><\/p>\n","protected":false},"featured_media":0,"template":"","meta":{"_monsterinsights_skip_tracking":false,"_monsterinsights_sitenote_active":false,"_monsterinsights_sitenote_note":"","_monsterinsights_sitenote_category":0},"product_brand":[],"product_cat":[12274,12284],"product_tag":[],"class_list":{"0":"post-758920","1":"product","2":"type-product","3":"status-publish","5":"product_cat-cocuk-ve-genclik-kitaplari","6":"product_cat-hikayeler","7":"pa_cilt-ciltli","8":"pa_tur-kitap","9":"pa_yayinevi-buyulu-fener-yayinlari","10":"pa_yazar-smriti-halls-alison-brown","12":"first","13":"instock","14":"sale","15":"shipping-taxable","16":"purchasable","17":"product-type-simple"},"_links":{"self":[{"href":"https:\/\/roveyayinevi.com.tr\/index.php\/wp-json\/wp\/v2\/product\/758920","targetHints":{"allow":["GET"]}}],"collection":[{"href":"https:\/\/roveyayinevi.com.tr\/index.php\/wp-json\/wp\/v2\/product"}],"about":[{"href":"https:\/\/roveyayinevi.com.tr\/index.php\/wp-json\/wp\/v2\/types\/product"}],"wp:attachment":[{"href":"https:\/\/roveyayinevi.com.tr\/index.php\/wp-json\/wp\/v2\/media?parent=758920"}],"wp:term":[{"taxonomy":"product_brand","embeddable":true,"href":"https:\/\/roveyayinevi.com.tr\/index.php\/wp-json\/wp\/v2\/product_brand?post=758920"},{"taxonomy":"product_cat","embeddable":true,"href":"https:\/\/roveyayinevi.com.tr\/index.php\/wp-json\/wp\/v2\/product_cat?post=758920"},{"taxonomy":"product_tag","embeddable":true,"href":"https:\/\/roveyayinevi.com.tr\/index.php\/wp-json\/wp\/v2\/product_tag?post=758920"}],"curies":[{"name":"wp","href":"https:\/\/api.w.org\/{rel}","templated":true}]}}