{"id":758918,"date":"2025-08-28T08:19:23","date_gmt":"2025-08-28T05:19:23","guid":{"rendered":"https:\/\/roveyayinevi.com.tr\/index.php\/urun\/kirik-kanatlar-3\/"},"modified":"2026-04-16T03:11:49","modified_gmt":"2026-04-16T00:11:49","slug":"kirik-kanatlar-3","status":"publish","type":"product","link":"https:\/\/roveyayinevi.com.tr\/index.php\/urun\/kirik-kanatlar-3\/","title":{"rendered":"K\u0131r\u0131k Kanatlar"},"content":{"rendered":"<p>Benim sevgili, g\u00fczel Selmam \u00f6ld\u00fc. Ondan geriye benim k\u0131r\u0131k kalbim ve onun mezar\u0131n\u0131 \u00e7evreleyen servi a\u011fa\u00e7lar\u0131ndan ba\u015fka bir \u015fey kalmad\u0131. O mezar ve bu kalp Selma\u2019dan geriye kalan, ona tan\u0131k olan iki \u015feydir. Ah bug\u00fcn Beyrut\u2019a da\u011f\u0131lm\u0131\u015f olan \u00e7ocukluk arkada\u015flar\u0131m, \u00e7am orman\u0131n\u0131n yan\u0131ndaki mezarl\u0131\u011fa yolunuz d\u00fc\u015ferse \u00f6l\u00fcleri rahats\u0131z etmeden sessizce i\u00e7eri girin ki, ayak sesleriniz orada yatanlar\u0131n huzurunu bozmas\u0131n.         Ard\u0131ndan derin bir i\u00e7 \u00e7ekerek ismimi zikredin ve kendi kendinize, \u201cU\u00e7suz bucaks\u0131z denizlerin \u00f6tesinde a\u015fk mahk\u00fbmu olarak ya\u015fayan Cibran\u2019\u0131n t\u00fcm umutlar\u0131 burada g\u00f6m\u00fcl\u00fc. O burada mutlulu\u011funu yitirdi, g\u00f6z ya\u015flar\u0131 t\u00fckendi ve g\u00fcl\u00fcmsemesi kayboldu. Bu mezar\u0131n \u00f6n\u00fcnde Cibran\u2019\u0131n sevdas\u0131 servi a\u011fa\u00e7lar\u0131 ile b\u00fcy\u00fcr ve Selma\u2019n\u0131n gidi\u015finin yas\u0131n\u0131 tutar\u201d deyin. <\/p>\n","protected":false},"excerpt":{"rendered":"<p>Benim sevgili, g\u00fczel Selmam \u00f6ld\u00fc. Ondan geriye benim k\u0131r\u0131k kalbim ve onun mezar\u0131n\u0131 \u00e7evreleyen servi a\u011fa\u00e7lar\u0131ndan ba\u015fka bir \u015fey kalmad\u0131. O mezar ve bu kalp Selma\u2019dan<span class=\"excerpt-hellip\"> [\u2026]<\/span><\/p>\n","protected":false},"featured_media":0,"template":"","meta":{"_monsterinsights_skip_tracking":false,"_monsterinsights_sitenote_active":false,"_monsterinsights_sitenote_note":"","_monsterinsights_sitenote_category":0},"product_brand":[],"product_cat":[12291,12711],"product_tag":[],"class_list":{"0":"post-758918","1":"product","2":"type-product","3":"status-publish","5":"product_cat-edebiyat","6":"product_cat-roman-oyku","7":"pa_cilt-ciltsiz","8":"pa_tur-kitap","9":"pa_yayinevi-yuksel-yayincilik","10":"pa_yazar-halil-cibran","12":"first","13":"instock","14":"sale","15":"shipping-taxable","16":"purchasable","17":"product-type-simple"},"_links":{"self":[{"href":"https:\/\/roveyayinevi.com.tr\/index.php\/wp-json\/wp\/v2\/product\/758918","targetHints":{"allow":["GET"]}}],"collection":[{"href":"https:\/\/roveyayinevi.com.tr\/index.php\/wp-json\/wp\/v2\/product"}],"about":[{"href":"https:\/\/roveyayinevi.com.tr\/index.php\/wp-json\/wp\/v2\/types\/product"}],"wp:attachment":[{"href":"https:\/\/roveyayinevi.com.tr\/index.php\/wp-json\/wp\/v2\/media?parent=758918"}],"wp:term":[{"taxonomy":"product_brand","embeddable":true,"href":"https:\/\/roveyayinevi.com.tr\/index.php\/wp-json\/wp\/v2\/product_brand?post=758918"},{"taxonomy":"product_cat","embeddable":true,"href":"https:\/\/roveyayinevi.com.tr\/index.php\/wp-json\/wp\/v2\/product_cat?post=758918"},{"taxonomy":"product_tag","embeddable":true,"href":"https:\/\/roveyayinevi.com.tr\/index.php\/wp-json\/wp\/v2\/product_tag?post=758918"}],"curies":[{"name":"wp","href":"https:\/\/api.w.org\/{rel}","templated":true}]}}