{"id":758916,"date":"2025-08-28T08:19:19","date_gmt":"2025-08-28T05:19:19","guid":{"rendered":"https:\/\/roveyayinevi.com.tr\/index.php\/urun\/deli-4\/"},"modified":"2026-04-16T03:11:49","modified_gmt":"2026-04-16T00:11:49","slug":"deli-4","status":"publish","type":"product","link":"https:\/\/roveyayinevi.com.tr\/index.php\/urun\/deli-4\/","title":{"rendered":"Deli"},"content":{"rendered":"<p>Dostum, beni g\u00f6r\u00fcnd\u00fc\u011f\u00fcmden ba\u015fka bir \u015fey zannetme.G\u00f6r\u00fcnt\u00fcm sadece elbisemdir. Bu giysi beni senin merak\u0131ndan beni ise kendi d\u00fc\u015f\u00fcncesizli\u011fimden muhafaza eder. Kuma\u015f\u0131 da dikkatle \u00f6r\u00fclm\u00fc\u015ft\u00fcr. Ve dostum, i\u00e7imde bir \u201cben\u201d vard\u0131r. Bu \u201cben\u201d, s\u00fckunet d\u00fcnyas\u0131nda ya\u015far. Orada her zaman gizli, sakin, sessiz ve uzak kalacakt\u0131r, herkesten. Senden arzum, s\u00f6yleyeceklerime de yapt\u0131klar\u0131ma da inanmand\u0131r. \u00c7\u00fcnk\u00fc kelimelerim senin kendi d\u00fc\u015f\u00fcncelerinin bir aksi, bir yank\u0131lanmas\u0131 oldu\u011fu gibi, davran\u0131\u015flar\u0131m da senin arzular\u0131n\u0131n hayata ge\u00e7irilmesinden ba\u015fka bir \u015fey de\u011fildir do\u011frusu. <\/p>\n","protected":false},"excerpt":{"rendered":"<p>Dostum, beni g\u00f6r\u00fcnd\u00fc\u011f\u00fcmden ba\u015fka bir \u015fey zannetme.G\u00f6r\u00fcnt\u00fcm sadece elbisemdir. Bu giysi beni senin merak\u0131ndan beni ise kendi d\u00fc\u015f\u00fcncesizli\u011fimden muhafaza eder. Kuma\u015f\u0131 da dikkatle \u00f6r\u00fclm\u00fc\u015ft\u00fcr. Ve dostum,<span class=\"excerpt-hellip\"> [\u2026]<\/span><\/p>\n","protected":false},"featured_media":0,"template":"","meta":{"_monsterinsights_skip_tracking":false,"_monsterinsights_sitenote_active":false,"_monsterinsights_sitenote_note":"","_monsterinsights_sitenote_category":0},"product_brand":[],"product_cat":[12291,18202],"product_tag":[],"class_list":{"0":"post-758916","1":"product","2":"type-product","3":"status-publish","5":"product_cat-edebiyat","6":"product_cat-hikaye","7":"pa_cilt-ciltsiz","8":"pa_tur-kitap","9":"pa_yayinevi-yuksel-yayincilik","10":"pa_yazar-halil-cibran","12":"first","13":"instock","14":"sale","15":"shipping-taxable","16":"purchasable","17":"product-type-simple"},"_links":{"self":[{"href":"https:\/\/roveyayinevi.com.tr\/index.php\/wp-json\/wp\/v2\/product\/758916","targetHints":{"allow":["GET"]}}],"collection":[{"href":"https:\/\/roveyayinevi.com.tr\/index.php\/wp-json\/wp\/v2\/product"}],"about":[{"href":"https:\/\/roveyayinevi.com.tr\/index.php\/wp-json\/wp\/v2\/types\/product"}],"wp:attachment":[{"href":"https:\/\/roveyayinevi.com.tr\/index.php\/wp-json\/wp\/v2\/media?parent=758916"}],"wp:term":[{"taxonomy":"product_brand","embeddable":true,"href":"https:\/\/roveyayinevi.com.tr\/index.php\/wp-json\/wp\/v2\/product_brand?post=758916"},{"taxonomy":"product_cat","embeddable":true,"href":"https:\/\/roveyayinevi.com.tr\/index.php\/wp-json\/wp\/v2\/product_cat?post=758916"},{"taxonomy":"product_tag","embeddable":true,"href":"https:\/\/roveyayinevi.com.tr\/index.php\/wp-json\/wp\/v2\/product_tag?post=758916"}],"curies":[{"name":"wp","href":"https:\/\/api.w.org\/{rel}","templated":true}]}}