{"id":758915,"date":"2025-08-28T08:19:17","date_gmt":"2025-08-28T05:19:17","guid":{"rendered":"https:\/\/roveyayinevi.com.tr\/index.php\/urun\/asi-ruhlar-3\/"},"modified":"2026-04-16T03:11:49","modified_gmt":"2026-04-16T00:11:49","slug":"asi-ruhlar-3","status":"publish","type":"product","link":"https:\/\/roveyayinevi.com.tr\/index.php\/urun\/asi-ruhlar-3\/","title":{"rendered":"Asi Ruhlar"},"content":{"rendered":"<p>Halil Cibran\u2019\u0131n k\u0131sa hik\u00e2yelerinin bulundu\u011fu bu eser, olanlar\u0131 asl\u0131nda olduklar\u0131 gibi g\u00f6rmedi\u011fimizi hissettiriyor. Asi Ruhlar, en derin meseleye bile yumu\u015fac\u0131k ve sevgiyle yakla\u015f\u0131m\u0131 g\u00f6rmek ve tevekkulle kab\u00fcl\u00fc ya\u015famak duygusu veren bir havaya sahip..Bazen g\u00f6rd\u00fc\u011f\u00fcm\u00fcz duydu\u011fumuz \u015feylerin asl\u0131nda \u00f6yle olmad\u0131\u011f\u0131n\u0131 her olaya kendine \u00f6zg\u00fc bir bak\u0131\u015f a\u00e7\u0131c\u0131 ile bakmak gerekti\u011fini \u00f6nyarg\u0131lardan genellemelerden s\u0131yr\u0131lmak gerekti\u011fini bir kez daha g\u00f6steren bir eser.        \u201c\u0130nsan\u0131 ya\u015fam\u0131nda mahveden b\u00fct\u00fcn inan\u00e7 ve \u00f6\u011fretiler bat\u0131ld\u0131r. \u0130nsan\u0131 \u00fcmitsizlik, \u00fcz\u00fcnt\u00fc ve azg\u0131nl\u0131\u011fa sevk eden b\u00fct\u00fcn duygular yalanc\u0131d\u0131r. \u00c7\u00fcnk\u00fc insan\u0131n vazifesi, yery\u00fcz\u00fcnde mutlu olmak, saadet yollar\u0131n\u0131 bilmek ve nerede olursa olsun mutluluk ad\u0131na nasihatte bulunmakt\u0131r.\u201d <\/p>\n","protected":false},"excerpt":{"rendered":"<p>Halil Cibran\u2019\u0131n k\u0131sa hik\u00e2yelerinin bulundu\u011fu bu eser, olanlar\u0131 asl\u0131nda olduklar\u0131 gibi g\u00f6rmedi\u011fimizi hissettiriyor. Asi Ruhlar, en derin meseleye bile yumu\u015fac\u0131k ve sevgiyle yakla\u015f\u0131m\u0131 g\u00f6rmek ve tevekkulle<span class=\"excerpt-hellip\"> [\u2026]<\/span><\/p>\n","protected":false},"featured_media":0,"template":"","meta":{"_monsterinsights_skip_tracking":false,"_monsterinsights_sitenote_active":false,"_monsterinsights_sitenote_note":"","_monsterinsights_sitenote_category":0},"product_brand":[],"product_cat":[12291,18202],"product_tag":[],"class_list":{"0":"post-758915","1":"product","2":"type-product","3":"status-publish","5":"product_cat-edebiyat","6":"product_cat-hikaye","7":"pa_cilt-ciltsiz","8":"pa_tur-kitap","9":"pa_yayinevi-yuksel-yayincilik","10":"pa_yazar-halil-cibran","12":"first","13":"instock","14":"sale","15":"shipping-taxable","16":"purchasable","17":"product-type-simple"},"_links":{"self":[{"href":"https:\/\/roveyayinevi.com.tr\/index.php\/wp-json\/wp\/v2\/product\/758915","targetHints":{"allow":["GET"]}}],"collection":[{"href":"https:\/\/roveyayinevi.com.tr\/index.php\/wp-json\/wp\/v2\/product"}],"about":[{"href":"https:\/\/roveyayinevi.com.tr\/index.php\/wp-json\/wp\/v2\/types\/product"}],"wp:attachment":[{"href":"https:\/\/roveyayinevi.com.tr\/index.php\/wp-json\/wp\/v2\/media?parent=758915"}],"wp:term":[{"taxonomy":"product_brand","embeddable":true,"href":"https:\/\/roveyayinevi.com.tr\/index.php\/wp-json\/wp\/v2\/product_brand?post=758915"},{"taxonomy":"product_cat","embeddable":true,"href":"https:\/\/roveyayinevi.com.tr\/index.php\/wp-json\/wp\/v2\/product_cat?post=758915"},{"taxonomy":"product_tag","embeddable":true,"href":"https:\/\/roveyayinevi.com.tr\/index.php\/wp-json\/wp\/v2\/product_tag?post=758915"}],"curies":[{"name":"wp","href":"https:\/\/api.w.org\/{rel}","templated":true}]}}