{"id":758913,"date":"2025-08-28T08:19:14","date_gmt":"2025-08-28T05:19:14","guid":{"rendered":"https:\/\/roveyayinevi.com.tr\/index.php\/urun\/osmanli-devletinin-diplomasi-tarihi-makaleler-2\/"},"modified":"2026-04-16T03:11:49","modified_gmt":"2026-04-16T00:11:49","slug":"osmanli-devletinin-diplomasi-tarihi-makaleler-2","status":"publish","type":"product","link":"https:\/\/roveyayinevi.com.tr\/index.php\/urun\/osmanli-devletinin-diplomasi-tarihi-makaleler-2\/","title":{"rendered":"Osmanl\u0131 Devleti\u2019nin Diplomasi Tarihi Makaleler-2"},"content":{"rendered":"<p>Osmanl\u0131 diplomasisi Bab\u0131\u00e2li\u2019nin di\u011fer devletlerle olan m\u00fcnasebetlerini ayr\u0131nt\u0131lar\u0131n\u0131 inceleyen ve d\u0131\u015f politikas\u0131ndaki siyasal ve yap\u0131sal de\u011fi\u015fimlere g\u00f6re \u015fekillenen bir g\u00f6r\u00fcn\u00fcm arz etmektedir. G\u00fcn\u00fcm\u00fczde T\u00fcrkiye\u2019de ve d\u00fcnyada Osmanl\u0131 Devleti\u2019nin diplomasi anlay\u0131\u015f\u0131 ve buna ba\u011fl\u0131 faaliyetleri ile ilgili \u00e7ok say\u0131da \u00e7al\u0131\u015fma yap\u0131lmaktad\u0131r. Elinizdeki kitapta, bu alanda kaleme al\u0131nan mevcut literat\u00fcre m\u00fctevazi bir katk\u0131 sa\u011flamak ama\u00e7lanm\u0131\u015ft\u0131r. \u201cOsmanl\u0131 Devleti\u2019nin Diplomasi Tarihi Makaleler-2 \u201d isimli eser, Osmanl\u0131 diplomasisi alan\u0131nda \u00e7al\u0131\u015fmalar yapan akademisyenlerin katk\u0131lar\u0131yla olu\u015fturulan yedi adet makaleden olu\u015fmaktad\u0131r. Kronolojik bir seyir takip eden makaleler, XVII. y\u00fczy\u0131ldan XIX. y\u00fczy\u0131la kadar uzanan geni\u015f bir zaman aral\u0131\u011f\u0131n\u0131 kapsamaktad\u0131r. Kitapta devletleraras\u0131 ili\u015fkilerin y\u00fcr\u00fct\u00fclmesinde ba\u015f akt\u00f6r olan \u00e7e\u015fitli el\u00e7ilerin sefaret misyonlar\u0131 ve faaliyetleri ile s\u0131n\u0131r tespit ve tahdit i\u015flemleri ve diplomatik bir ara\u00e7 olan hediyele\u015fmeler gibi Osmanl\u0131 diplomasinin farkl\u0131 konular\u0131yla ilgili ayr\u0131nt\u0131l\u0131 bilgiler yer almaktad\u0131r. <\/p>\n","protected":false},"excerpt":{"rendered":"<p>Osmanl\u0131 diplomasisi Bab\u0131\u00e2li\u2019nin di\u011fer devletlerle olan m\u00fcnasebetlerini ayr\u0131nt\u0131lar\u0131n\u0131 inceleyen ve d\u0131\u015f politikas\u0131ndaki siyasal ve yap\u0131sal de\u011fi\u015fimlere g\u00f6re \u015fekillenen bir g\u00f6r\u00fcn\u00fcm arz etmektedir. G\u00fcn\u00fcm\u00fczde T\u00fcrkiye\u2019de ve d\u00fcnyada<span class=\"excerpt-hellip\"> [\u2026]<\/span><\/p>\n","protected":false},"featured_media":0,"template":"","meta":{"_monsterinsights_skip_tracking":false,"_monsterinsights_sitenote_active":false,"_monsterinsights_sitenote_note":"","_monsterinsights_sitenote_category":0},"product_brand":[],"product_cat":[13517,12304],"product_tag":[],"class_list":{"0":"post-758913","1":"product","2":"type-product","3":"status-publish","5":"product_cat-osmanli-tarihi","6":"product_cat-tarih","7":"pa_cilt-ciltsiz","8":"pa_tur-kitap","9":"pa_yayinevi-altinordu-yayinlari","10":"pa_yazar-kolektif","12":"first","13":"instock","14":"sale","15":"shipping-taxable","16":"purchasable","17":"product-type-simple"},"_links":{"self":[{"href":"https:\/\/roveyayinevi.com.tr\/index.php\/wp-json\/wp\/v2\/product\/758913","targetHints":{"allow":["GET"]}}],"collection":[{"href":"https:\/\/roveyayinevi.com.tr\/index.php\/wp-json\/wp\/v2\/product"}],"about":[{"href":"https:\/\/roveyayinevi.com.tr\/index.php\/wp-json\/wp\/v2\/types\/product"}],"wp:attachment":[{"href":"https:\/\/roveyayinevi.com.tr\/index.php\/wp-json\/wp\/v2\/media?parent=758913"}],"wp:term":[{"taxonomy":"product_brand","embeddable":true,"href":"https:\/\/roveyayinevi.com.tr\/index.php\/wp-json\/wp\/v2\/product_brand?post=758913"},{"taxonomy":"product_cat","embeddable":true,"href":"https:\/\/roveyayinevi.com.tr\/index.php\/wp-json\/wp\/v2\/product_cat?post=758913"},{"taxonomy":"product_tag","embeddable":true,"href":"https:\/\/roveyayinevi.com.tr\/index.php\/wp-json\/wp\/v2\/product_tag?post=758913"}],"curies":[{"name":"wp","href":"https:\/\/api.w.org\/{rel}","templated":true}]}}