{"id":758912,"date":"2025-08-28T08:19:13","date_gmt":"2025-08-28T05:19:13","guid":{"rendered":"https:\/\/roveyayinevi.com.tr\/index.php\/urun\/yevakitul-harameyn-ciltli\/"},"modified":"2026-04-16T03:11:49","modified_gmt":"2026-04-16T00:11:49","slug":"yevakitul-harameyn-ciltli","status":"publish","type":"product","link":"https:\/\/roveyayinevi.com.tr\/index.php\/urun\/yevakitul-harameyn-ciltli\/","title":{"rendered":"Yevakitu\u0308\u2019l-Harameyn (Ciltli)"},"content":{"rendered":"<p>\u201cMu\u0308cedd\u00eed-i Elf-i S\u00e2n\u00ee\u201d n\u00e2m\u0131 ile me\u015fh\u00fbr olan \u0130m\u00e2m-\u0131 Rabb\u00e2n\u00ee Ahmed-i Serhend\u00ee\u2019nin kurucusu kabul edildi\u011fi Mu\u0308ceddid\u00eelik, 17. yu\u0308zy\u0131lda Nak\u015fibend\u00eelikten ne\u015f\u2019et etmi\u015f, gu\u0308nu\u0308mu\u0308ze dek itibar\u0131n\u0131 ve etkinli\u011fini korumu\u015ftur. \u0130m\u00e2m-\u0131 Rabb\u00e2n\u00ee, \u00f6rnek ya\u015fant\u0131s\u0131yla insanlar\u0131 etkilemi\u015f, pek \u00e7ok halife yeti\u015ftirerek bu halifeleri farkl\u0131 b\u00f6lgeleri ir\u015fatla g\u00f6revlendirmi\u015ftir. O\u011fullar\u0131ndan H\u00e2ce Muhammed M\u00e2sum da bu halifelerinden biridir. Henu\u0308z ku\u0308\u00e7u\u0308k ya\u015flarda kendisinden fevkal\u00e2de h\u00e2ller zuhur etmi\u015f, istidad\u0131ndaki gizli s\u0131rlar a\u00e7\u0131\u011fa \u00e7\u0131kmaya ba\u015flam\u0131\u015f; sonralar\u0131 Mu\u0308ceddid\u00eeli\u011fin Hint alt k\u0131tas\u0131, Hicaz ve Anadolu\u2019da yay\u0131lmas\u0131n\u0131 sa\u011flam\u0131\u015ft\u0131r. \u0130m\u00e2m-\u0131 Rabb\u00e2n\u00ee Ahmed-i Serhend\u00ee\u2019nin \u00f6\u011fretileriyle \u015fekillenen Nak\u015fibend\u00ee Mu\u0308ceddid\u00eelik gelene\u011finin \u00f6nemli temsilcilerinden H\u00e2ce Muhammed M\u00e2sum, Hicaz\u2019a yapt\u0131\u011f\u0131 Hac seferinde manevi derinliklere dair pek \u00e7ok ke\u015fif ve keramet ya\u015far. Yev\u00e2k\u00eetu\u0308\u2019l-Harameyn\u2019de bu s\u00f6z konusu kerametleri birer yakut suretinde okuyoruz. \u0130lk kez Mu\u0308stak\u00eemz\u00e2de Su\u0308leyman Sadeddin Efendi\u2019nin Tu\u0308rk\u00e7eye tercu\u0308me etti\u011fi, Ensar Karag\u00f6z\u2019u\u0308n ise gu\u0308nu\u0308mu\u0308z Tu\u0308rk\u00e7esine aktararak yay\u0131ma haz\u0131rlad\u0131\u011f\u0131 bu eser ayn\u0131 zamanda, H\u00e2ce Muhammed M\u00e2sum\u2019un hayat\u0131na ve eserlerine dair kapsaml\u0131 bir kaynak niteli\u011fi ta\u015f\u0131yor.<\/p>\n","protected":false},"excerpt":{"rendered":"<p>\u201cMu\u0308cedd\u00eed-i Elf-i S\u00e2n\u00ee\u201d n\u00e2m\u0131 ile me\u015fh\u00fbr olan \u0130m\u00e2m-\u0131 Rabb\u00e2n\u00ee Ahmed-i Serhend\u00ee\u2019nin kurucusu kabul edildi\u011fi Mu\u0308ceddid\u00eelik, 17. yu\u0308zy\u0131lda Nak\u015fibend\u00eelikten ne\u015f\u2019et etmi\u015f, gu\u0308nu\u0308mu\u0308ze dek itibar\u0131n\u0131 ve etkinli\u011fini korumu\u015ftur.<span class=\"excerpt-hellip\"> [\u2026]<\/span><\/p>\n","protected":false},"featured_media":0,"template":"","meta":{"_monsterinsights_skip_tracking":false,"_monsterinsights_sitenote_active":false,"_monsterinsights_sitenote_note":"","_monsterinsights_sitenote_category":0},"product_brand":[],"product_cat":[12718,12719],"product_tag":[],"class_list":{"0":"post-758912","1":"product","2":"type-product","3":"status-publish","5":"product_cat-din","6":"product_cat-islam","7":"pa_cilt-ciltli","8":"pa_tur-kitap","9":"pa_yayinevi-ketebe-yayinlari","10":"pa_yazar-urvetul-vuska-muhammed-masum","12":"first","13":"instock","14":"sale","15":"shipping-taxable","16":"purchasable","17":"product-type-simple"},"_links":{"self":[{"href":"https:\/\/roveyayinevi.com.tr\/index.php\/wp-json\/wp\/v2\/product\/758912","targetHints":{"allow":["GET"]}}],"collection":[{"href":"https:\/\/roveyayinevi.com.tr\/index.php\/wp-json\/wp\/v2\/product"}],"about":[{"href":"https:\/\/roveyayinevi.com.tr\/index.php\/wp-json\/wp\/v2\/types\/product"}],"wp:attachment":[{"href":"https:\/\/roveyayinevi.com.tr\/index.php\/wp-json\/wp\/v2\/media?parent=758912"}],"wp:term":[{"taxonomy":"product_brand","embeddable":true,"href":"https:\/\/roveyayinevi.com.tr\/index.php\/wp-json\/wp\/v2\/product_brand?post=758912"},{"taxonomy":"product_cat","embeddable":true,"href":"https:\/\/roveyayinevi.com.tr\/index.php\/wp-json\/wp\/v2\/product_cat?post=758912"},{"taxonomy":"product_tag","embeddable":true,"href":"https:\/\/roveyayinevi.com.tr\/index.php\/wp-json\/wp\/v2\/product_tag?post=758912"}],"curies":[{"name":"wp","href":"https:\/\/api.w.org\/{rel}","templated":true}]}}