{"id":758911,"date":"2025-08-28T08:19:12","date_gmt":"2025-08-28T05:19:12","guid":{"rendered":"https:\/\/roveyayinevi.com.tr\/index.php\/urun\/otekilerin-arkeolojisi\/"},"modified":"2026-04-16T03:11:49","modified_gmt":"2026-04-16T00:11:49","slug":"otekilerin-arkeolojisi","status":"publish","type":"product","link":"https:\/\/roveyayinevi.com.tr\/index.php\/urun\/otekilerin-arkeolojisi\/","title":{"rendered":"\u00d6tekilerin Arkeolojisi"},"content":{"rendered":"<p>Antik\u00e7a\u011f d\u00fcnyas\u0131ndan geriye g\u00f6rkemli yerle\u015fimler, an\u0131tlar, heykeller, ya\u015fam\u0131n izlerini ta\u015f\u0131yan eserler, anlat\u0131lar kald\u0131. Bu kal\u0131nt\u0131lara uygarl\u0131\u011f\u0131n penceresinden bakanlar, mutlu bir toplulu\u011fun zevk i\u00e7indeki ayr\u0131cal\u0131kl\u0131 ya\u015fam kesitlerini g\u00f6r\u00fcr. Mermer s\u00fctunlarla desteklenen antik kentler, m\u00fczeleri dolduran estetik heykeller, an\u0131tsal mezarlar, lahitler, dev surlar iktidar\u0131n sahip oldu\u011fu g\u00fcce, \u00e7a\u011f\u0131n esteti\u011fine ve teknolojideki mucizeye dikkat \u00e7ekerler. S\u00f6m\u00fcr\u00fcye dayal\u0131 ya\u015fam bi\u00e7iminin arkeolojik nesneye y\u00fckledi\u011fi \u201cs\u0131n\u0131fsal ihti\u015fam\u201d bakan\u0131n zihninde onu yapanlar\u0131n emeklerini g\u00f6r\u00fcnmez k\u0131lar. \u00d6rne\u011fin bir mezarda bulunan alt\u0131n diademler, tak\u0131lar, pahal\u0131 hediyeler, kap kacaklar \u00f6lenin zenginli\u011fine i\u015faret eder ama o metalleri \u00e7\u0131karmas\u0131 ve i\u015flemesi i\u00e7in maden ocaklar\u0131nda k\u00f6lelerin \u00f6l\u00fcm\u00fcne \u00e7al\u0131\u015ft\u0131r\u0131l\u0131\u015f\u0131, emekleri ve hatta ya\u015famlar\u0131, o g\u00fcn oldu\u011fu gibi bug\u00fcn de \u00f6rtbas edilir. Ne antik\u00e7a\u011f\u0131n iktidar sahibi yazar, sanat\u00e7\u0131 ve d\u00fc\u015f\u00fcn\u00fcrleri ne de g\u00fcn\u00fcm\u00fcz\u00fcn g\u00f6zleri s\u0131n\u0131fla m\u00fch\u00fcrlenmi\u015f modern yazar ve entelekt\u00fcelleri bu s\u00f6m\u00fcr\u00fc d\u00fczenini g\u00f6r\u00fcr. Sarayla mabet aras\u0131nda k\u00fcmelenen imtiyazl\u0131 s\u0131n\u0131flar\u0131n emek s\u00f6m\u00fcr\u00fcs\u00fcne ve t\u00fcketime dayal\u0131 ya\u015famlar\u0131, m\u00fclkleri ve g\u00fc\u00e7leri \u00f6vg\u00fcyle konu edilirken o ya\u015fam\u0131 b\u00fct\u00fcn nesneleriyle birlikte \u00fcreten insanlar, dilde, sanatta, edebiyatta yok edilmi\u015ftir. \u00c7\u00fcnk\u00fc \u201cuygarl\u0131k\u201d ad\u0131 verilen bu yeni d\u00fczende \u201cbirilerinin \u00e7al\u0131\u015fmadan ya\u015famas\u0131 i\u00e7in binlercesinin ya\u015famadan \u00e7al\u0131\u015fmas\u0131\u201d gerekir. B\u00fcy\u00fck tarih anlat\u0131lar\u0131nda yeri olmayan \u00f6tekilerin izini s\u00fcren bu kitap, m\u00fczelerin, an\u0131tlar\u0131n, sanat eserlerinin g\u00f6z al\u0131c\u0131 hik\u00e2yelerinin g\u00f6lgesinde b\u0131rak\u0131lan emek s\u00f6m\u00fcr\u00fcs\u00fcn\u00fcn k\u00f6kenlerini sorguluyor. Ger\u00e7ek \u015fu ki yoksulluk do\u011fal da de\u011fildir kader de; yoksulluk bir uygarl\u0131k icad\u0131d\u0131r. <\/p>\n","protected":false},"excerpt":{"rendered":"<p>Antik\u00e7a\u011f d\u00fcnyas\u0131ndan geriye g\u00f6rkemli yerle\u015fimler, an\u0131tlar, heykeller, ya\u015fam\u0131n izlerini ta\u015f\u0131yan eserler, anlat\u0131lar kald\u0131. Bu kal\u0131nt\u0131lara uygarl\u0131\u011f\u0131n penceresinden bakanlar, mutlu bir toplulu\u011fun zevk i\u00e7indeki ayr\u0131cal\u0131kl\u0131 ya\u015fam kesitlerini<span class=\"excerpt-hellip\"> [\u2026]<\/span><\/p>\n","protected":false},"featured_media":0,"template":"","meta":{"_monsterinsights_skip_tracking":false,"_monsterinsights_sitenote_active":false,"_monsterinsights_sitenote_note":"","_monsterinsights_sitenote_category":0},"product_brand":[],"product_cat":[52477,52478],"product_tag":[],"class_list":{"0":"post-758911","1":"product","2":"type-product","3":"status-publish","5":"product_cat-arastirma","6":"product_cat-arkeoloji","7":"pa_cilt-ciltsiz","8":"pa_tur-kitap","9":"pa_yayinevi-pinhan-yayincilik","10":"pa_yazar-ismail-gezgin","12":"first","13":"instock","14":"sale","15":"shipping-taxable","16":"purchasable","17":"product-type-simple"},"_links":{"self":[{"href":"https:\/\/roveyayinevi.com.tr\/index.php\/wp-json\/wp\/v2\/product\/758911","targetHints":{"allow":["GET"]}}],"collection":[{"href":"https:\/\/roveyayinevi.com.tr\/index.php\/wp-json\/wp\/v2\/product"}],"about":[{"href":"https:\/\/roveyayinevi.com.tr\/index.php\/wp-json\/wp\/v2\/types\/product"}],"wp:attachment":[{"href":"https:\/\/roveyayinevi.com.tr\/index.php\/wp-json\/wp\/v2\/media?parent=758911"}],"wp:term":[{"taxonomy":"product_brand","embeddable":true,"href":"https:\/\/roveyayinevi.com.tr\/index.php\/wp-json\/wp\/v2\/product_brand?post=758911"},{"taxonomy":"product_cat","embeddable":true,"href":"https:\/\/roveyayinevi.com.tr\/index.php\/wp-json\/wp\/v2\/product_cat?post=758911"},{"taxonomy":"product_tag","embeddable":true,"href":"https:\/\/roveyayinevi.com.tr\/index.php\/wp-json\/wp\/v2\/product_tag?post=758911"}],"curies":[{"name":"wp","href":"https:\/\/api.w.org\/{rel}","templated":true}]}}