{"id":758908,"date":"2025-08-28T08:19:05","date_gmt":"2025-08-28T05:19:05","guid":{"rendered":"https:\/\/roveyayinevi.com.tr\/index.php\/urun\/iki-gozum-turkce\/"},"modified":"2026-04-16T03:11:49","modified_gmt":"2026-04-16T00:11:49","slug":"iki-gozum-turkce","status":"publish","type":"product","link":"https:\/\/roveyayinevi.com.tr\/index.php\/urun\/iki-gozum-turkce\/","title":{"rendered":"\u0130ki G\u00f6z\u00fcm T\u00fcrk\u00e7e"},"content":{"rendered":"<p>T\u00fcrk\u00e7e, evde, sokakta, okulda konu\u015fulan h\u00e2liyle, canl\u0131 ve g\u00fc\u00e7l\u00fc edebiyat\u0131yla, her bak\u0131mdan i\u015flenmi\u015fli\u011fiyle bir b\u00fcy\u00fck d\u00fcnya dilidir. Yeni zamanlar\u0131n b\u00fct\u00fcn geli\u015fmelerini anlamaya, anlatmaya, yorumlamaya yeten bir d\u00fcnya dilidir. \u0130lim ve sanat dili h\u00e2line gelmi\u015f, y\u00fcksek k\u00fclt\u00fcr yaratm\u0131\u015f, b\u00fcy\u00fck bir tarihin i\u00e7inde parlayan, b\u00fcy\u00fck bir milletin dilidir. Unutulmamal\u0131d\u0131r ki kimlik bir k\u00fclt\u00fcr i\u015fidir ve dil ekseninde olu\u015fur. Sa\u011flam bir dil edinmeyen nesillerde mill\u00ee kimli\u011fin edinilmesi ve savunulmas\u0131 m\u00fcmk\u00fcn de\u011fildir. Dile dikkatsizlik milletin varl\u0131\u011f\u0131na kay\u0131ts\u0131zl\u0131kt\u0131r. Bu kitab\u0131n anlatmak istedi\u011fi budur. Yeni zamanlar\u0131n tabiriyle \u201cfark\u0131ndal\u0131k\u201d yaratmak mecburiyetinde bulundu\u011fumuz en k\u00f6kl\u00fc meselemizin T\u00fcrk\u00e7e oldu\u011funu d\u00fc\u015f\u00fcnd\u00fcrmektir.       \u201cDil, ek ve k\u00f6kten, kelime ve c\u00fcmle \u00e7\u00f6z\u00fcmlemelerinden ibaret de\u011fildir. Dil hayat\u0131n i\u00e7indedir ve dil \u00fczerinde dururken onun bu taraf\u0131n\u0131 unutmamak gerekir. \u0130\u015fte Ya\u011fmur Tunal\u0131 da bunu yap\u0131yor ve dili, hayat\u0131n i\u00e7inden g\u00f6zl\u00fcyor.   (&#8230;)     Konu\u015fulan T\u00fcrk\u00e7enin ses ak\u0131\u015f\u0131na, musikisine kulak veriyor Tunal\u0131, kula\u011f\u0131n\u0131 t\u0131rmalayan ne varsa ortaya d\u00f6k\u00fcyor. Vurgular, tonlamalar, duraklar veya durmamak gereken yerler onun ilgi alan\u0131ndad\u0131r. Kula\u011f\u0131 bunlar\u0131 hemen kapar ve burada durulmayacak, burada vurgu olmayacak, burada hece uzat\u0131lmayacak, diye sizi uyar\u0131r.\u201d \u2012 Ahmet Bican Ercilasu<\/p>\n","protected":false},"excerpt":{"rendered":"<p>T\u00fcrk\u00e7e, evde, sokakta, okulda konu\u015fulan h\u00e2liyle, canl\u0131 ve g\u00fc\u00e7l\u00fc edebiyat\u0131yla, her bak\u0131mdan i\u015flenmi\u015fli\u011fiyle bir b\u00fcy\u00fck d\u00fcnya dilidir. Yeni zamanlar\u0131n b\u00fct\u00fcn geli\u015fmelerini anlamaya, anlatmaya, yorumlamaya yeten bir<span class=\"excerpt-hellip\"> [\u2026]<\/span><\/p>\n","protected":false},"featured_media":0,"template":"","meta":{"_monsterinsights_skip_tracking":false,"_monsterinsights_sitenote_active":false,"_monsterinsights_sitenote_note":"","_monsterinsights_sitenote_category":0},"product_brand":[],"product_cat":[13072,12291],"product_tag":[],"class_list":{"0":"post-758908","1":"product","2":"type-product","3":"status-publish","5":"product_cat-arastirma-inceleme-referans","6":"product_cat-edebiyat","7":"pa_cilt-ciltsiz","8":"pa_tur-kitap","9":"pa_yayinevi-bilge-kultur-sanat","10":"pa_yazar-a-yagmur-tunali","12":"first","13":"instock","14":"sale","15":"shipping-taxable","16":"purchasable","17":"product-type-simple"},"_links":{"self":[{"href":"https:\/\/roveyayinevi.com.tr\/index.php\/wp-json\/wp\/v2\/product\/758908","targetHints":{"allow":["GET"]}}],"collection":[{"href":"https:\/\/roveyayinevi.com.tr\/index.php\/wp-json\/wp\/v2\/product"}],"about":[{"href":"https:\/\/roveyayinevi.com.tr\/index.php\/wp-json\/wp\/v2\/types\/product"}],"wp:attachment":[{"href":"https:\/\/roveyayinevi.com.tr\/index.php\/wp-json\/wp\/v2\/media?parent=758908"}],"wp:term":[{"taxonomy":"product_brand","embeddable":true,"href":"https:\/\/roveyayinevi.com.tr\/index.php\/wp-json\/wp\/v2\/product_brand?post=758908"},{"taxonomy":"product_cat","embeddable":true,"href":"https:\/\/roveyayinevi.com.tr\/index.php\/wp-json\/wp\/v2\/product_cat?post=758908"},{"taxonomy":"product_tag","embeddable":true,"href":"https:\/\/roveyayinevi.com.tr\/index.php\/wp-json\/wp\/v2\/product_tag?post=758908"}],"curies":[{"name":"wp","href":"https:\/\/api.w.org\/{rel}","templated":true}]}}