{"id":758906,"date":"2025-08-28T08:19:02","date_gmt":"2025-08-28T05:19:02","guid":{"rendered":"https:\/\/roveyayinevi.com.tr\/index.php\/urun\/antranikten-foto-ridvana-mugamyanlardan-gokceatama-ankarada-fotografcilik-ve-posta-kartlari-1890-1960\/"},"modified":"2026-04-16T03:11:49","modified_gmt":"2026-04-16T00:11:49","slug":"antranikten-foto-ridvana-mugamyanlardan-gokceatama-ankarada-fotografcilik-ve-posta-kartlari-1890-1960","status":"publish","type":"product","link":"https:\/\/roveyayinevi.com.tr\/index.php\/urun\/antranikten-foto-ridvana-mugamyanlardan-gokceatama-ankarada-fotografcilik-ve-posta-kartlari-1890-1960\/","title":{"rendered":"Antranik\u2019ten Foto R\u0131dvan\u2019a, Mugamyanlar\u2019dan G\u00f6k\u00e7eatam\u2019a Ankara\u2019da Foto\u011fraf\u00e7\u0131l\u0131k Ve Posta Kartlar\u0131 (1890-1960)"},"content":{"rendered":"<p>Ankara ve Ankaral\u0131lar\u0131n foto\u011frafla tan\u0131\u015f\u0131kl\u0131\u011f\u0131 1860\u2019l\u0131 y\u0131llara dayanmakla birlikte, bu olgunun yo\u011funluk kazand\u0131\u011f\u0131 1890\u2019l\u0131 y\u0131llar ba\u015flang\u0131\u00e7 kabul edilecek olursa, bu \u00e7al\u0131\u015fma Osmanl\u0131 D\u00f6nemi\u2019nin son otuz y\u0131l\u0131n\u0131, Cumhuriyet D\u00f6nemi\u2019nin ilk k\u0131rk y\u0131l\u0131n\u0131 kapsayan yetmi\u015f y\u0131ll\u0131k bir s\u00fcre\u00e7te Ankara foto\u011fraf\u00e7\u0131l\u0131\u011f\u0131n\u0131n ve Ankara posta kartlar\u0131n\u0131n \u00f6yk\u00fcs\u00fcn\u00fc aktarmaktad\u0131r.Kitapta, Ankaral\u0131lar\u0131n foto\u011frafla ili\u015fkisindeki d\u00f6nemsel de\u011fi\u015fimler, her bir d\u00f6nemde \u00f6ne \u00e7\u0131kan foto\u011fraf\u00e7\u0131lar\u0131n ya\u015fam \u00f6yk\u00fcleri, sanat ve meslek anlay\u0131\u015flar\u0131, foto\u011frafhanelerin s\u00fcre\u00e7 i\u00e7indeki say\u0131sal art\u0131\u015f seyri ve semtler itibar\u0131yla da\u011f\u0131l\u0131mlar\u0131 gibi konular ele al\u0131nmaktad\u0131r. Ayr\u0131ca posta kartlar\u0131na ili\u015fkin olarak da foto\u011fraf\u00e7\u0131lar ve edit\u00f6rler hakk\u0131nda bilgiler verilmekte, kart gruplar\u0131 karakteristik \u00f6zellikleriyle tan\u0131mlan\u0131rken bunlardan seri olu\u015fturan belli ba\u015fl\u0131lar\u0131 tasnifli olarak sunulmaktad\u0131r.Kapsam ve i\u00e7eri\u011fiyle konusundaki ilk eser olan bu kitap, konuya ili\u015fkin \u00e7e\u015fitli belgeler, foto\u011fraf arka y\u00fczleri ve b\u00fcy\u00fct\u00fclm\u00fc\u015f ayr\u0131nt\u0131lar gibi g\u00f6rseller hari\u00e7, 400\u2019\u00fc a\u015fk\u0131n say\u0131da siyah-beyaz foto\u011fraf\u0131, 300\u2019\u00fc a\u015fk\u0131n siyah-beyaz posta kart\u0131n\u0131 ve 70\u2019i a\u015fk\u0131n renkli posta kart\u0131n\u0131 i\u00e7ermekte; yeni ara\u015ft\u0131rmalar i\u00e7in ufuk a\u00e7maktad\u0131r.<\/p>\n","protected":false},"excerpt":{"rendered":"<p>Ankara ve Ankaral\u0131lar\u0131n foto\u011frafla tan\u0131\u015f\u0131kl\u0131\u011f\u0131 1860\u2019l\u0131 y\u0131llara dayanmakla birlikte, bu olgunun yo\u011funluk kazand\u0131\u011f\u0131 1890\u2019l\u0131 y\u0131llar ba\u015flang\u0131\u00e7 kabul edilecek olursa, bu \u00e7al\u0131\u015fma Osmanl\u0131 D\u00f6nemi\u2019nin son otuz y\u0131l\u0131n\u0131,<span class=\"excerpt-hellip\"> [\u2026]<\/span><\/p>\n","protected":false},"featured_media":0,"template":"","meta":{"_monsterinsights_skip_tracking":false,"_monsterinsights_sitenote_active":false,"_monsterinsights_sitenote_note":"","_monsterinsights_sitenote_category":0},"product_brand":[],"product_cat":[12370,12304],"product_tag":[],"class_list":{"0":"post-758906","1":"product","2":"type-product","3":"status-publish","5":"product_cat-arastirma-inceleme","6":"product_cat-tarih","7":"pa_cilt-ciltsiz","8":"pa_tur-kitap","9":"pa_yayinevi-vekam-koc-universitesi-vehbi-koc-ankara-arastirmalari-uygulama-ve-arastirma-merkezi","10":"pa_yazar-erman-tamur","12":"first","13":"instock","14":"sale","15":"shipping-taxable","16":"purchasable","17":"product-type-simple"},"_links":{"self":[{"href":"https:\/\/roveyayinevi.com.tr\/index.php\/wp-json\/wp\/v2\/product\/758906","targetHints":{"allow":["GET"]}}],"collection":[{"href":"https:\/\/roveyayinevi.com.tr\/index.php\/wp-json\/wp\/v2\/product"}],"about":[{"href":"https:\/\/roveyayinevi.com.tr\/index.php\/wp-json\/wp\/v2\/types\/product"}],"wp:attachment":[{"href":"https:\/\/roveyayinevi.com.tr\/index.php\/wp-json\/wp\/v2\/media?parent=758906"}],"wp:term":[{"taxonomy":"product_brand","embeddable":true,"href":"https:\/\/roveyayinevi.com.tr\/index.php\/wp-json\/wp\/v2\/product_brand?post=758906"},{"taxonomy":"product_cat","embeddable":true,"href":"https:\/\/roveyayinevi.com.tr\/index.php\/wp-json\/wp\/v2\/product_cat?post=758906"},{"taxonomy":"product_tag","embeddable":true,"href":"https:\/\/roveyayinevi.com.tr\/index.php\/wp-json\/wp\/v2\/product_tag?post=758906"}],"curies":[{"name":"wp","href":"https:\/\/api.w.org\/{rel}","templated":true}]}}