{"id":758904,"date":"2025-08-28T08:18:59","date_gmt":"2025-08-28T05:18:59","guid":{"rendered":"https:\/\/roveyayinevi.com.tr\/index.php\/urun\/evie-ve-hayvanlar\/"},"modified":"2026-04-16T03:11:49","modified_gmt":"2026-04-16T00:11:49","slug":"evie-ve-hayvanlar","status":"publish","type":"product","link":"https:\/\/roveyayinevi.com.tr\/index.php\/urun\/evie-ve-hayvanlar\/","title":{"rendered":"Evie ve Hayvanlar"},"content":{"rendered":"<p>Evie hayvanlarla konu\u015ftu\u011funda hayvanlar Evie\u2019ye yan\u0131t veriyor\u2026   On bir ya\u015f\u0131ndaki Evie\u2019nin \u00e7ok \u00f6zel bir yetene\u011fi var: S\u00fcper bir yetenek.Evie hayvanlar\u0131n d\u00fc\u015f\u00fcncelerini duyabiliyor.Evie bu yetene\u011fini bir s\u0131r olarak saklayaca\u011f\u0131na dair babas\u0131na s\u00f6z verir ama \u015feytani bir evcil hayvan h\u0131rs\u0131z\u0131 \u00e7oktan harekete ge\u00e7mi\u015ftir\u2026   \u201cKesinlikle muhte\u015fem\u201d CBBC \u201c\u0130nan\u0131lmaz\u201d Blue Peter \u201cM\u00fckemmel bir mutluluk paketi\u201d Olivia Colman <\/p>\n","protected":false},"excerpt":{"rendered":"<p>Evie hayvanlarla konu\u015ftu\u011funda hayvanlar Evie\u2019ye yan\u0131t veriyor\u2026 On bir ya\u015f\u0131ndaki Evie\u2019nin \u00e7ok \u00f6zel bir yetene\u011fi var: S\u00fcper bir yetenek.Evie hayvanlar\u0131n d\u00fc\u015f\u00fcncelerini duyabiliyor.Evie bu yetene\u011fini bir s\u0131r<span class=\"excerpt-hellip\"> [\u2026]<\/span><\/p>\n","protected":false},"featured_media":0,"template":"","meta":{"_monsterinsights_skip_tracking":false,"_monsterinsights_sitenote_active":false,"_monsterinsights_sitenote_note":"","_monsterinsights_sitenote_category":0},"product_brand":[],"product_cat":[12275,12274],"product_tag":[],"class_list":{"0":"post-758904","1":"product","2":"type-product","3":"status-publish","5":"product_cat-6-12-yas-kitaplari","6":"product_cat-cocuk-ve-genclik-kitaplari","7":"pa_cilt-ciltsiz","8":"pa_tur-kitap","9":"pa_yayinevi-yapi-kredi-yayinlari","10":"pa_yazar-matt-haig","12":"first","13":"instock","14":"sale","15":"shipping-taxable","16":"purchasable","17":"product-type-simple"},"_links":{"self":[{"href":"https:\/\/roveyayinevi.com.tr\/index.php\/wp-json\/wp\/v2\/product\/758904","targetHints":{"allow":["GET"]}}],"collection":[{"href":"https:\/\/roveyayinevi.com.tr\/index.php\/wp-json\/wp\/v2\/product"}],"about":[{"href":"https:\/\/roveyayinevi.com.tr\/index.php\/wp-json\/wp\/v2\/types\/product"}],"wp:attachment":[{"href":"https:\/\/roveyayinevi.com.tr\/index.php\/wp-json\/wp\/v2\/media?parent=758904"}],"wp:term":[{"taxonomy":"product_brand","embeddable":true,"href":"https:\/\/roveyayinevi.com.tr\/index.php\/wp-json\/wp\/v2\/product_brand?post=758904"},{"taxonomy":"product_cat","embeddable":true,"href":"https:\/\/roveyayinevi.com.tr\/index.php\/wp-json\/wp\/v2\/product_cat?post=758904"},{"taxonomy":"product_tag","embeddable":true,"href":"https:\/\/roveyayinevi.com.tr\/index.php\/wp-json\/wp\/v2\/product_tag?post=758904"}],"curies":[{"name":"wp","href":"https:\/\/api.w.org\/{rel}","templated":true}]}}