{"id":758903,"date":"2025-08-28T08:18:57","date_gmt":"2025-08-28T05:18:57","guid":{"rendered":"https:\/\/roveyayinevi.com.tr\/index.php\/urun\/baris-uzerine-kucuk-bir-kitap\/"},"modified":"2026-04-16T03:11:49","modified_gmt":"2026-04-16T00:11:49","slug":"baris-uzerine-kucuk-bir-kitap","status":"publish","type":"product","link":"https:\/\/roveyayinevi.com.tr\/index.php\/urun\/baris-uzerine-kucuk-bir-kitap\/","title":{"rendered":"Bar\u0131\u015f \u00dczerine K\u00fc\u00e7\u00fck Bir Kitap"},"content":{"rendered":"<p>Bar\u0131\u015f gibi \u00e7ok \u00f6nemli de\u011ferler \u00fczerine \u00f6zel olarak haz\u0131rlanm\u0131\u015f bu k\u00fc\u00e7\u00fck kitab\u0131 elinizden b\u0131rakamayacaks\u0131n\u0131z. Bir g\u00fcn ye\u011fenim Benjamin bana \u201cBar\u0131\u015f ne demek?\u201d diye sordu.Ben de ona d\u00fcnyada farkl\u0131 k\u00fclt\u00fcr ve geleneklere sahip pek \u00e7ok insan\u0131n ya\u015fad\u0131\u011f\u0131n\u0131 ve hi\u00e7bir insan\u0131n bir di\u011ferinden daha \u00fcst\u00fcn olmad\u0131\u011f\u0131n\u0131 anlatt\u0131m. Farkl\u0131 k\u00fclt\u00fcr ve geleneklere sayg\u0131 duyman\u0131n \u00f6nemli oldu\u011funu \u00e7\u00fcnk\u00fc ancak birbirimizi anlay\u0131p ileti\u015fim kurdu\u011fumuzda anla\u015fmazl\u0131klar\u0131 \u00e7\u00f6zebilece\u011fimizi ona a\u00e7\u0131klamaya \u00e7al\u0131\u015ft\u0131m. D\u00fcnya bar\u0131\u015f\u0131n\u0131 koruman\u0131n ilk ad\u0131m\u0131 gezegenimizi payla\u015ft\u0131\u011f\u0131m\u0131z insanlara sayg\u0131 duymakla ba\u015fl\u0131yor. Gelin bu maceraya siz de kat\u0131l\u0131n! <\/p>\n","protected":false},"excerpt":{"rendered":"<p>Bar\u0131\u015f gibi \u00e7ok \u00f6nemli de\u011ferler \u00fczerine \u00f6zel olarak haz\u0131rlanm\u0131\u015f bu k\u00fc\u00e7\u00fck kitab\u0131 elinizden b\u0131rakamayacaks\u0131n\u0131z. Bir g\u00fcn ye\u011fenim Benjamin bana \u201cBar\u0131\u015f ne demek?\u201d diye sordu.Ben de ona<span class=\"excerpt-hellip\"> [\u2026]<\/span><\/p>\n","protected":false},"featured_media":0,"template":"","meta":{"_monsterinsights_skip_tracking":false,"_monsterinsights_sitenote_active":false,"_monsterinsights_sitenote_note":"","_monsterinsights_sitenote_category":0},"product_brand":[],"product_cat":[12274,12284],"product_tag":[],"class_list":{"0":"post-758903","1":"product","2":"type-product","3":"status-publish","5":"product_cat-cocuk-ve-genclik-kitaplari","6":"product_cat-hikayeler","7":"pa_cilt-ciltsiz","8":"pa_tur-kitap","9":"pa_yayinevi-yapi-kredi-yayinlari","10":"pa_yazar-geronimo-stilton","12":"first","13":"instock","14":"sale","15":"shipping-taxable","16":"purchasable","17":"product-type-simple"},"_links":{"self":[{"href":"https:\/\/roveyayinevi.com.tr\/index.php\/wp-json\/wp\/v2\/product\/758903","targetHints":{"allow":["GET"]}}],"collection":[{"href":"https:\/\/roveyayinevi.com.tr\/index.php\/wp-json\/wp\/v2\/product"}],"about":[{"href":"https:\/\/roveyayinevi.com.tr\/index.php\/wp-json\/wp\/v2\/types\/product"}],"wp:attachment":[{"href":"https:\/\/roveyayinevi.com.tr\/index.php\/wp-json\/wp\/v2\/media?parent=758903"}],"wp:term":[{"taxonomy":"product_brand","embeddable":true,"href":"https:\/\/roveyayinevi.com.tr\/index.php\/wp-json\/wp\/v2\/product_brand?post=758903"},{"taxonomy":"product_cat","embeddable":true,"href":"https:\/\/roveyayinevi.com.tr\/index.php\/wp-json\/wp\/v2\/product_cat?post=758903"},{"taxonomy":"product_tag","embeddable":true,"href":"https:\/\/roveyayinevi.com.tr\/index.php\/wp-json\/wp\/v2\/product_tag?post=758903"}],"curies":[{"name":"wp","href":"https:\/\/api.w.org\/{rel}","templated":true}]}}