{"id":758902,"date":"2025-08-28T08:18:56","date_gmt":"2025-08-28T05:18:56","guid":{"rendered":"https:\/\/roveyayinevi.com.tr\/index.php\/urun\/baslangictan-bugune-turk-halklari-ve-alt-boylari\/"},"modified":"2025-11-21T10:11:44","modified_gmt":"2025-11-21T07:11:44","slug":"baslangictan-bugune-turk-halklari-ve-alt-boylari","status":"publish","type":"product","link":"https:\/\/roveyayinevi.com.tr\/index.php\/urun\/baslangictan-bugune-turk-halklari-ve-alt-boylari\/","title":{"rendered":"Ba\u015flang\u0131\u00e7tan Bug\u00fcne T\u00fcrk Halklar\u0131 ve Alt Boylar\u0131"},"content":{"rendered":"<p>Bu eser T\u00fcrk tarihinde bo\u015f kalan ve bilinmeyen olgular\u0131 ortaya \u00e7\u0131karm\u0131\u015ft\u0131r. Bilinmez fakat var olan olgular yine de tez \u00f6l\u00e7\u00fcs\u00fcnde ortaya konmu\u015f ve konular tarih\u00e7ilerimizin ara\u015ft\u0131rmas\u0131na sunulmu\u015ftur. Bu kitap normalde bir kaynak eser \u00f6zelli\u011fi ta\u015f\u0131maktad\u0131r.   Bu kitap etnik temelli haz\u0131rlanm\u0131\u015f olmakla birlikte, ayn\u0131 zamanda t\u00fcm T\u00fcrk tarihini anlatmaktad\u0131r \u00e7\u00fcnk\u00fc T\u00fcrk halklar\u0131n\u0131n tarihi ak\u0131beti, T\u00fcrk devletlerinin siyasi hareketleriyle ba\u011flant\u0131l\u0131 olarak gelmi\u015ftir.   Bu kitapta Orta Asya\u2019n\u0131n ve kom\u015fu co\u011frafyalar\u0131n T\u00fcrk olsun veya olmas\u0131n onlarca etnik halk\u0131n\u0131 inceleme imk\u00e2n\u0131 bulacaks\u0131n\u0131z. Haritalar da haz\u0131rlanm\u0131\u015f ve anlat\u0131lanlar\u0131n daha iyi anla\u015f\u0131lmas\u0131 i\u00e7in esere konmu\u015ftur.<\/p>\n","protected":false},"excerpt":{"rendered":"<p>Bu eser T\u00fcrk tarihinde bo\u015f kalan ve bilinmeyen olgular\u0131 ortaya \u00e7\u0131karm\u0131\u015ft\u0131r. Bilinmez fakat var olan olgular yine de tez \u00f6l\u00e7\u00fcs\u00fcnde ortaya konmu\u015f ve konular tarih\u00e7ilerimizin ara\u015ft\u0131rmas\u0131na<span class=\"excerpt-hellip\"> [\u2026]<\/span><\/p>\n","protected":false},"featured_media":0,"template":"","meta":{"_monsterinsights_skip_tracking":false,"_monsterinsights_sitenote_active":false,"_monsterinsights_sitenote_note":"","_monsterinsights_sitenote_category":0},"product_brand":[],"product_cat":[12304],"product_tag":[],"class_list":{"0":"post-758902","1":"product","2":"type-product","3":"status-publish","5":"product_cat-tarih","6":"pa_cilt-ciltsiz","7":"pa_tur-kitap","8":"pa_yayinevi-luna-yayinlari","9":"pa_yazar-tugrul-korurek","11":"first","12":"instock","13":"sale","14":"shipping-taxable","15":"purchasable","16":"product-type-simple"},"_links":{"self":[{"href":"https:\/\/roveyayinevi.com.tr\/index.php\/wp-json\/wp\/v2\/product\/758902","targetHints":{"allow":["GET"]}}],"collection":[{"href":"https:\/\/roveyayinevi.com.tr\/index.php\/wp-json\/wp\/v2\/product"}],"about":[{"href":"https:\/\/roveyayinevi.com.tr\/index.php\/wp-json\/wp\/v2\/types\/product"}],"wp:attachment":[{"href":"https:\/\/roveyayinevi.com.tr\/index.php\/wp-json\/wp\/v2\/media?parent=758902"}],"wp:term":[{"taxonomy":"product_brand","embeddable":true,"href":"https:\/\/roveyayinevi.com.tr\/index.php\/wp-json\/wp\/v2\/product_brand?post=758902"},{"taxonomy":"product_cat","embeddable":true,"href":"https:\/\/roveyayinevi.com.tr\/index.php\/wp-json\/wp\/v2\/product_cat?post=758902"},{"taxonomy":"product_tag","embeddable":true,"href":"https:\/\/roveyayinevi.com.tr\/index.php\/wp-json\/wp\/v2\/product_tag?post=758902"}],"curies":[{"name":"wp","href":"https:\/\/api.w.org\/{rel}","templated":true}]}}