{"id":758901,"date":"2025-08-28T08:18:54","date_gmt":"2025-08-28T05:18:54","guid":{"rendered":"https:\/\/roveyayinevi.com.tr\/index.php\/urun\/o-siirsi-oykuler\/"},"modified":"2026-04-16T03:11:49","modified_gmt":"2026-04-16T00:11:49","slug":"o-siirsi-oykuler","status":"publish","type":"product","link":"https:\/\/roveyayinevi.com.tr\/index.php\/urun\/o-siirsi-oykuler\/","title":{"rendered":"O! \u015eiirsi \u00d6yk\u00fcler"},"content":{"rendered":"<p>Yay\u0131ld\u0131 zamana demet demet toplan\u0131p sesinin \u00e7i\u00e7ekleri. Sesinin \u00e7i\u00e7eklerini kuruttum koydum kitap aralar\u0131na. Ne de g\u00fczel kokard\u0131 raflar\u0131m her kitap aralan\u0131\u015f\u0131nda tazelenirdim.   \u201cVarl\u0131\u011f\u0131n\u0131n varl\u0131\u011f\u0131m\u0131n kan\u0131t\u0131yd\u0131 bu.\u201d   \u201cKitap kapaklar\u0131na d\u00fc\u015f\u00fclen k\u0131sa ve \u00f6z notlar vard\u0131r. D\u00fc\u015ft\u00fcm kalbimin a\u011f\u0131r \u00e7ekimini.\u201d K\u0131sa ve \u00f6z hayat\u0131m\u0131n \u00f6zeti tek hece: \u201cO!\u201d<\/p>\n","protected":false},"excerpt":{"rendered":"<p>Yay\u0131ld\u0131 zamana demet demet toplan\u0131p sesinin \u00e7i\u00e7ekleri. Sesinin \u00e7i\u00e7eklerini kuruttum koydum kitap aralar\u0131na. Ne de g\u00fczel kokard\u0131 raflar\u0131m her kitap aralan\u0131\u015f\u0131nda tazelenirdim. \u201cVarl\u0131\u011f\u0131n\u0131n varl\u0131\u011f\u0131m\u0131n kan\u0131t\u0131yd\u0131 bu.\u201d<span class=\"excerpt-hellip\"> [\u2026]<\/span><\/p>\n","protected":false},"featured_media":0,"template":"","meta":{"_monsterinsights_skip_tracking":false,"_monsterinsights_sitenote_active":false,"_monsterinsights_sitenote_note":"","_monsterinsights_sitenote_category":0},"product_brand":[],"product_cat":[12291,12509],"product_tag":[],"class_list":{"0":"post-758901","1":"product","2":"type-product","3":"status-publish","5":"product_cat-edebiyat","6":"product_cat-siir","7":"pa_cilt-ciltsiz","8":"pa_tur-kitap","9":"pa_yayinevi-luna-yayinlari","10":"pa_yazar-ikra-yukseler","12":"first","13":"instock","14":"sale","15":"shipping-taxable","16":"purchasable","17":"product-type-simple"},"_links":{"self":[{"href":"https:\/\/roveyayinevi.com.tr\/index.php\/wp-json\/wp\/v2\/product\/758901","targetHints":{"allow":["GET"]}}],"collection":[{"href":"https:\/\/roveyayinevi.com.tr\/index.php\/wp-json\/wp\/v2\/product"}],"about":[{"href":"https:\/\/roveyayinevi.com.tr\/index.php\/wp-json\/wp\/v2\/types\/product"}],"wp:attachment":[{"href":"https:\/\/roveyayinevi.com.tr\/index.php\/wp-json\/wp\/v2\/media?parent=758901"}],"wp:term":[{"taxonomy":"product_brand","embeddable":true,"href":"https:\/\/roveyayinevi.com.tr\/index.php\/wp-json\/wp\/v2\/product_brand?post=758901"},{"taxonomy":"product_cat","embeddable":true,"href":"https:\/\/roveyayinevi.com.tr\/index.php\/wp-json\/wp\/v2\/product_cat?post=758901"},{"taxonomy":"product_tag","embeddable":true,"href":"https:\/\/roveyayinevi.com.tr\/index.php\/wp-json\/wp\/v2\/product_tag?post=758901"}],"curies":[{"name":"wp","href":"https:\/\/api.w.org\/{rel}","templated":true}]}}