{"id":758900,"date":"2025-08-28T08:18:52","date_gmt":"2025-08-28T05:18:52","guid":{"rendered":"https:\/\/roveyayinevi.com.tr\/index.php\/urun\/maviden-sonrasi-sensin\/"},"modified":"2026-04-16T03:11:49","modified_gmt":"2026-04-16T00:11:49","slug":"maviden-sonrasi-sensin","status":"publish","type":"product","link":"https:\/\/roveyayinevi.com.tr\/index.php\/urun\/maviden-sonrasi-sensin\/","title":{"rendered":"Maviden Sonras\u0131 Sensin"},"content":{"rendered":"<p>Hanc\u0131, \u0130\u00e7imde bir sanc\u0131 Sen sor, ben anlatay\u0131m Bu eski bir ac\u0131\u2026 Bilir misin \u00e7\u00f6ldeki ya\u011fmur damlas\u0131n\u0131n hik\u00e2yesini? \u00c7\u00f6lde kendine deli gibi \u00e2\u015f\u0131k g\u00fcne\u015fin S\u0131cakl\u0131\u011f\u0131nda, kavrulsa da kum. Hayat\u0131, bir damla suya hasret bir h\u00e2lde ge\u00e7ti. Bunu bilse de g\u00fcne\u015f, hi\u00e7 k\u00fcsmedi Ama ya\u011fmur da hi\u00e7 ya\u011fmad\u0131 Olan, kuma oldu Kavrulsa da s\u0131caktan, hep \u00fc\u015f\u00fcd\u00fc\u2026 Hanc\u0131, Nerede o yanc\u0131? A\u015fka yabanc\u0131 \u0130nanc\u0131 olan gitsin, Gelsin kemanc\u0131\u2026<\/p>\n","protected":false},"excerpt":{"rendered":"<p>Hanc\u0131, \u0130\u00e7imde bir sanc\u0131 Sen sor, ben anlatay\u0131m Bu eski bir ac\u0131\u2026 Bilir misin \u00e7\u00f6ldeki ya\u011fmur damlas\u0131n\u0131n hik\u00e2yesini? \u00c7\u00f6lde kendine deli gibi \u00e2\u015f\u0131k g\u00fcne\u015fin S\u0131cakl\u0131\u011f\u0131nda, kavrulsa<span class=\"excerpt-hellip\"> [\u2026]<\/span><\/p>\n","protected":false},"featured_media":0,"template":"","meta":{"_monsterinsights_skip_tracking":false,"_monsterinsights_sitenote_active":false,"_monsterinsights_sitenote_note":"","_monsterinsights_sitenote_category":0},"product_brand":[],"product_cat":[12291,12509],"product_tag":[],"class_list":{"0":"post-758900","1":"product","2":"type-product","3":"status-publish","5":"product_cat-edebiyat","6":"product_cat-siir","7":"pa_cilt-ciltsiz","8":"pa_tur-kitap","9":"pa_yayinevi-luna-yayinlari","10":"pa_yazar-furkan-kara","12":"first","13":"instock","14":"sale","15":"shipping-taxable","16":"purchasable","17":"product-type-simple"},"_links":{"self":[{"href":"https:\/\/roveyayinevi.com.tr\/index.php\/wp-json\/wp\/v2\/product\/758900","targetHints":{"allow":["GET"]}}],"collection":[{"href":"https:\/\/roveyayinevi.com.tr\/index.php\/wp-json\/wp\/v2\/product"}],"about":[{"href":"https:\/\/roveyayinevi.com.tr\/index.php\/wp-json\/wp\/v2\/types\/product"}],"wp:attachment":[{"href":"https:\/\/roveyayinevi.com.tr\/index.php\/wp-json\/wp\/v2\/media?parent=758900"}],"wp:term":[{"taxonomy":"product_brand","embeddable":true,"href":"https:\/\/roveyayinevi.com.tr\/index.php\/wp-json\/wp\/v2\/product_brand?post=758900"},{"taxonomy":"product_cat","embeddable":true,"href":"https:\/\/roveyayinevi.com.tr\/index.php\/wp-json\/wp\/v2\/product_cat?post=758900"},{"taxonomy":"product_tag","embeddable":true,"href":"https:\/\/roveyayinevi.com.tr\/index.php\/wp-json\/wp\/v2\/product_tag?post=758900"}],"curies":[{"name":"wp","href":"https:\/\/api.w.org\/{rel}","templated":true}]}}