{"id":758896,"date":"2025-08-28T08:18:45","date_gmt":"2025-08-28T05:18:45","guid":{"rendered":"https:\/\/roveyayinevi.com.tr\/index.php\/urun\/alti-saat-on-bes-dakikada-felsefe-dersleri\/"},"modified":"2026-04-16T03:11:49","modified_gmt":"2026-04-16T00:11:49","slug":"alti-saat-on-bes-dakikada-felsefe-dersleri","status":"publish","type":"product","link":"https:\/\/roveyayinevi.com.tr\/index.php\/urun\/alti-saat-on-bes-dakikada-felsefe-dersleri\/","title":{"rendered":"Alt\u0131 Saat On Be\u015f Dakikada Felsefe Dersleri"},"content":{"rendered":"<p>Alt\u0131 Saat On Be\u015f Dakikada Felsefe Dersleri Leh edebiyat\u0131n\u0131n ayk\u0131r\u0131 ismi Witold Gombrowicz\u2019in felsefeye kar\u015f\u0131 duydu\u011fu traji-komik a\u015fk\u0131n bir eseri. Ferdydurke, Trans-Atlantik ve Pornografi gibi unutulmaz kitaplar\u0131n yazar\u0131 Gombrowicz, Kant\u2019tan Hegel\u2019e, Schopenhauer\u2019dan Kierkegaard\u2019a, Sartre\u2019dan Heidegger ve Marx\u2019a, varolu\u015f\u00e7uluktan Marksizme var\u0131ncaya dek felsefe tarihine ili\u015fkin de\u011finilerde bulunuyor ve bu d\u00fc\u015f\u00fcnce sistemlerinin ana hatlar\u0131n\u0131, ka\u00e7\u0131\u015f \u00e7izgilerini belirliyor.   \u201cEkim 1966\u2019da, G\u00fcnl\u00fck\u2019\u00fcn sa\u011fl\u0131\u011f\u0131nda yay\u0131mlanm\u0131\u015f son sayfalar\u0131ndan birinde, Gombrowicz \u00e7ok alayc\u0131 ve ac\u0131 bir ifadeyle, Yap\u0131salc\u0131l\u0131kla ilgili dersini haz\u0131rlarken \u00f6l\u00fcm araya girmese, b\u00fcy\u00fck olas\u0131l\u0131kla Felsefe Dersleri\u2019nin sonunu olu\u015fturacak s\u00f6zleri dile getirir: \u2018B\u00fct\u00fcn Bat\u0131 episteme\u2019sine h\u00e2kim olan, zaman\u0131m\u0131z\u0131n en temel sorununu form\u00fcle etmem gerek [\u2026] ak\u0131lland\u0131k\u00e7a aptalla\u015fmak.\u2019\u201d Francesco M. Cataluccio <\/p>\n","protected":false},"excerpt":{"rendered":"<p>Alt\u0131 Saat On Be\u015f Dakikada Felsefe Dersleri Leh edebiyat\u0131n\u0131n ayk\u0131r\u0131 ismi Witold Gombrowicz\u2019in felsefeye kar\u015f\u0131 duydu\u011fu traji-komik a\u015fk\u0131n bir eseri. Ferdydurke, Trans-Atlantik ve Pornografi gibi unutulmaz<span class=\"excerpt-hellip\"> [\u2026]<\/span><\/p>\n","protected":false},"featured_media":0,"template":"","meta":{"_monsterinsights_skip_tracking":false,"_monsterinsights_sitenote_active":false,"_monsterinsights_sitenote_note":"","_monsterinsights_sitenote_category":0},"product_brand":[],"product_cat":[12388,13555],"product_tag":[],"class_list":{"0":"post-758896","1":"product","2":"type-product","3":"status-publish","5":"product_cat-felsefe","6":"product_cat-genel-felsefe","7":"pa_cilt-ciltsiz","8":"pa_tur-kitap","9":"pa_yayinevi-yapi-kredi-yayinlari","10":"pa_yazar-witold-gombrowicz","12":"first","13":"instock","14":"sale","15":"shipping-taxable","16":"purchasable","17":"product-type-simple"},"_links":{"self":[{"href":"https:\/\/roveyayinevi.com.tr\/index.php\/wp-json\/wp\/v2\/product\/758896","targetHints":{"allow":["GET"]}}],"collection":[{"href":"https:\/\/roveyayinevi.com.tr\/index.php\/wp-json\/wp\/v2\/product"}],"about":[{"href":"https:\/\/roveyayinevi.com.tr\/index.php\/wp-json\/wp\/v2\/types\/product"}],"wp:attachment":[{"href":"https:\/\/roveyayinevi.com.tr\/index.php\/wp-json\/wp\/v2\/media?parent=758896"}],"wp:term":[{"taxonomy":"product_brand","embeddable":true,"href":"https:\/\/roveyayinevi.com.tr\/index.php\/wp-json\/wp\/v2\/product_brand?post=758896"},{"taxonomy":"product_cat","embeddable":true,"href":"https:\/\/roveyayinevi.com.tr\/index.php\/wp-json\/wp\/v2\/product_cat?post=758896"},{"taxonomy":"product_tag","embeddable":true,"href":"https:\/\/roveyayinevi.com.tr\/index.php\/wp-json\/wp\/v2\/product_tag?post=758896"}],"curies":[{"name":"wp","href":"https:\/\/api.w.org\/{rel}","templated":true}]}}