{"id":758892,"date":"2025-08-28T08:18:39","date_gmt":"2025-08-28T05:18:39","guid":{"rendered":"https:\/\/roveyayinevi.com.tr\/index.php\/urun\/kupa-kralicesi\/"},"modified":"2026-04-16T03:11:49","modified_gmt":"2026-04-16T00:11:49","slug":"kupa-kralicesi","status":"publish","type":"product","link":"https:\/\/roveyayinevi.com.tr\/index.php\/urun\/kupa-kralicesi\/","title":{"rendered":"Kupa Krali\u00e7esi"},"content":{"rendered":"<p>1939 y\u0131l\u0131. Paris Konservatuar\u0131\u2019nda \u00f6\u011frenci olan Jun, \u00c7in-Japon Sava\u015f\u0131 patlak verince Japonya\u2019ya d\u00f6nmek zorunda kal\u0131r. Sadece Fransa\u2019y\u0131 de\u011fil, \u201cKupa Krali\u00e7esi\u201d dedi\u011fi b\u00fcy\u00fck a\u015fk\u0131 Anna\u2019y\u0131 da ard\u0131nda b\u0131rak\u0131r. Sava\u015f\u0131n sonu\u00e7lar\u0131 her ikisi i\u00e7in korkun\u00e7 bir y\u0131k\u0131m olacakt\u0131r.   Y\u0131llar sonra, Paris\u2019te ya\u015fayan gen\u00e7 viyola sanat\u00e7\u0131s\u0131 Mizun\u00e9, hi\u00e7 g\u00f6rmedi\u011fi b\u00fcy\u00fck ebeveynleri Jun ile Anna\u2019n\u0131n ya\u015fad\u0131klar\u0131n\u0131 hat\u0131rlatan bir roman ke\u015ffeder. Bu romanda anlat\u0131lanlar onu sava\u015f\u0131n ve insanlar\u0131n ac\u0131mas\u0131zl\u0131\u011f\u0131 kar\u015f\u0131s\u0131nda m\u00fczi\u011fin iyile\u015ftirici g\u00fcc\u00fcne do\u011fru gizemli bir yolculu\u011fa s\u00fcr\u00fckler.   Akira Mizubayashi Kupa Krali\u00e7esi\u2019nde 20. y\u00fczy\u0131l Japon tarihinin karanl\u0131k bir d\u00f6nemini klasik m\u00fczi\u011fin ini\u015fli \u00e7\u0131k\u0131\u015fl\u0131 notalar\u0131 e\u015fli\u011finde resmediyor. <\/p>\n","protected":false},"excerpt":{"rendered":"<p>1939 y\u0131l\u0131. Paris Konservatuar\u0131\u2019nda \u00f6\u011frenci olan Jun, \u00c7in-Japon Sava\u015f\u0131 patlak verince Japonya\u2019ya d\u00f6nmek zorunda kal\u0131r. Sadece Fransa\u2019y\u0131 de\u011fil, \u201cKupa Krali\u00e7esi\u201d dedi\u011fi b\u00fcy\u00fck a\u015fk\u0131 Anna\u2019y\u0131 da ard\u0131nda<span class=\"excerpt-hellip\"> [\u2026]<\/span><\/p>\n","protected":false},"featured_media":0,"template":"","meta":{"_monsterinsights_skip_tracking":false,"_monsterinsights_sitenote_active":false,"_monsterinsights_sitenote_note":"","_monsterinsights_sitenote_category":0},"product_brand":[],"product_cat":[12291,12711],"product_tag":[],"class_list":{"0":"post-758892","1":"product","2":"type-product","3":"status-publish","5":"product_cat-edebiyat","6":"product_cat-roman-oyku","7":"pa_cilt-ciltsiz","8":"pa_tur-kitap","9":"pa_yayinevi-yapi-kredi-yayinlari","10":"pa_yazar-akira-mizubayashi","12":"first","13":"instock","14":"sale","15":"shipping-taxable","16":"purchasable","17":"product-type-simple"},"_links":{"self":[{"href":"https:\/\/roveyayinevi.com.tr\/index.php\/wp-json\/wp\/v2\/product\/758892","targetHints":{"allow":["GET"]}}],"collection":[{"href":"https:\/\/roveyayinevi.com.tr\/index.php\/wp-json\/wp\/v2\/product"}],"about":[{"href":"https:\/\/roveyayinevi.com.tr\/index.php\/wp-json\/wp\/v2\/types\/product"}],"wp:attachment":[{"href":"https:\/\/roveyayinevi.com.tr\/index.php\/wp-json\/wp\/v2\/media?parent=758892"}],"wp:term":[{"taxonomy":"product_brand","embeddable":true,"href":"https:\/\/roveyayinevi.com.tr\/index.php\/wp-json\/wp\/v2\/product_brand?post=758892"},{"taxonomy":"product_cat","embeddable":true,"href":"https:\/\/roveyayinevi.com.tr\/index.php\/wp-json\/wp\/v2\/product_cat?post=758892"},{"taxonomy":"product_tag","embeddable":true,"href":"https:\/\/roveyayinevi.com.tr\/index.php\/wp-json\/wp\/v2\/product_tag?post=758892"}],"curies":[{"name":"wp","href":"https:\/\/api.w.org\/{rel}","templated":true}]}}